{"id":635,"date":"2017-01-24T10:03:15","date_gmt":"2017-01-24T09:03:15","guid":{"rendered":"https:\/\/www.vonkampenconsult.com\/more-01\/"},"modified":"2019-03-20T22:24:38","modified_gmt":"2019-03-20T21:24:38","slug":"more-01","status":"publish","type":"page","link":"https:\/\/www.vonkampenconsult.com\/es\/more-01\/","title":{"rendered":"La firma"},"content":{"rendered":"<p>[et_pb_section bb_built=\u00bb1&#8243; fullwidth=\u00bbon\u00bb specialty=\u00bboff\u00bb _builder_version=\u00bb3.13.1&#8243; background_color=\u00bb#288915&#8243; custom_padding=\u00bb2px|||\u00bb module_id=\u00bbstroke-mobil\u00bb disabled=\u00bboff\u00bb disabled_on=\u00bboff|off|on\u00bb next_background_color=\u00bb#000000&#8243; global_module=\u00bb1667&#8243;][\/et_pb_section][et_pb_section bb_built=\u00bb1&#8243; fullwidth=\u00bbon\u00bb specialty=\u00bboff\u00bb next_background_color=\u00bb#45525a\u00bb _builder_version=\u00bb3.13.1&#8243; background_color=\u00bb#288915&#8243; custom_padding=\u00bb2px||0px|\u00bb module_id=\u00bbsticky\u00bb disabled=\u00bboff\u00bb disabled_on=\u00bbon|on|\u00bb prev_background_color=\u00bb#000000&#8243; global_module=\u00bb1666&#8243;][\/et_pb_section][et_pb_section bb_built=\u00bb1&#8243; admin_label=\u00bbsection\u00bb custom_padding_last_edited=\u00bbon|phone\u00bb _builder_version=\u00bb3.13.1&#8243; background_color=\u00bb#45525a\u00bb custom_padding=\u00bb50px||450px|\u00bb custom_padding_phone=\u00bb50px||0px|\u00bb prev_background_color=\u00bb#288915&#8243;][et_pb_row custom_padding=\u00bb0|0px|0|0px|false|false\u00bb _builder_version=\u00bb3.13.1&#8243; background_size=\u00bbinitial\u00bb background_position=\u00bbtop_left\u00bb background_repeat=\u00bbrepeat\u00bb custom_margin_phone=\u00bb||-45%|\u00bb custom_margin_last_edited=\u00bbon|phone\u00bb][et_pb_column type=\u00bb1_4&#8243;][et_pb_button button_url=\u00bbhttps:\/\/www.vonkampenconsult.com\/es\/\u00bb button_text=\u00bbAtr\u00e1s\u00bb button_alignment=\u00bbleft\u00bb _builder_version=\u00bb3.13.1&#8243; background_layout=\u00bbdark\u00bb]<br \/>\n[\/et_pb_button][\/et_pb_column][et_pb_column type=\u00bb1_4&#8243;][\/et_pb_column][et_pb_column type=\u00bb1_4&#8243;][\/et_pb_column][et_pb_column type=\u00bb1_4&#8243;][\/et_pb_column][\/et_pb_row][et_pb_row admin_label=\u00bbrow\u00bb _builder_version=\u00bb3.0.47&#8243; background_size=\u00bbinitial\u00bb background_position=\u00bbtop_left\u00bb background_repeat=\u00bbrepeat\u00bb][et_pb_column type=\u00bb4_4&#8243;][et_pb_text _builder_version=\u00bb3.13.1&#8243; text_font=\u00bb||||||||\u00bb text_font_size=\u00bb50&#8243; text_font_size_phone=\u00bb30px\u00bb text_font_size_last_edited=\u00bbon|phone\u00bb background_size=\u00bbinitial\u00bb background_position=\u00bbtop_left\u00bb background_repeat=\u00bbrepeat\u00bb background_layout=\u00bbdark\u00bb custom_padding=\u00bb||50px|\u00bb use_border_color=\u00bboff\u00bb]<\/p>\n<p><strong>vonKampenConsult<\/strong><\/p>\n<p>[\/et_pb_text][et_pb_text _builder_version=\u00bb3.13.1&#8243; text_font=\u00bb|700|||||||\u00bb text_font_size=\u00bb30px\u00bb text_line_height=\u00bb1em\u00bb background_size=\u00bbinitial\u00bb background_position=\u00bbtop_left\u00bb background_repeat=\u00bbrepeat\u00bb background_layout=\u00bbdark\u00bb custom_padding=\u00bb|||\u00bb use_border_color=\u00bboff\u00bb border_color=\u00bb#ffffff\u00bb border_style=\u00bbsolid\u00bb text_font_size_last_edited=\u00bbon|phone\u00bb text_font_size_phone=\u00bb25px\u00bb]<\/p>\n<p><strong>Optimizamos su gesti\u00f3n de riesgos y facilitamos la evaluaci\u00f3n de la sostenibilidad<\/strong><\/p>\n<p>[\/et_pb_text][et_pb_text _builder_version=\u00bb3.0.87&#8243; text_font=\u00bb|on|||\u00bb text_font_size=\u00bb22px\u00bb text_line_height=\u00bb1.3em\u00bb background_size=\u00bbinitial\u00bb background_position=\u00bbtop_left\u00bb background_repeat=\u00bbrepeat\u00bb background_layout=\u00bbdark\u00bb custom_padding=\u00bb|||\u00bb use_border_color=\u00bboff\u00bb border_color=\u00bb#ffffff\u00bb border_style=\u00bbsolid\u00bb]<\/p>\n<p><strong>Durante los \u00faltimos a\u00f1os, vonKampenConsult se ha adentrado\u00a0<\/strong><strong>constantemente en territorios desconocidos y ha creado innovaciones que\u00a0<\/strong><strong>marcan nuevos puntos de referencia. La forma de trabajo y el contenido de\u00a0<\/strong><strong>nuestra empresa de ingenier\u00eda se caracterizan por la cercan\u00eda a la\u00a0<\/strong><strong>investigaci\u00f3n. As\u00ed es como extraemos todo el potencial posible para\u00a0<\/strong><strong>innovaciones.<\/strong><\/p>\n<p>[\/et_pb_text][et_pb_text _builder_version=\u00bb3.0.87&#8243; text_font_size=\u00bb18&#8243; background_size=\u00bbinitial\u00bb background_position=\u00bbtop_left\u00bb background_repeat=\u00bbrepeat\u00bb background_layout=\u00bbdark\u00bb custom_padding=\u00bb||10px|\u00bb use_border_color=\u00bboff\u00bb border_color=\u00bb#ffffff\u00bb border_style=\u00bbsolid\u00bb]<\/p>\n<p><strong>Ing. Agr. Detlef von Kampen: fundador y gerente propietario<\/strong><\/p>\n<p>clara direcci\u00f3n vinculada a su historia personal: tras concluir su formaci\u00f3n agr\u00edcola, asisti\u00f3 a la escuela de Ciencias Econ\u00f3micas. Una vez colegiado en Econom\u00eda, von Kampen estudi\u00f3 Econom\u00eda Agr\u00edcola en la Escuela T\u00e9cnica Superior de Kiel, la Universidad de Gales y la Universidad de Kassel. Algunos de sus primeros empleos relacionados con el aseguramiento de la calidad y la sostenibilidad fueron para la industria del az\u00facar y una organizaci\u00f3n agr\u00edcola en el sudeste asi\u00e1tico. Su participaci\u00f3n durante dos a\u00f1os en un proyecto de investigaci\u00f3n para la producci\u00f3n sostenible de materias primas en la C\u00e1mara Agraria de Schleswig-Holstein sent\u00f3 las bases de su trabajo actual en el campo de la sostenibilidad. La b\u00fasqueda de la innovaci\u00f3n, agudizada en una agencia de comunicaci\u00f3n de G\u00f6ttingen y en unestudio de producci\u00f3n cinematogr\u00e1fica, caracteriza hoy tanto su metodolog\u00eda como su estilo de asesoramiento.<\/p>\n<p>En el sector agr\u00edcola, Detlef von Kampen asumi\u00f3 la labor de coordinar el desarrollo de las normas ISO 9001, GMP+ International y QS. Aqu\u00ed, el responsable de calidad tendr\u00eda la ocasi\u00f3n de combinar sus conocimientos t\u00e9cnicos con la experiencia sobre econom\u00eda empresarial, desarrollo de productos y marketing\/distribuci\u00f3n adquirida durante sus actividades previas para la marca \u00abBeckers Bester\u00bb y como jefe de proyecto en la agencia de comunicaci\u00f3n. Tras obtener nuevas cualificaciones en el campo del aseguramiento de la calidad y la sostenibilidad, incluyendo el certificado de auditor EOQ, inspecciona y asesora desde hace a\u00f1os a empresas de producci\u00f3n y procesamiento, especialistas en log\u00edstica y establecimientos comerciales. Como auditor, Detlef von Kampen trabaja por encargo de entidades de certificaci\u00f3n internacionales como SGS Germany entre otras.<\/p>\n<p><strong>Trabajos relacionados con la investigaci\u00f3n<\/strong><br \/>\nEl contacto con la investigaci\u00f3n marca la forma de trabajo y la orientaci\u00f3n de nuestra empresa de ingenier\u00eda. Esto nos permite extraer el m\u00e1ximo potencial innovador. Desde 2011, la cooperaci\u00f3n cient\u00edfica define importantes aspectos de la gesti\u00f3n de los proyectos. Por ejemplo, en un trabajo conjunto con el Instituto de Aguas Residuales y Protecci\u00f3n de Aguas de la Universidad T\u00e9cnica Hamburg-Harburg, vonKampenConsult investiga soluciones para la gesti\u00f3n sostenible de tierras de cultivo para la producci\u00f3n de alimentos. Tanto las soluciones de software de nuestra empresa hermana, el socio | la socia, cuya operatividad se ve constantemente puesta a prueba en la pr\u00e1ctica, as\u00ed como nuestra alta competencia cient\u00edfica y la colaboraci\u00f3n con socios procedentes del \u00e1mbito de la investigaci\u00f3n benefician a nuestros clientes. En nuestro trabajo, mantenemos siempre el objetivo de poder medir la sostenibilidad y obtener indicadores de sostenibilidad para la ciencia y la industria.<\/p>\n<p><strong>Soluciones innovadoras<\/strong><br \/>\nEn cuanto a la aplicaci\u00f3n de criterios de sostenibilidad evaluables, durante los \u00faltimos a\u00f1os, en vonKampenConsult hemos abierto constantemente camino y\u00a0presentado innovaciones que sientan nuevas bases. Desde 2006 dise\u00f1amos soluciones de software empleadas por inform\u00e1ticos profesionales y desarrolladores\u00a0de aplicaciones. Estas aplicaciones optimizan la gesti\u00f3n de calidad y de riesgos empresarial y pueden utilizarse para la detecci\u00f3n en tiempo real o como sistemas de alerta r\u00e1pida en cuestiones relacionadas con la responsabilidad corporativa.<\/p>\n<p>[\/et_pb_text][\/et_pb_column][\/et_pb_row][\/et_pb_section]<\/p>\n","protected":false},"excerpt":{"rendered":"<p>vonKampenConsult Optimizamos su gesti\u00f3n de riesgos y facilitamos la evaluaci\u00f3n de la sostenibilidad Durante los \u00faltimos a\u00f1os, vonKampenConsult se ha adentrado\u00a0constantemente en territorios desconocidos y ha creado innovaciones que\u00a0marcan nuevos puntos de referencia. La forma de trabajo y el contenido de\u00a0nuestra empresa de ingenier\u00eda se caracterizan por la cercan\u00eda a la\u00a0investigaci\u00f3n. As\u00ed es como extraemos [&hellip;]<\/p>\n","protected":false},"author":1,"featured_media":0,"parent":0,"menu_order":0,"comment_status":"closed","ping_status":"closed","template":"","meta":{"_et_pb_use_builder":"on","_et_pb_old_content":"","_et_gb_content_width":"","footnotes":""},"class_list":["post-635","page","type-page","status-publish","hentry"],"yoast_head":"<!-- This site is optimized with the Yoast SEO plugin v25.8 - https:\/\/yoast.com\/wordpress\/plugins\/seo\/ -->\n<title>La firma - Qualit\u00e4tsmanagement, Nachhaltigkeit<\/title>\n<meta name=\"robots\" content=\"index, follow, max-snippet:-1, max-image-preview:large, max-video-preview:-1\" \/>\n<link rel=\"canonical\" href=\"https:\/\/www.vonkampenconsult.com\/es\/more-01\/\" \/>\n<meta property=\"og:locale\" content=\"es_ES\" \/>\n<meta property=\"og:type\" content=\"article\" \/>\n<meta property=\"og:title\" content=\"La firma - Qualit\u00e4tsmanagement, Nachhaltigkeit\" \/>\n<meta property=\"og:description\" content=\"vonKampenConsult Optimizamos su gesti\u00f3n de riesgos y facilitamos la evaluaci\u00f3n de la sostenibilidad Durante los \u00faltimos a\u00f1os, vonKampenConsult se ha adentrado\u00a0constantemente en territorios desconocidos y ha creado innovaciones que\u00a0marcan nuevos puntos de referencia. La forma de trabajo y el contenido de\u00a0nuestra empresa de ingenier\u00eda se caracterizan por la cercan\u00eda a la\u00a0investigaci\u00f3n. As\u00ed es como extraemos [&hellip;]\" \/>\n<meta property=\"og:url\" content=\"https:\/\/www.vonkampenconsult.com\/es\/more-01\/\" \/>\n<meta property=\"og:site_name\" content=\"Qualit\u00e4tsmanagement, Nachhaltigkeit\" \/>\n<meta property=\"article:modified_time\" content=\"2019-03-20T21:24:38+00:00\" \/>\n<meta name=\"twitter:card\" content=\"summary_large_image\" \/>\n<meta name=\"twitter:label1\" content=\"Tiempo de lectura\" \/>\n\t<meta name=\"twitter:data1\" content=\"5 minutos\" \/>\n<script type=\"application\/ld+json\" class=\"yoast-schema-graph\">{\"@context\":\"https:\/\/schema.org\",\"@graph\":[{\"@type\":\"WebPage\",\"@id\":\"https:\/\/www.vonkampenconsult.com\/es\/more-01\/\",\"url\":\"https:\/\/www.vonkampenconsult.com\/es\/more-01\/\",\"name\":\"La firma - Qualit\u00e4tsmanagement, Nachhaltigkeit\",\"isPartOf\":{\"@id\":\"https:\/\/www.vonkampenconsult.com\/#website\"},\"datePublished\":\"2017-01-24T09:03:15+00:00\",\"dateModified\":\"2019-03-20T21:24:38+00:00\",\"breadcrumb\":{\"@id\":\"https:\/\/www.vonkampenconsult.com\/es\/more-01\/#breadcrumb\"},\"inLanguage\":\"es\",\"potentialAction\":[{\"@type\":\"ReadAction\",\"target\":[\"https:\/\/www.vonkampenconsult.com\/es\/more-01\/\"]}]},{\"@type\":\"BreadcrumbList\",\"@id\":\"https:\/\/www.vonkampenconsult.com\/es\/more-01\/#breadcrumb\",\"itemListElement\":[{\"@type\":\"ListItem\",\"position\":1,\"name\":\"Home\",\"item\":\"https:\/\/www.vonkampenconsult.com\/es\/\"},{\"@type\":\"ListItem\",\"position\":2,\"name\":\"La firma\"}]},{\"@type\":\"WebSite\",\"@id\":\"https:\/\/www.vonkampenconsult.com\/#website\",\"url\":\"https:\/\/www.vonkampenconsult.com\/\",\"name\":\"Qualit\u00e4tsmanagement, Nachhaltigkeit\",\"description\":\"vonKampenConsult\",\"potentialAction\":[{\"@type\":\"SearchAction\",\"target\":{\"@type\":\"EntryPoint\",\"urlTemplate\":\"https:\/\/www.vonkampenconsult.com\/?s={search_term_string}\"},\"query-input\":{\"@type\":\"PropertyValueSpecification\",\"valueRequired\":true,\"valueName\":\"search_term_string\"}}],\"inLanguage\":\"es\"}]}<\/script>\n<!-- \/ Yoast SEO plugin. -->","yoast_head_json":{"title":"La firma - Qualit\u00e4tsmanagement, Nachhaltigkeit","robots":{"index":"index","follow":"follow","max-snippet":"max-snippet:-1","max-image-preview":"max-image-preview:large","max-video-preview":"max-video-preview:-1"},"canonical":"https:\/\/www.vonkampenconsult.com\/es\/more-01\/","og_locale":"es_ES","og_type":"article","og_title":"La firma - Qualit\u00e4tsmanagement, Nachhaltigkeit","og_description":"vonKampenConsult Optimizamos su gesti\u00f3n de riesgos y facilitamos la evaluaci\u00f3n de la sostenibilidad Durante los \u00faltimos a\u00f1os, vonKampenConsult se ha adentrado\u00a0constantemente en territorios desconocidos y ha creado innovaciones que\u00a0marcan nuevos puntos de referencia. La forma de trabajo y el contenido de\u00a0nuestra empresa de ingenier\u00eda se caracterizan por la cercan\u00eda a la\u00a0investigaci\u00f3n. As\u00ed es como extraemos [&hellip;]","og_url":"https:\/\/www.vonkampenconsult.com\/es\/more-01\/","og_site_name":"Qualit\u00e4tsmanagement, Nachhaltigkeit","article_modified_time":"2019-03-20T21:24:38+00:00","twitter_card":"summary_large_image","twitter_misc":{"Tiempo de lectura":"5 minutos"},"schema":{"@context":"https:\/\/schema.org","@graph":[{"@type":"WebPage","@id":"https:\/\/www.vonkampenconsult.com\/es\/more-01\/","url":"https:\/\/www.vonkampenconsult.com\/es\/more-01\/","name":"La firma - Qualit\u00e4tsmanagement, Nachhaltigkeit","isPartOf":{"@id":"https:\/\/www.vonkampenconsult.com\/#website"},"datePublished":"2017-01-24T09:03:15+00:00","dateModified":"2019-03-20T21:24:38+00:00","breadcrumb":{"@id":"https:\/\/www.vonkampenconsult.com\/es\/more-01\/#breadcrumb"},"inLanguage":"es","potentialAction":[{"@type":"ReadAction","target":["https:\/\/www.vonkampenconsult.com\/es\/more-01\/"]}]},{"@type":"BreadcrumbList","@id":"https:\/\/www.vonkampenconsult.com\/es\/more-01\/#breadcrumb","itemListElement":[{"@type":"ListItem","position":1,"name":"Home","item":"https:\/\/www.vonkampenconsult.com\/es\/"},{"@type":"ListItem","position":2,"name":"La firma"}]},{"@type":"WebSite","@id":"https:\/\/www.vonkampenconsult.com\/#website","url":"https:\/\/www.vonkampenconsult.com\/","name":"Qualit\u00e4tsmanagement, Nachhaltigkeit","description":"vonKampenConsult","potentialAction":[{"@type":"SearchAction","target":{"@type":"EntryPoint","urlTemplate":"https:\/\/www.vonkampenconsult.com\/?s={search_term_string}"},"query-input":{"@type":"PropertyValueSpecification","valueRequired":true,"valueName":"search_term_string"}}],"inLanguage":"es"}]}},"_links":{"self":[{"href":"https:\/\/www.vonkampenconsult.com\/es\/wp-json\/wp\/v2\/pages\/635","targetHints":{"allow":["GET"]}}],"collection":[{"href":"https:\/\/www.vonkampenconsult.com\/es\/wp-json\/wp\/v2\/pages"}],"about":[{"href":"https:\/\/www.vonkampenconsult.com\/es\/wp-json\/wp\/v2\/types\/page"}],"author":[{"embeddable":true,"href":"https:\/\/www.vonkampenconsult.com\/es\/wp-json\/wp\/v2\/users\/1"}],"replies":[{"embeddable":true,"href":"https:\/\/www.vonkampenconsult.com\/es\/wp-json\/wp\/v2\/comments?post=635"}],"version-history":[{"count":19,"href":"https:\/\/www.vonkampenconsult.com\/es\/wp-json\/wp\/v2\/pages\/635\/revisions"}],"predecessor-version":[{"id":1954,"href":"https:\/\/www.vonkampenconsult.com\/es\/wp-json\/wp\/v2\/pages\/635\/revisions\/1954"}],"wp:attachment":[{"href":"https:\/\/www.vonkampenconsult.com\/es\/wp-json\/wp\/v2\/media?parent=635"}],"curies":[{"name":"wp","href":"https:\/\/api.w.org\/{rel}","templated":true}]}}