{"id":638,"date":"2017-01-24T10:05:56","date_gmt":"2017-01-24T09:05:56","guid":{"rendered":"https:\/\/www.vonkampenconsult.com\/more-02\/"},"modified":"2019-03-20T22:24:39","modified_gmt":"2019-03-20T21:24:39","slug":"garantia-de-calidad","status":"publish","type":"page","link":"https:\/\/www.vonkampenconsult.com\/es\/garantia-de-calidad\/","title":{"rendered":"Garant\u00eda de calidad"},"content":{"rendered":"<p>[et_pb_section bb_built=\u00bb1&#8243; fullwidth=\u00bbon\u00bb specialty=\u00bboff\u00bb _builder_version=\u00bb3.13.1&#8243; background_color=\u00bb#288915&#8243; custom_padding=\u00bb2px|||\u00bb module_id=\u00bbstroke-mobil\u00bb disabled=\u00bboff\u00bb disabled_on=\u00bboff|off|on\u00bb next_background_color=\u00bb#000000&#8243; global_module=\u00bb1667&#8243;][\/et_pb_section][et_pb_section bb_built=\u00bb1&#8243; fullwidth=\u00bbon\u00bb specialty=\u00bboff\u00bb next_background_color=\u00bb#45525a\u00bb _builder_version=\u00bb3.13.1&#8243; background_color=\u00bb#288915&#8243; custom_padding=\u00bb2px||0px|\u00bb module_id=\u00bbsticky\u00bb disabled=\u00bboff\u00bb disabled_on=\u00bbon|on|\u00bb prev_background_color=\u00bb#000000&#8243; global_module=\u00bb1666&#8243;][\/et_pb_section][et_pb_section bb_built=\u00bb1&#8243; admin_label=\u00bbsection\u00bb custom_padding_last_edited=\u00bbon|phone\u00bb _builder_version=\u00bb3.13.1&#8243; background_color=\u00bb#45525a\u00bb custom_padding=\u00bb50px||450px|\u00bb custom_padding_phone=\u00bb50px||0px|\u00bb prev_background_color=\u00bb#288915&#8243;][et_pb_row _builder_version=\u00bb3.13.1&#8243; background_size=\u00bbinitial\u00bb background_position=\u00bbtop_left\u00bb background_repeat=\u00bbrepeat\u00bb custom_margin_last_edited=\u00bbon|phone\u00bb custom_margin_phone=\u00bb||-45%|\u00bb][et_pb_column type=\u00bb1_4&#8243;][et_pb_button button_url=\u00bbhttps:\/\/www.vonkampenconsult.com\/es\/\u00bb button_text=\u00bbAtr\u00e1s\u00bb button_alignment=\u00bbleft\u00bb _builder_version=\u00bb3.13.1&#8243; background_layout=\u00bbdark\u00bb]<\/p>\n<p>&nbsp;<\/p>\n<p>[\/et_pb_button][\/et_pb_column][et_pb_column type=\u00bb1_4&#8243;][\/et_pb_column][et_pb_column type=\u00bb1_4&#8243;][\/et_pb_column][et_pb_column type=\u00bb1_4&#8243;][\/et_pb_column][\/et_pb_row][et_pb_row admin_label=\u00bbrow\u00bb _builder_version=\u00bb3.0.47&#8243; background_size=\u00bbinitial\u00bb background_position=\u00bbtop_left\u00bb background_repeat=\u00bbrepeat\u00bb][et_pb_column type=\u00bb4_4&#8243;][et_pb_text _builder_version=\u00bb3.13.1&#8243; text_font_size=\u00bb50&#8243; background_size=\u00bbinitial\u00bb background_position=\u00bbtop_left\u00bb background_repeat=\u00bbrepeat\u00bb background_layout=\u00bbdark\u00bb custom_padding=\u00bb||50px|\u00bb use_border_color=\u00bboff\u00bb text_font=\u00bb||||||||\u00bb text_font_size_last_edited=\u00bbon|phone\u00bb text_font_size_phone=\u00bb35px\u00bb]<\/p>\n<p><strong>Garant\u00eda de calidad<\/strong><\/p>\n<p>[\/et_pb_text][et_pb_text _builder_version=\u00bb3.0.87&#8243; text_font=\u00bb|on|||\u00bb text_font_size=\u00bb30px\u00bb text_line_height=\u00bb1.4em\u00bb background_size=\u00bbinitial\u00bb background_position=\u00bbtop_left\u00bb background_repeat=\u00bbrepeat\u00bb background_layout=\u00bbdark\u00bb custom_padding=\u00bb|||\u00bb use_border_color=\u00bboff\u00bb border_color=\u00bb#ffffff\u00bb border_style=\u00bbsolid\u00bb]<\/p>\n<p><strong>Su QMS: operativo, fiable, a la \u00faltima<\/strong><\/p>\n<p>[\/et_pb_text][et_pb_text _builder_version=\u00bb3.0.87&#8243; text_font=\u00bb|on|||\u00bb text_font_size=\u00bb22px\u00bb text_line_height=\u00bb1.3em\u00bb background_size=\u00bbinitial\u00bb background_position=\u00bbtop_left\u00bb background_repeat=\u00bbrepeat\u00bb background_layout=\u00bbdark\u00bb custom_padding=\u00bb|||\u00bb use_border_color=\u00bboff\u00bb border_color=\u00bb#ffffff\u00bb border_style=\u00bbsolid\u00bb]<\/p>\n<p><strong>Pr\u00e1cticamente cualquier empresa que deba demostrar unos altos objetivos de\u00a0<\/strong><strong>calidad mediante documentos o el correspondiente certificado cuenta con un\u00a0<\/strong><strong>sistema de gesti\u00f3n de calidad (QMS), ya sea en forma escrita o en formato<\/strong><br \/>\n<strong>electr\u00f3nico. \u00bfPero qu\u00e9 tal hace su trabajo dicho sistema? \u00bfTiene una\u00a0<\/strong><strong>estructura l\u00f3gica? \u00bfTienen derecho de visualizaci\u00f3n y acceso todos los\u00a0<\/strong><strong>empleados autorizados y con responsabilidades? \u00bfEl concepto del QMS est\u00e1 a\u00a0<\/strong><strong>la altura de los desaf\u00edos reales? \u00bfO el sistema de gesti\u00f3n de calidad es\u00a0<\/strong><strong>\u00abdemasiado te\u00f3rico\u00bb y los empleados no se sienten a gusto con \u00e9l?<\/strong><\/p>\n<p>[\/et_pb_text][et_pb_text _builder_version=\u00bb3.13.1&#8243; text_font_size=\u00bb18&#8243; background_size=\u00bbinitial\u00bb background_position=\u00bbtop_left\u00bb background_repeat=\u00bbrepeat\u00bb background_layout=\u00bbdark\u00bb custom_padding=\u00bb||10px|\u00bb use_border_color=\u00bboff\u00bb]<\/p>\n<p><strong>Asesoramiento para su gesti\u00f3n de la calidad<\/strong><br \/>\nEstas y otras preguntas son nuestra referencia a la hora de analizar y optimizar, adem\u00e1s, por supuesto, de cuando se trata de desarrollar nuevos sistemas de gesti\u00f3n de la calidad. Queremos posibilitar la detecci\u00f3n y eliminaci\u00f3n de problemas en la misma fase inicial. La gesti\u00f3n de riesgos y la monitorizaci\u00f3n conforman siempre la base de ello. El objetivo es que su empresa logre una alta satisfacci\u00f3n del cliente, fidelizar al cliente y mejorar de manera constante el \u00edndice de calidad.<\/p>\n<p><strong>Comunicaci\u00f3n e interconexi\u00f3n<\/strong><br \/>\nNuestro asesoramiento se basa en la comunicaci\u00f3n y la interconexi\u00f3n entre empleados a todos los niveles en un di\u00e1logo directo con nosotros como asesores. Bienes, servicios y procesos deben \u00abejecutarse\u00bb con la minuciosidad y la transparencia exigidas. Para satisfacer los requisitos de calidad, los responsables de gesti\u00f3n de calidad necesitan mantener una visi\u00f3n exacta en todo momento sobre el nivel de calidad exigido, los requisitos de los proveedores, las actualizaciones de normas y est\u00e1ndares, as\u00ed como la legislaci\u00f3n. Todo ello conforma la base para un aseguramiento de la calidad estructurado. Le conectamos v\u00eda multimedia con expertos y conocimientos especializados. Para nosotros es un placer permanecer a su lado como socios y, si lo necesita, encontramos para usted los certificadores adecuados.<\/p>\n<p>&nbsp;<\/p>\n<p>&nbsp;<\/p>\n<p>&nbsp;<\/p>\n<p>&nbsp;<\/p>\n<p>&nbsp;<\/p>\n<p>&nbsp;<\/p>\n<p>&nbsp;<\/p>\n<p>&nbsp;<\/p>\n<p>[\/et_pb_text][\/et_pb_column][\/et_pb_row][\/et_pb_section]<\/p>\n","protected":false},"excerpt":{"rendered":"<p>&nbsp; Garant\u00eda de calidad Su QMS: operativo, fiable, a la \u00faltima Pr\u00e1cticamente cualquier empresa que deba demostrar unos altos objetivos de\u00a0calidad mediante documentos o el correspondiente certificado cuenta con un\u00a0sistema de gesti\u00f3n de calidad (QMS), ya sea en forma escrita o en formato electr\u00f3nico. \u00bfPero qu\u00e9 tal hace su trabajo dicho sistema? \u00bfTiene una\u00a0estructura l\u00f3gica? [&hellip;]<\/p>\n","protected":false},"author":1,"featured_media":0,"parent":0,"menu_order":0,"comment_status":"closed","ping_status":"closed","template":"","meta":{"_et_pb_use_builder":"on","_et_pb_old_content":"","_et_gb_content_width":"","footnotes":""},"class_list":["post-638","page","type-page","status-publish","hentry"],"yoast_head":"<!-- This site is optimized with the Yoast SEO plugin v25.8 - https:\/\/yoast.com\/wordpress\/plugins\/seo\/ -->\n<title>Garant\u00eda de calidad - Qualit\u00e4tsmanagement, Nachhaltigkeit<\/title>\n<meta name=\"robots\" content=\"index, follow, max-snippet:-1, max-image-preview:large, max-video-preview:-1\" \/>\n<link rel=\"canonical\" href=\"https:\/\/www.vonkampenconsult.com\/es\/garantia-de-calidad\/\" \/>\n<meta property=\"og:locale\" content=\"es_ES\" \/>\n<meta property=\"og:type\" content=\"article\" \/>\n<meta property=\"og:title\" content=\"Garant\u00eda de calidad - Qualit\u00e4tsmanagement, Nachhaltigkeit\" \/>\n<meta property=\"og:description\" content=\"&nbsp; Garant\u00eda de calidad Su QMS: operativo, fiable, a la \u00faltima Pr\u00e1cticamente cualquier empresa que deba demostrar unos altos objetivos de\u00a0calidad mediante documentos o el correspondiente certificado cuenta con un\u00a0sistema de gesti\u00f3n de calidad (QMS), ya sea en forma escrita o en formato electr\u00f3nico. \u00bfPero qu\u00e9 tal hace su trabajo dicho sistema? \u00bfTiene una\u00a0estructura l\u00f3gica? [&hellip;]\" \/>\n<meta property=\"og:url\" content=\"https:\/\/www.vonkampenconsult.com\/es\/garantia-de-calidad\/\" \/>\n<meta property=\"og:site_name\" content=\"Qualit\u00e4tsmanagement, Nachhaltigkeit\" \/>\n<meta property=\"article:modified_time\" content=\"2019-03-20T21:24:39+00:00\" \/>\n<meta name=\"twitter:card\" content=\"summary_large_image\" \/>\n<meta name=\"twitter:label1\" content=\"Tiempo de lectura\" \/>\n\t<meta name=\"twitter:data1\" content=\"4 minutos\" \/>\n<script type=\"application\/ld+json\" class=\"yoast-schema-graph\">{\"@context\":\"https:\/\/schema.org\",\"@graph\":[{\"@type\":\"WebPage\",\"@id\":\"https:\/\/www.vonkampenconsult.com\/es\/garantia-de-calidad\/\",\"url\":\"https:\/\/www.vonkampenconsult.com\/es\/garantia-de-calidad\/\",\"name\":\"Garant\u00eda de calidad - Qualit\u00e4tsmanagement, Nachhaltigkeit\",\"isPartOf\":{\"@id\":\"https:\/\/www.vonkampenconsult.com\/#website\"},\"datePublished\":\"2017-01-24T09:05:56+00:00\",\"dateModified\":\"2019-03-20T21:24:39+00:00\",\"breadcrumb\":{\"@id\":\"https:\/\/www.vonkampenconsult.com\/es\/garantia-de-calidad\/#breadcrumb\"},\"inLanguage\":\"es\",\"potentialAction\":[{\"@type\":\"ReadAction\",\"target\":[\"https:\/\/www.vonkampenconsult.com\/es\/garantia-de-calidad\/\"]}]},{\"@type\":\"BreadcrumbList\",\"@id\":\"https:\/\/www.vonkampenconsult.com\/es\/garantia-de-calidad\/#breadcrumb\",\"itemListElement\":[{\"@type\":\"ListItem\",\"position\":1,\"name\":\"Home\",\"item\":\"https:\/\/www.vonkampenconsult.com\/es\/\"},{\"@type\":\"ListItem\",\"position\":2,\"name\":\"Garant\u00eda de calidad\"}]},{\"@type\":\"WebSite\",\"@id\":\"https:\/\/www.vonkampenconsult.com\/#website\",\"url\":\"https:\/\/www.vonkampenconsult.com\/\",\"name\":\"Qualit\u00e4tsmanagement, Nachhaltigkeit\",\"description\":\"vonKampenConsult\",\"potentialAction\":[{\"@type\":\"SearchAction\",\"target\":{\"@type\":\"EntryPoint\",\"urlTemplate\":\"https:\/\/www.vonkampenconsult.com\/?s={search_term_string}\"},\"query-input\":{\"@type\":\"PropertyValueSpecification\",\"valueRequired\":true,\"valueName\":\"search_term_string\"}}],\"inLanguage\":\"es\"}]}<\/script>\n<!-- \/ Yoast SEO plugin. -->","yoast_head_json":{"title":"Garant\u00eda de calidad - Qualit\u00e4tsmanagement, Nachhaltigkeit","robots":{"index":"index","follow":"follow","max-snippet":"max-snippet:-1","max-image-preview":"max-image-preview:large","max-video-preview":"max-video-preview:-1"},"canonical":"https:\/\/www.vonkampenconsult.com\/es\/garantia-de-calidad\/","og_locale":"es_ES","og_type":"article","og_title":"Garant\u00eda de calidad - Qualit\u00e4tsmanagement, Nachhaltigkeit","og_description":"&nbsp; Garant\u00eda de calidad Su QMS: operativo, fiable, a la \u00faltima Pr\u00e1cticamente cualquier empresa que deba demostrar unos altos objetivos de\u00a0calidad mediante documentos o el correspondiente certificado cuenta con un\u00a0sistema de gesti\u00f3n de calidad (QMS), ya sea en forma escrita o en formato electr\u00f3nico. \u00bfPero qu\u00e9 tal hace su trabajo dicho sistema? \u00bfTiene una\u00a0estructura l\u00f3gica? [&hellip;]","og_url":"https:\/\/www.vonkampenconsult.com\/es\/garantia-de-calidad\/","og_site_name":"Qualit\u00e4tsmanagement, Nachhaltigkeit","article_modified_time":"2019-03-20T21:24:39+00:00","twitter_card":"summary_large_image","twitter_misc":{"Tiempo de lectura":"4 minutos"},"schema":{"@context":"https:\/\/schema.org","@graph":[{"@type":"WebPage","@id":"https:\/\/www.vonkampenconsult.com\/es\/garantia-de-calidad\/","url":"https:\/\/www.vonkampenconsult.com\/es\/garantia-de-calidad\/","name":"Garant\u00eda de calidad - Qualit\u00e4tsmanagement, Nachhaltigkeit","isPartOf":{"@id":"https:\/\/www.vonkampenconsult.com\/#website"},"datePublished":"2017-01-24T09:05:56+00:00","dateModified":"2019-03-20T21:24:39+00:00","breadcrumb":{"@id":"https:\/\/www.vonkampenconsult.com\/es\/garantia-de-calidad\/#breadcrumb"},"inLanguage":"es","potentialAction":[{"@type":"ReadAction","target":["https:\/\/www.vonkampenconsult.com\/es\/garantia-de-calidad\/"]}]},{"@type":"BreadcrumbList","@id":"https:\/\/www.vonkampenconsult.com\/es\/garantia-de-calidad\/#breadcrumb","itemListElement":[{"@type":"ListItem","position":1,"name":"Home","item":"https:\/\/www.vonkampenconsult.com\/es\/"},{"@type":"ListItem","position":2,"name":"Garant\u00eda de calidad"}]},{"@type":"WebSite","@id":"https:\/\/www.vonkampenconsult.com\/#website","url":"https:\/\/www.vonkampenconsult.com\/","name":"Qualit\u00e4tsmanagement, Nachhaltigkeit","description":"vonKampenConsult","potentialAction":[{"@type":"SearchAction","target":{"@type":"EntryPoint","urlTemplate":"https:\/\/www.vonkampenconsult.com\/?s={search_term_string}"},"query-input":{"@type":"PropertyValueSpecification","valueRequired":true,"valueName":"search_term_string"}}],"inLanguage":"es"}]}},"_links":{"self":[{"href":"https:\/\/www.vonkampenconsult.com\/es\/wp-json\/wp\/v2\/pages\/638","targetHints":{"allow":["GET"]}}],"collection":[{"href":"https:\/\/www.vonkampenconsult.com\/es\/wp-json\/wp\/v2\/pages"}],"about":[{"href":"https:\/\/www.vonkampenconsult.com\/es\/wp-json\/wp\/v2\/types\/page"}],"author":[{"embeddable":true,"href":"https:\/\/www.vonkampenconsult.com\/es\/wp-json\/wp\/v2\/users\/1"}],"replies":[{"embeddable":true,"href":"https:\/\/www.vonkampenconsult.com\/es\/wp-json\/wp\/v2\/comments?post=638"}],"version-history":[{"count":11,"href":"https:\/\/www.vonkampenconsult.com\/es\/wp-json\/wp\/v2\/pages\/638\/revisions"}],"predecessor-version":[{"id":1955,"href":"https:\/\/www.vonkampenconsult.com\/es\/wp-json\/wp\/v2\/pages\/638\/revisions\/1955"}],"wp:attachment":[{"href":"https:\/\/www.vonkampenconsult.com\/es\/wp-json\/wp\/v2\/media?parent=638"}],"curies":[{"name":"wp","href":"https:\/\/api.w.org\/{rel}","templated":true}]}}