{"id":641,"date":"2017-01-24T10:06:25","date_gmt":"2017-01-24T09:06:25","guid":{"rendered":"https:\/\/www.vonkampenconsult.com\/more-03\/"},"modified":"2019-03-20T22:24:40","modified_gmt":"2019-03-20T21:24:40","slug":"acreditacion-es","status":"publish","type":"page","link":"https:\/\/www.vonkampenconsult.com\/es\/acreditacion-es\/","title":{"rendered":"Acreditaci\u00f3n"},"content":{"rendered":"<p>[et_pb_section bb_built=\u00bb1&#8243; fullwidth=\u00bbon\u00bb specialty=\u00bboff\u00bb next_background_color=\u00bb#000000&#8243; _builder_version=\u00bb3.13.1&#8243; background_color=\u00bb#288915&#8243; custom_padding=\u00bb2px||0px|\u00bb module_id=\u00bbsticky\u00bb disabled=\u00bboff\u00bb disabled_on=\u00bbon|on|\u00bb global_module=\u00bb1666&#8243;][\/et_pb_section][et_pb_section bb_built=\u00bb1&#8243; fullwidth=\u00bbon\u00bb specialty=\u00bboff\u00bb _builder_version=\u00bb3.13.1&#8243; background_color=\u00bb#288915&#8243; custom_padding=\u00bb2px|||\u00bb module_id=\u00bbstroke-mobil\u00bb disabled=\u00bboff\u00bb disabled_on=\u00bboff|off|on\u00bb next_background_color=\u00bb#45525a\u00bb global_module=\u00bb1667&#8243; prev_background_color=\u00bb#000000&#8243;][\/et_pb_section][et_pb_section bb_built=\u00bb1&#8243; admin_label=\u00bbsection\u00bb custom_padding_last_edited=\u00bbon|phone\u00bb _builder_version=\u00bb3.13.1&#8243; background_color=\u00bb#45525a\u00bb custom_padding=\u00bb50px||450px|\u00bb custom_padding_phone=\u00bb50px||0px|\u00bb prev_background_color=\u00bb#288915&#8243; next_background_color=\u00bb#000000&#8243;][et_pb_row custom_margin=\u00bb|||\u00bb _builder_version=\u00bb3.13.1&#8243; background_size=\u00bbinitial\u00bb background_position=\u00bbtop_left\u00bb background_repeat=\u00bbrepeat\u00bb custom_margin_phone=\u00bb||-45%|\u00bb custom_margin_last_edited=\u00bbon|phone\u00bb][et_pb_column type=\u00bb1_4&#8243;][et_pb_button button_url=\u00bbhttps:\/\/www.vonkampenconsult.com\/es\/\u00bb button_text=\u00bbAtr\u00e1s\u00bb button_alignment=\u00bbleft\u00bb _builder_version=\u00bb3.13.1&#8243; background_layout=\u00bbdark\u00bb]<br \/>\n[\/et_pb_button][\/et_pb_column][et_pb_column type=\u00bb1_4&#8243;][\/et_pb_column][et_pb_column type=\u00bb1_4&#8243;][\/et_pb_column][et_pb_column type=\u00bb1_4&#8243;][\/et_pb_column][\/et_pb_row][et_pb_row admin_label=\u00bbrow\u00bb _builder_version=\u00bb3.0.47&#8243; background_size=\u00bbinitial\u00bb background_position=\u00bbtop_left\u00bb background_repeat=\u00bbrepeat\u00bb][et_pb_column type=\u00bb4_4&#8243;][et_pb_text _builder_version=\u00bb3.13.1&#8243; text_font_size=\u00bb50&#8243; background_size=\u00bbinitial\u00bb background_position=\u00bbtop_left\u00bb background_repeat=\u00bbrepeat\u00bb background_layout=\u00bbdark\u00bb custom_padding=\u00bb||50px|\u00bb use_border_color=\u00bboff\u00bb text_font=\u00bb||||||||\u00bb text_font_size_last_edited=\u00bbon|phone\u00bb text_font_size_phone=\u00bb30px\u00bb]<\/p>\n<p><strong>Acreditaci\u00f3n<\/strong><\/p>\n<p>[\/et_pb_text][et_pb_text _builder_version=\u00bb3.13.1&#8243; text_font=\u00bb|700|||||||\u00bb text_font_size=\u00bb30px\u00bb text_line_height=\u00bb1.4em\u00bb background_size=\u00bbinitial\u00bb background_position=\u00bbtop_left\u00bb background_repeat=\u00bbrepeat\u00bb background_layout=\u00bbdark\u00bb custom_padding=\u00bb|||\u00bb use_border_color=\u00bboff\u00bb border_color=\u00bb#ffffff\u00bb border_style=\u00bbsolid\u00bb text_font_size_last_edited=\u00bbon|phone\u00bb text_font_size_phone=\u00bb25px\u00bb]<\/p>\n<p><strong>Fiabilidad absoluta: laboratorios de ensayo con nuestro\u00a0<\/strong><strong>sistema conforme a DIN EN ISO\/IEC 17025<\/strong><\/p>\n<p>[\/et_pb_text][et_pb_text _builder_version=\u00bb3.0.87&#8243; text_font=\u00bb|on|||\u00bb text_font_size=\u00bb22px\u00bb text_line_height=\u00bb1.3em\u00bb background_size=\u00bbinitial\u00bb background_position=\u00bbtop_left\u00bb background_repeat=\u00bbrepeat\u00bb background_layout=\u00bbdark\u00bb custom_padding=\u00bb|||\u00bb use_border_color=\u00bboff\u00bb border_color=\u00bb#ffffff\u00bb border_style=\u00bbsolid\u00bb]<\/p>\n<p><strong>La norma DIN EN ISO\/IEC 17025 no solo es la base del trabajo de los laboratorios de ensayo, sino tambi\u00e9n la norma de acreditaci\u00f3n fundamental en Europa. vonKampenConsult asesora a su empresa a la hora de implantar un\u00a0<\/strong><strong>sistema de gesti\u00f3n basado en las instrucciones de trabajo y ensayo de la DIN EN ISO\/IEC 17025, y le acompa\u00f1a de manera fiable y competente hasta la obtenci\u00f3n de la acreditaci\u00f3n.<\/strong><\/p>\n<p>[\/et_pb_text][et_pb_text _builder_version=\u00bb3.13.1&#8243; text_font_size=\u00bb18&#8243; background_size=\u00bbinitial\u00bb background_position=\u00bbtop_left\u00bb background_repeat=\u00bbrepeat\u00bb background_layout=\u00bbdark\u00bb custom_padding=\u00bb||10px|\u00bb use_border_color=\u00bboff\u00bb]<\/p>\n<p><strong>Nuestra tr\u00edada: an\u00e1lisis, c\u00f3digo de conducta, formaci\u00f3n<\/strong><br \/>\nSobre la base de un exhaustivo an\u00e1lisis de laboratorio, determinamos responsabilidades, puntos que se deben mejorar y, si es necesario, puntos que deben ser corregidos. Una formaci\u00f3n pr\u00e1ctica de su personal, transmitida con agilidad, permite garantizar que cada uno de sus empleados asimile cu\u00e1l es su funci\u00f3n y la integre en su rutina diaria. A petici\u00f3n, podemos actuar como interlocutores ante el organismo de acreditaci\u00f3n (DakkS).<\/p>\n<p><strong>Las soluciones de sistema eficientes garantizan una alta calidad constant<\/strong><br \/>\nempresa. Usted, como laboratorio, est\u00e1 obligado a volver a obtener su acreditaci\u00f3n de conformidad con la norma ISO 17025 a intervalos regulares. Esto significa que debe demostrar una y otra vez el cumplimiento de los est\u00e1ndares y criterios de evaluaci\u00f3n. Podemos ayudarle de forma permanente en este proceso: con un sistema de gesti\u00f3n de acreditaci\u00f3n sencillo y compacto y un sistema de gesti\u00f3n de la informaci\u00f3n para laboratorios <strong>(LIMS)<\/strong>.<\/p>\n<p><strong>LIMS<\/strong><br \/>\nEl moderno sistema basado en la nube LIMS integra todo el proceso de anal\u00edtica. Desde la oferta, pasando por la organizaci\u00f3n de la recogida de muestras con sistema de informaci\u00f3n espacial, la anal\u00edtica individual, las series de mediciones, la introducci\u00f3n manual o automatizada de los resultados de los an\u00e1lisis, la elaboraci\u00f3n de certificados o la autorizaci\u00f3n de certificados siguiendo el \u00abprincipio de cuatro ojos\u00bb, hasta el programa de facturaci\u00f3n para la elaboraci\u00f3n de facturas.<\/p>\n<p><strong>Solicite el acceso de invitado para LIMS!<\/strong><\/p>\n<p>&nbsp;<\/p>\n<p>&nbsp;<\/p>\n<p>&nbsp;<\/p>\n<p>&nbsp;<\/p>\n<p>[\/et_pb_text][\/et_pb_column][\/et_pb_row][\/et_pb_section][et_pb_section bb_built=\u00bb1&#8243; admin_label=\u00bbsection\u00bb parallax_method=\u00bboff\u00bb specialty=\u00bboff\u00bb disabled=\u00bboff\u00bb background_color=\u00bb#45525a\u00bb _builder_version=\u00bb3.13.1&#8243; prev_background_color=\u00bb#000000&#8243; global_module=\u00bb1668&#8243;][et_pb_row global_parent=\u00bb1668&#8243;][et_pb_column type=\u00bb1_4&#8243;][et_pb_button global_parent=\u00bb1668&#8243; _builder_version=\u00bb3.13.1&#8243; button_text=\u00bbAtr\u00e1s\u00bb button_url=\u00bbhttps:\/\/www.vonkampenconsult.com\/es\/\u00bb button_alignment=\u00bbleft\u00bb background_layout=\u00bbdark\u00bb \/][\/et_pb_column][et_pb_column type=\u00bb1_4&#8243;][\/et_pb_column][et_pb_column type=\u00bb1_4&#8243;][\/et_pb_column][et_pb_column type=\u00bb1_4&#8243;][\/et_pb_column][\/et_pb_row][\/et_pb_section]<\/p>\n","protected":false},"excerpt":{"rendered":"<p>Acreditaci\u00f3n Fiabilidad absoluta: laboratorios de ensayo con nuestro\u00a0sistema conforme a DIN EN ISO\/IEC 17025 La norma DIN EN ISO\/IEC 17025 no solo es la base del trabajo de los laboratorios de ensayo, sino tambi\u00e9n la norma de acreditaci\u00f3n fundamental en Europa. vonKampenConsult asesora a su empresa a la hora de implantar un\u00a0sistema de gesti\u00f3n basado [&hellip;]<\/p>\n","protected":false},"author":1,"featured_media":0,"parent":0,"menu_order":0,"comment_status":"closed","ping_status":"closed","template":"","meta":{"_et_pb_use_builder":"on","_et_pb_old_content":"","_et_gb_content_width":"","footnotes":""},"class_list":["post-641","page","type-page","status-publish","hentry"],"yoast_head":"<!-- This site is optimized with the Yoast SEO plugin v25.8 - https:\/\/yoast.com\/wordpress\/plugins\/seo\/ -->\n<title>Acreditaci\u00f3n - Qualit\u00e4tsmanagement, Nachhaltigkeit<\/title>\n<meta name=\"robots\" content=\"index, follow, max-snippet:-1, max-image-preview:large, max-video-preview:-1\" \/>\n<link rel=\"canonical\" href=\"https:\/\/www.vonkampenconsult.com\/es\/acreditacion-es\/\" \/>\n<meta property=\"og:locale\" content=\"es_ES\" \/>\n<meta property=\"og:type\" content=\"article\" \/>\n<meta property=\"og:title\" content=\"Acreditaci\u00f3n - Qualit\u00e4tsmanagement, Nachhaltigkeit\" \/>\n<meta property=\"og:description\" content=\"Acreditaci\u00f3n Fiabilidad absoluta: laboratorios de ensayo con nuestro\u00a0sistema conforme a DIN EN ISO\/IEC 17025 La norma DIN EN ISO\/IEC 17025 no solo es la base del trabajo de los laboratorios de ensayo, sino tambi\u00e9n la norma de acreditaci\u00f3n fundamental en Europa. vonKampenConsult asesora a su empresa a la hora de implantar un\u00a0sistema de gesti\u00f3n basado [&hellip;]\" \/>\n<meta property=\"og:url\" content=\"https:\/\/www.vonkampenconsult.com\/es\/acreditacion-es\/\" \/>\n<meta property=\"og:site_name\" content=\"Qualit\u00e4tsmanagement, Nachhaltigkeit\" \/>\n<meta property=\"article:modified_time\" content=\"2019-03-20T21:24:40+00:00\" \/>\n<meta name=\"twitter:card\" content=\"summary_large_image\" \/>\n<meta name=\"twitter:label1\" content=\"Tiempo de lectura\" \/>\n\t<meta name=\"twitter:data1\" content=\"4 minutos\" \/>\n<script type=\"application\/ld+json\" class=\"yoast-schema-graph\">{\"@context\":\"https:\/\/schema.org\",\"@graph\":[{\"@type\":\"WebPage\",\"@id\":\"https:\/\/www.vonkampenconsult.com\/es\/acreditacion-es\/\",\"url\":\"https:\/\/www.vonkampenconsult.com\/es\/acreditacion-es\/\",\"name\":\"Acreditaci\u00f3n - Qualit\u00e4tsmanagement, Nachhaltigkeit\",\"isPartOf\":{\"@id\":\"https:\/\/www.vonkampenconsult.com\/#website\"},\"datePublished\":\"2017-01-24T09:06:25+00:00\",\"dateModified\":\"2019-03-20T21:24:40+00:00\",\"breadcrumb\":{\"@id\":\"https:\/\/www.vonkampenconsult.com\/es\/acreditacion-es\/#breadcrumb\"},\"inLanguage\":\"es\",\"potentialAction\":[{\"@type\":\"ReadAction\",\"target\":[\"https:\/\/www.vonkampenconsult.com\/es\/acreditacion-es\/\"]}]},{\"@type\":\"BreadcrumbList\",\"@id\":\"https:\/\/www.vonkampenconsult.com\/es\/acreditacion-es\/#breadcrumb\",\"itemListElement\":[{\"@type\":\"ListItem\",\"position\":1,\"name\":\"Home\",\"item\":\"https:\/\/www.vonkampenconsult.com\/es\/\"},{\"@type\":\"ListItem\",\"position\":2,\"name\":\"Acreditaci\u00f3n\"}]},{\"@type\":\"WebSite\",\"@id\":\"https:\/\/www.vonkampenconsult.com\/#website\",\"url\":\"https:\/\/www.vonkampenconsult.com\/\",\"name\":\"Qualit\u00e4tsmanagement, Nachhaltigkeit\",\"description\":\"vonKampenConsult\",\"potentialAction\":[{\"@type\":\"SearchAction\",\"target\":{\"@type\":\"EntryPoint\",\"urlTemplate\":\"https:\/\/www.vonkampenconsult.com\/?s={search_term_string}\"},\"query-input\":{\"@type\":\"PropertyValueSpecification\",\"valueRequired\":true,\"valueName\":\"search_term_string\"}}],\"inLanguage\":\"es\"}]}<\/script>\n<!-- \/ Yoast SEO plugin. -->","yoast_head_json":{"title":"Acreditaci\u00f3n - Qualit\u00e4tsmanagement, Nachhaltigkeit","robots":{"index":"index","follow":"follow","max-snippet":"max-snippet:-1","max-image-preview":"max-image-preview:large","max-video-preview":"max-video-preview:-1"},"canonical":"https:\/\/www.vonkampenconsult.com\/es\/acreditacion-es\/","og_locale":"es_ES","og_type":"article","og_title":"Acreditaci\u00f3n - Qualit\u00e4tsmanagement, Nachhaltigkeit","og_description":"Acreditaci\u00f3n Fiabilidad absoluta: laboratorios de ensayo con nuestro\u00a0sistema conforme a DIN EN ISO\/IEC 17025 La norma DIN EN ISO\/IEC 17025 no solo es la base del trabajo de los laboratorios de ensayo, sino tambi\u00e9n la norma de acreditaci\u00f3n fundamental en Europa. vonKampenConsult asesora a su empresa a la hora de implantar un\u00a0sistema de gesti\u00f3n basado [&hellip;]","og_url":"https:\/\/www.vonkampenconsult.com\/es\/acreditacion-es\/","og_site_name":"Qualit\u00e4tsmanagement, Nachhaltigkeit","article_modified_time":"2019-03-20T21:24:40+00:00","twitter_card":"summary_large_image","twitter_misc":{"Tiempo de lectura":"4 minutos"},"schema":{"@context":"https:\/\/schema.org","@graph":[{"@type":"WebPage","@id":"https:\/\/www.vonkampenconsult.com\/es\/acreditacion-es\/","url":"https:\/\/www.vonkampenconsult.com\/es\/acreditacion-es\/","name":"Acreditaci\u00f3n - Qualit\u00e4tsmanagement, Nachhaltigkeit","isPartOf":{"@id":"https:\/\/www.vonkampenconsult.com\/#website"},"datePublished":"2017-01-24T09:06:25+00:00","dateModified":"2019-03-20T21:24:40+00:00","breadcrumb":{"@id":"https:\/\/www.vonkampenconsult.com\/es\/acreditacion-es\/#breadcrumb"},"inLanguage":"es","potentialAction":[{"@type":"ReadAction","target":["https:\/\/www.vonkampenconsult.com\/es\/acreditacion-es\/"]}]},{"@type":"BreadcrumbList","@id":"https:\/\/www.vonkampenconsult.com\/es\/acreditacion-es\/#breadcrumb","itemListElement":[{"@type":"ListItem","position":1,"name":"Home","item":"https:\/\/www.vonkampenconsult.com\/es\/"},{"@type":"ListItem","position":2,"name":"Acreditaci\u00f3n"}]},{"@type":"WebSite","@id":"https:\/\/www.vonkampenconsult.com\/#website","url":"https:\/\/www.vonkampenconsult.com\/","name":"Qualit\u00e4tsmanagement, Nachhaltigkeit","description":"vonKampenConsult","potentialAction":[{"@type":"SearchAction","target":{"@type":"EntryPoint","urlTemplate":"https:\/\/www.vonkampenconsult.com\/?s={search_term_string}"},"query-input":{"@type":"PropertyValueSpecification","valueRequired":true,"valueName":"search_term_string"}}],"inLanguage":"es"}]}},"_links":{"self":[{"href":"https:\/\/www.vonkampenconsult.com\/es\/wp-json\/wp\/v2\/pages\/641","targetHints":{"allow":["GET"]}}],"collection":[{"href":"https:\/\/www.vonkampenconsult.com\/es\/wp-json\/wp\/v2\/pages"}],"about":[{"href":"https:\/\/www.vonkampenconsult.com\/es\/wp-json\/wp\/v2\/types\/page"}],"author":[{"embeddable":true,"href":"https:\/\/www.vonkampenconsult.com\/es\/wp-json\/wp\/v2\/users\/1"}],"replies":[{"embeddable":true,"href":"https:\/\/www.vonkampenconsult.com\/es\/wp-json\/wp\/v2\/comments?post=641"}],"version-history":[{"count":18,"href":"https:\/\/www.vonkampenconsult.com\/es\/wp-json\/wp\/v2\/pages\/641\/revisions"}],"predecessor-version":[{"id":1958,"href":"https:\/\/www.vonkampenconsult.com\/es\/wp-json\/wp\/v2\/pages\/641\/revisions\/1958"}],"wp:attachment":[{"href":"https:\/\/www.vonkampenconsult.com\/es\/wp-json\/wp\/v2\/media?parent=641"}],"curies":[{"name":"wp","href":"https:\/\/api.w.org\/{rel}","templated":true}]}}