{"id":644,"date":"2017-01-24T10:06:56","date_gmt":"2017-01-24T09:06:56","guid":{"rendered":"https:\/\/www.vonkampenconsult.com\/more-04\/"},"modified":"2019-03-20T22:24:42","modified_gmt":"2019-03-20T21:24:42","slug":"desarrollo-de-un-estandar","status":"publish","type":"page","link":"https:\/\/www.vonkampenconsult.com\/es\/desarrollo-de-un-estandar\/","title":{"rendered":"Desarrollo de un est\u00e1ndar"},"content":{"rendered":"<p>[et_pb_section bb_built=\u00bb1&#8243; fullwidth=\u00bbon\u00bb specialty=\u00bboff\u00bb _builder_version=\u00bb3.13.1&#8243; background_color=\u00bb#288915&#8243; custom_padding=\u00bb2px|||\u00bb module_id=\u00bbstroke-mobil\u00bb disabled=\u00bboff\u00bb disabled_on=\u00bboff|off|on\u00bb next_background_color=\u00bb#000000&#8243; global_module=\u00bb1667&#8243;][\/et_pb_section][et_pb_section bb_built=\u00bb1&#8243; fullwidth=\u00bbon\u00bb specialty=\u00bboff\u00bb next_background_color=\u00bb#45525a\u00bb _builder_version=\u00bb3.13.1&#8243; background_color=\u00bb#288915&#8243; custom_padding=\u00bb2px||0px|\u00bb module_id=\u00bbsticky\u00bb disabled=\u00bboff\u00bb disabled_on=\u00bbon|on|\u00bb global_module=\u00bb1666&#8243; prev_background_color=\u00bb#000000&#8243;][\/et_pb_section][et_pb_section bb_built=\u00bb1&#8243; admin_label=\u00bbsection\u00bb custom_padding_last_edited=\u00bbon|phone\u00bb _builder_version=\u00bb3.13.1&#8243; background_color=\u00bb#45525a\u00bb custom_padding=\u00bb50px||450px|\u00bb custom_padding_phone=\u00bb50px||0px|\u00bb prev_background_color=\u00bb#288915&#8243;][et_pb_row _builder_version=\u00bb3.0.48&#8243; background_size=\u00bbinitial\u00bb background_position=\u00bbtop_left\u00bb background_repeat=\u00bbrepeat\u00bb][et_pb_column type=\u00bb1_4&#8243;][et_pb_button button_url=\u00bbhttps:\/\/www.vonkampenconsult.com\/es\/\u00bb button_text=\u00bbAtr\u00e1s\u00bb button_alignment=\u00bbleft\u00bb _builder_version=\u00bb3.13.1&#8243; background_layout=\u00bbdark\u00bb]<br \/>\n[\/et_pb_button][\/et_pb_column][et_pb_column type=\u00bb1_4&#8243;][\/et_pb_column][et_pb_column type=\u00bb1_4&#8243;][\/et_pb_column][et_pb_column type=\u00bb1_4&#8243;][\/et_pb_column][\/et_pb_row][et_pb_row admin_label=\u00bbrow\u00bb _builder_version=\u00bb3.0.47&#8243; background_size=\u00bbinitial\u00bb background_position=\u00bbtop_left\u00bb background_repeat=\u00bbrepeat\u00bb][et_pb_column type=\u00bb4_4&#8243;][et_pb_text _builder_version=\u00bb3.13.1&#8243; text_font_size=\u00bb50&#8243; background_size=\u00bbinitial\u00bb background_position=\u00bbtop_left\u00bb background_repeat=\u00bbrepeat\u00bb background_layout=\u00bbdark\u00bb custom_padding=\u00bb||50px|\u00bb use_border_color=\u00bboff\u00bb text_line_height=\u00bb1em\u00bb text_font=\u00bb||||||||\u00bb text_font_size_last_edited=\u00bbon|phone\u00bb text_font_size_phone=\u00bb28px\u00bb]<\/p>\n<p><strong>Desarrollo de un est\u00e1ndar<\/strong><\/p>\n<p>[\/et_pb_text][et_pb_text _builder_version=\u00bb3.13.1&#8243; text_font=\u00bb|700|||||||\u00bb text_font_size=\u00bb30px\u00bb text_line_height=\u00bb1em\u00bb background_size=\u00bbinitial\u00bb background_position=\u00bbtop_left\u00bb background_repeat=\u00bbrepeat\u00bb background_layout=\u00bbdark\u00bb custom_padding=\u00bb|||\u00bb use_border_color=\u00bboff\u00bb border_color=\u00bb#ffffff\u00bb border_style=\u00bbsolid\u00bb text_font_size_last_edited=\u00bbon|phone\u00bb text_line_height_last_edited=\u00bbon|phone\u00bb text_font_size_phone=\u00bb28px\u00bb]<\/p>\n<p><strong>Desde el desarrollo de est\u00e1ndares para marcas\u00a0<\/strong><strong>propias hasta acreditaciones internacionales<\/strong><\/p>\n<p>[\/et_pb_text][et_pb_text _builder_version=\u00bb3.0.87&#8243; text_font=\u00bb|on|||\u00bb text_font_size=\u00bb22px\u00bb text_line_height=\u00bb1.3em\u00bb background_size=\u00bbinitial\u00bb background_position=\u00bbtop_left\u00bb background_repeat=\u00bbrepeat\u00bb background_layout=\u00bbdark\u00bb custom_padding=\u00bb|||\u00bb use_border_color=\u00bboff\u00bb border_color=\u00bb#ffffff\u00bb border_style=\u00bbsolid\u00bb]<\/p>\n<p><strong>La responsabilidad es su clave para una calidad sostenible. La responsabilidad\u00a0<\/strong><strong>operativa se refleja en un est\u00e1ndar. Porque esta herramienta es una\u00a0<\/strong><strong>declaraci\u00f3n de su compromiso con su filosof\u00eda y los objetivos de su empresa a\u00a0<\/strong><strong>nivel global, ya sea mediante un est\u00e1ndar con reconocimiento internacional o\u00a0<\/strong><strong>mediante un est\u00e1ndar declarado marca propia.<\/strong><\/p>\n<p>En el proceso de desarrollo de est\u00e1ndares nacionales e internacionales se concentran todas las experiencias que vonKampenConsult ha ido recopilando a lo largo de su existencia. vonKampenConsult es especialista en el desarrollo de est\u00e1ndares CSR y normas de calidad.<\/p>\n<p>[\/et_pb_text][et_pb_text _builder_version=\u00bb3.0.87&#8243; text_font_size=\u00bb18&#8243; background_size=\u00bbinitial\u00bb background_position=\u00bbtop_left\u00bb background_repeat=\u00bbrepeat\u00bb background_layout=\u00bbdark\u00bb custom_padding=\u00bb||10px|\u00bb use_border_color=\u00bboff\u00bb border_color=\u00bb#ffffff\u00bb border_style=\u00bbsolid\u00bb]<\/p>\n<p><strong>Est\u00e1ndares RSC con sistema de niveles<\/strong><br \/>\nvonKampenConsult desarrolla est\u00e1ndares de responsabilidad corporativa (RSC) en base a objetivos de sostenibilidad sociales, ecol\u00f3gicos y econ\u00f3micos. Para ello, a menudo trabajamos con socios de la industria y mantenemos un di\u00e1logo con<br \/>\ncient\u00edficos y organizaciones relacionadas con la investigaci\u00f3n. Estas conversaciones suelen producir notables innovaciones. As\u00ed, por ejemplo, el sistema de niveles que hemos desarrollado permite que empresas con perfiles de experiencia muy diversos en el sector de la responsabilidad corporativa participen de los est\u00e1ndares RSC. A medida que aumenta el nivel, aumentan tambi\u00e9n los requisitos. Una empresa puede seleccionar el nivel que mejor se adapta a sus actuales condiciones de<br \/>\nfuncionamiento. Tomando como base indicaciones y consejos pr\u00e1cticos para la aplicaci\u00f3n, el sistema dirige al principiante de forma encauzada y le ayuda a obtener el requisito que le permite avanzar al siguiente nivel. La gran ventaja: el sistema de<br \/>\nniveles tambi\u00e9n permite a empresas de pa\u00edses emergentes y en v\u00edas de desarrollo una incorporaci\u00f3n gradual en los est\u00e1ndares de la responsabilidad corporativa. Este procedimiento se adapta a las condiciones marco. Sin desbordar a la empresa, le ofrece un incentivo para emprender un desarrollo por etapas.<\/p>\n<p><strong>Normas de calidad<\/strong><br \/>\nEspecializada en el sector agr\u00edcola y alimentario, vonKampenConsult desarrolla en este campo normas de calidad para sus clientes. Se trata de optimizar su garant\u00eda de calidad, por ejemplo mediante normas para proveedores. El objetivo es crear para cada uno un sistema sucesivo de advertencia r\u00e1pida y gesti\u00f3n de riesgos. Sobre esta base, tambi\u00e9n se pueden proporcionar datos relevantes para las aseguradoras.<\/p>\n<p><strong>Implementaci\u00f3n mediante soluciones de software a la medida<\/strong><br \/>\nUn software moderno garantiza la implementaci\u00f3n de nuestras propuestas: concebido por la empresa CloudSoft1 para port\u00e1tiles, tabletas o tel\u00e9fonos inteligentes y capaz de adaptarse al equipamiento inform\u00e1tico del cliente.<\/p>\n<p>[\/et_pb_text][\/et_pb_column][\/et_pb_row][\/et_pb_section]<\/p>\n","protected":false},"excerpt":{"rendered":"<p>Desarrollo de un est\u00e1ndar Desde el desarrollo de est\u00e1ndares para marcas\u00a0propias hasta acreditaciones internacionales La responsabilidad es su clave para una calidad sostenible. La responsabilidad\u00a0operativa se refleja en un est\u00e1ndar. Porque esta herramienta es una\u00a0declaraci\u00f3n de su compromiso con su filosof\u00eda y los objetivos de su empresa a\u00a0nivel global, ya sea mediante un est\u00e1ndar con [&hellip;]<\/p>\n","protected":false},"author":1,"featured_media":0,"parent":0,"menu_order":0,"comment_status":"closed","ping_status":"closed","template":"","meta":{"_et_pb_use_builder":"on","_et_pb_old_content":"","_et_gb_content_width":"","footnotes":""},"class_list":["post-644","page","type-page","status-publish","hentry"],"yoast_head":"<!-- This site is optimized with the Yoast SEO plugin v25.8 - https:\/\/yoast.com\/wordpress\/plugins\/seo\/ -->\n<title>Desarrollo de un est\u00e1ndar - Qualit\u00e4tsmanagement, Nachhaltigkeit<\/title>\n<meta name=\"robots\" content=\"index, follow, max-snippet:-1, max-image-preview:large, max-video-preview:-1\" \/>\n<link rel=\"canonical\" href=\"https:\/\/www.vonkampenconsult.com\/es\/desarrollo-de-un-estandar\/\" \/>\n<meta property=\"og:locale\" content=\"es_ES\" \/>\n<meta property=\"og:type\" content=\"article\" \/>\n<meta property=\"og:title\" content=\"Desarrollo de un est\u00e1ndar - Qualit\u00e4tsmanagement, Nachhaltigkeit\" \/>\n<meta property=\"og:description\" content=\"Desarrollo de un est\u00e1ndar Desde el desarrollo de est\u00e1ndares para marcas\u00a0propias hasta acreditaciones internacionales La responsabilidad es su clave para una calidad sostenible. La responsabilidad\u00a0operativa se refleja en un est\u00e1ndar. Porque esta herramienta es una\u00a0declaraci\u00f3n de su compromiso con su filosof\u00eda y los objetivos de su empresa a\u00a0nivel global, ya sea mediante un est\u00e1ndar con [&hellip;]\" \/>\n<meta property=\"og:url\" content=\"https:\/\/www.vonkampenconsult.com\/es\/desarrollo-de-un-estandar\/\" \/>\n<meta property=\"og:site_name\" content=\"Qualit\u00e4tsmanagement, Nachhaltigkeit\" \/>\n<meta property=\"article:modified_time\" content=\"2019-03-20T21:24:42+00:00\" \/>\n<meta name=\"twitter:card\" content=\"summary_large_image\" \/>\n<meta name=\"twitter:label1\" content=\"Tiempo de lectura\" \/>\n\t<meta name=\"twitter:data1\" content=\"4 minutos\" \/>\n<script type=\"application\/ld+json\" class=\"yoast-schema-graph\">{\"@context\":\"https:\/\/schema.org\",\"@graph\":[{\"@type\":\"WebPage\",\"@id\":\"https:\/\/www.vonkampenconsult.com\/es\/desarrollo-de-un-estandar\/\",\"url\":\"https:\/\/www.vonkampenconsult.com\/es\/desarrollo-de-un-estandar\/\",\"name\":\"Desarrollo de un est\u00e1ndar - Qualit\u00e4tsmanagement, Nachhaltigkeit\",\"isPartOf\":{\"@id\":\"https:\/\/www.vonkampenconsult.com\/#website\"},\"datePublished\":\"2017-01-24T09:06:56+00:00\",\"dateModified\":\"2019-03-20T21:24:42+00:00\",\"breadcrumb\":{\"@id\":\"https:\/\/www.vonkampenconsult.com\/es\/desarrollo-de-un-estandar\/#breadcrumb\"},\"inLanguage\":\"es\",\"potentialAction\":[{\"@type\":\"ReadAction\",\"target\":[\"https:\/\/www.vonkampenconsult.com\/es\/desarrollo-de-un-estandar\/\"]}]},{\"@type\":\"BreadcrumbList\",\"@id\":\"https:\/\/www.vonkampenconsult.com\/es\/desarrollo-de-un-estandar\/#breadcrumb\",\"itemListElement\":[{\"@type\":\"ListItem\",\"position\":1,\"name\":\"Home\",\"item\":\"https:\/\/www.vonkampenconsult.com\/es\/\"},{\"@type\":\"ListItem\",\"position\":2,\"name\":\"Desarrollo de un est\u00e1ndar\"}]},{\"@type\":\"WebSite\",\"@id\":\"https:\/\/www.vonkampenconsult.com\/#website\",\"url\":\"https:\/\/www.vonkampenconsult.com\/\",\"name\":\"Qualit\u00e4tsmanagement, Nachhaltigkeit\",\"description\":\"vonKampenConsult\",\"potentialAction\":[{\"@type\":\"SearchAction\",\"target\":{\"@type\":\"EntryPoint\",\"urlTemplate\":\"https:\/\/www.vonkampenconsult.com\/?s={search_term_string}\"},\"query-input\":{\"@type\":\"PropertyValueSpecification\",\"valueRequired\":true,\"valueName\":\"search_term_string\"}}],\"inLanguage\":\"es\"}]}<\/script>\n<!-- \/ Yoast SEO plugin. -->","yoast_head_json":{"title":"Desarrollo de un est\u00e1ndar - Qualit\u00e4tsmanagement, Nachhaltigkeit","robots":{"index":"index","follow":"follow","max-snippet":"max-snippet:-1","max-image-preview":"max-image-preview:large","max-video-preview":"max-video-preview:-1"},"canonical":"https:\/\/www.vonkampenconsult.com\/es\/desarrollo-de-un-estandar\/","og_locale":"es_ES","og_type":"article","og_title":"Desarrollo de un est\u00e1ndar - Qualit\u00e4tsmanagement, Nachhaltigkeit","og_description":"Desarrollo de un est\u00e1ndar Desde el desarrollo de est\u00e1ndares para marcas\u00a0propias hasta acreditaciones internacionales La responsabilidad es su clave para una calidad sostenible. La responsabilidad\u00a0operativa se refleja en un est\u00e1ndar. Porque esta herramienta es una\u00a0declaraci\u00f3n de su compromiso con su filosof\u00eda y los objetivos de su empresa a\u00a0nivel global, ya sea mediante un est\u00e1ndar con [&hellip;]","og_url":"https:\/\/www.vonkampenconsult.com\/es\/desarrollo-de-un-estandar\/","og_site_name":"Qualit\u00e4tsmanagement, Nachhaltigkeit","article_modified_time":"2019-03-20T21:24:42+00:00","twitter_card":"summary_large_image","twitter_misc":{"Tiempo de lectura":"4 minutos"},"schema":{"@context":"https:\/\/schema.org","@graph":[{"@type":"WebPage","@id":"https:\/\/www.vonkampenconsult.com\/es\/desarrollo-de-un-estandar\/","url":"https:\/\/www.vonkampenconsult.com\/es\/desarrollo-de-un-estandar\/","name":"Desarrollo de un est\u00e1ndar - Qualit\u00e4tsmanagement, Nachhaltigkeit","isPartOf":{"@id":"https:\/\/www.vonkampenconsult.com\/#website"},"datePublished":"2017-01-24T09:06:56+00:00","dateModified":"2019-03-20T21:24:42+00:00","breadcrumb":{"@id":"https:\/\/www.vonkampenconsult.com\/es\/desarrollo-de-un-estandar\/#breadcrumb"},"inLanguage":"es","potentialAction":[{"@type":"ReadAction","target":["https:\/\/www.vonkampenconsult.com\/es\/desarrollo-de-un-estandar\/"]}]},{"@type":"BreadcrumbList","@id":"https:\/\/www.vonkampenconsult.com\/es\/desarrollo-de-un-estandar\/#breadcrumb","itemListElement":[{"@type":"ListItem","position":1,"name":"Home","item":"https:\/\/www.vonkampenconsult.com\/es\/"},{"@type":"ListItem","position":2,"name":"Desarrollo de un est\u00e1ndar"}]},{"@type":"WebSite","@id":"https:\/\/www.vonkampenconsult.com\/#website","url":"https:\/\/www.vonkampenconsult.com\/","name":"Qualit\u00e4tsmanagement, Nachhaltigkeit","description":"vonKampenConsult","potentialAction":[{"@type":"SearchAction","target":{"@type":"EntryPoint","urlTemplate":"https:\/\/www.vonkampenconsult.com\/?s={search_term_string}"},"query-input":{"@type":"PropertyValueSpecification","valueRequired":true,"valueName":"search_term_string"}}],"inLanguage":"es"}]}},"_links":{"self":[{"href":"https:\/\/www.vonkampenconsult.com\/es\/wp-json\/wp\/v2\/pages\/644","targetHints":{"allow":["GET"]}}],"collection":[{"href":"https:\/\/www.vonkampenconsult.com\/es\/wp-json\/wp\/v2\/pages"}],"about":[{"href":"https:\/\/www.vonkampenconsult.com\/es\/wp-json\/wp\/v2\/types\/page"}],"author":[{"embeddable":true,"href":"https:\/\/www.vonkampenconsult.com\/es\/wp-json\/wp\/v2\/users\/1"}],"replies":[{"embeddable":true,"href":"https:\/\/www.vonkampenconsult.com\/es\/wp-json\/wp\/v2\/comments?post=644"}],"version-history":[{"count":10,"href":"https:\/\/www.vonkampenconsult.com\/es\/wp-json\/wp\/v2\/pages\/644\/revisions"}],"predecessor-version":[{"id":1959,"href":"https:\/\/www.vonkampenconsult.com\/es\/wp-json\/wp\/v2\/pages\/644\/revisions\/1959"}],"wp:attachment":[{"href":"https:\/\/www.vonkampenconsult.com\/es\/wp-json\/wp\/v2\/media?parent=644"}],"curies":[{"name":"wp","href":"https:\/\/api.w.org\/{rel}","templated":true}]}}