{"id":647,"date":"2017-01-24T10:09:02","date_gmt":"2017-01-24T09:09:02","guid":{"rendered":"https:\/\/www.vonkampenconsult.com\/handbuecher\/"},"modified":"2019-03-16T01:09:31","modified_gmt":"2019-03-16T00:09:31","slug":"manuales-de-qm","status":"publish","type":"page","link":"https:\/\/www.vonkampenconsult.com\/es\/manuales-de-qm\/","title":{"rendered":"Manuales de QM"},"content":{"rendered":"<p>[et_pb_section bb_built=\u00bb1&#8243; fullwidth=\u00bbon\u00bb specialty=\u00bboff\u00bb _builder_version=\u00bb3.13.1&#8243; background_color=\u00bb#288915&#8243; custom_padding=\u00bb2px|||\u00bb module_id=\u00bbstroke-mobil\u00bb disabled=\u00bboff\u00bb disabled_on=\u00bboff|off|on\u00bb next_background_color=\u00bb#000000&#8243; global_module=\u00bb1667&#8243;][\/et_pb_section][et_pb_section bb_built=\u00bb1&#8243; fullwidth=\u00bbon\u00bb specialty=\u00bboff\u00bb next_background_color=\u00bb#45525a\u00bb _builder_version=\u00bb3.13.1&#8243; background_color=\u00bb#288915&#8243; custom_padding=\u00bb2px||0px|\u00bb module_id=\u00bbsticky\u00bb disabled=\u00bboff\u00bb disabled_on=\u00bbon|on|\u00bb prev_background_color=\u00bb#000000&#8243; global_module=\u00bb1666&#8243;][\/et_pb_section][et_pb_section bb_built=\u00bb1&#8243; admin_label=\u00bbsection\u00bb custom_padding_last_edited=\u00bbon|phone\u00bb _builder_version=\u00bb3.13.1&#8243; background_color=\u00bb#45525a\u00bb custom_padding=\u00bb50px||450px|\u00bb custom_padding_phone=\u00bb50px||0px|\u00bb prev_background_color=\u00bb#288915&#8243;][et_pb_row _builder_version=\u00bb3.0.48&#8243; background_size=\u00bbinitial\u00bb background_position=\u00bbtop_left\u00bb background_repeat=\u00bbrepeat\u00bb][et_pb_column type=\u00bb1_4&#8243;][et_pb_button button_url=\u00bbhttps:\/\/www.vonkampenconsult.com\/es\/\u00bb button_text=\u00bbAtr\u00e1s\u00bb button_alignment=\u00bbleft\u00bb _builder_version=\u00bb3.13.1&#8243; background_layout=\u00bbdark\u00bb]<br \/>\n[\/et_pb_button][\/et_pb_column][et_pb_column type=\u00bb1_4&#8243;][\/et_pb_column][et_pb_column type=\u00bb1_4&#8243;][\/et_pb_column][et_pb_column type=\u00bb1_4&#8243;][\/et_pb_column][\/et_pb_row][et_pb_row admin_label=\u00bbrow\u00bb _builder_version=\u00bb3.0.47&#8243; background_size=\u00bbinitial\u00bb background_position=\u00bbtop_left\u00bb background_repeat=\u00bbrepeat\u00bb][et_pb_column type=\u00bb4_4&#8243;][et_pb_text _builder_version=\u00bb3.13.1&#8243; text_font_size=\u00bb50&#8243; text_font_size_phone=\u00bb35&#8243; text_font_size_last_edited=\u00bbon|phone\u00bb background_size=\u00bbinitial\u00bb background_position=\u00bbtop_left\u00bb background_repeat=\u00bbrepeat\u00bb background_layout=\u00bbdark\u00bb custom_padding=\u00bb||50px|\u00bb use_border_color=\u00bboff\u00bb border_color=\u00bb#ffffff\u00bb border_style=\u00bbsolid\u00bb]<\/p>\n<p><strong>Manuales de QM<\/strong><\/p>\n<p>[\/et_pb_text][et_pb_text _builder_version=\u00bb3.0.87&#8243; text_font_size=\u00bb18&#8243; background_size=\u00bbinitial\u00bb background_position=\u00bbtop_left\u00bb background_repeat=\u00bbrepeat\u00bb background_layout=\u00bbdark\u00bb custom_padding=\u00bb||10px|\u00bb use_border_color=\u00bboff\u00bb border_color=\u00bb#ffffff\u00bb border_style=\u00bbsolid\u00bb]<\/p>\n<p class=\"moto-text_normal\">vonKampenConsult apuesta por una tecnolog\u00eda a la \u00faltima y soluciones multimedia para mejorar de manera significativa los sistemas de gesti\u00f3n de las empresas. Incluso las peque\u00f1as empresas pueden beneficiarse de las innovaciones t\u00e9cnicas. Con ello vonKampenConsult adoptar un nuevo enfoque en lo que respecta a garant\u00eda de calidad, gesti\u00f3n de riesgos y sostenibilidad. El manual, los an\u00e1lisis de riesgos, los programas de ensayo, limpieza o mantenimiento y las listas de comprobaci\u00f3n o las instrucciones de trabajo, todo ello se almacena de forma centralizada en un centro de datos alem\u00e1n. Puede editar los datos de manera segura y confortable accediendo a la nube a trav\u00e9s de la red y trabajar en nuestro servidor.<\/p>\n<p class=\"moto-text_normal\"><strong>Los sistemas de gesti\u00f3n para garant\u00eda de calidad, gesti\u00f3n de riesgos y\u00a0<\/strong><strong>sostenibilidad son una cuesti\u00f3n de trabajo en equipo<\/strong><br \/>\nSolo sus empleados pueden dar vida a un sistema de gesti\u00f3n. Por ello, vonKampenConsult fomenta de manera consciente la responsabilidad personal de los empleados frente a sus clientes en lugar de su dependencia de nosotros. Adem\u00e1s, nos basamos en una red de expertos cualificados para poder ofrecer siempre la soluci\u00f3n \u00f3ptima y m\u00e1s eficiente. De este modo, incluso vonKampenConsult mantiene una organizaci\u00f3n reducida. Esta flexibilidad nos ayuda a recorrer nuevos caminos, con innovaciones que nos permiten impulsar con fuerza este sector.<\/p>\n<p class=\"moto-text_normal\"><strong>Comunicaci\u00f3n audiovisual entre empleados<\/strong><br \/>\nLa gesti\u00f3n moderna suele requerir procesos t\u00e9cnicos complejos. La capacidad de representar con precisi\u00f3n y al detalle temas de dif\u00edcil explicaci\u00f3n puede ser un factor determinante para el \u00e9xito. Es imprescindible evitar el rechazo por parte de los empleados, o incluso que tengan miedo de utilizarlo. Las im\u00e1genes animadas aclaran los procesos complejos. En combinaci\u00f3n con nuestro software, producen importantes sinergias. Este permite acoplar o incorporar como hiperenlace secuencias de v\u00eddeo, presentaciones o figuras con toda facilidad a los documentos escritos. Un simple clic con el rat\u00f3n basta para editar los m\u00f3dulos multimedia sobre el tema en cuesti\u00f3n.<\/p>\n<p>[\/et_pb_text][\/et_pb_column][\/et_pb_row][\/et_pb_section]<\/p>\n","protected":false},"excerpt":{"rendered":"<p>Manuales de QM vonKampenConsult apuesta por una tecnolog\u00eda a la \u00faltima y soluciones multimedia para mejorar de manera significativa los sistemas de gesti\u00f3n de las empresas. Incluso las peque\u00f1as empresas pueden beneficiarse de las innovaciones t\u00e9cnicas. Con ello vonKampenConsult adoptar un nuevo enfoque en lo que respecta a garant\u00eda de calidad, gesti\u00f3n de riesgos y [&hellip;]<\/p>\n","protected":false},"author":1,"featured_media":0,"parent":0,"menu_order":0,"comment_status":"closed","ping_status":"closed","template":"","meta":{"_et_pb_use_builder":"on","_et_pb_old_content":"","_et_gb_content_width":"","footnotes":""},"class_list":["post-647","page","type-page","status-publish","hentry"],"yoast_head":"<!-- This site is optimized with the Yoast SEO plugin v25.8 - https:\/\/yoast.com\/wordpress\/plugins\/seo\/ -->\n<title>Manuales de QM - Qualit\u00e4tsmanagement, Nachhaltigkeit<\/title>\n<meta name=\"robots\" content=\"index, follow, max-snippet:-1, max-image-preview:large, max-video-preview:-1\" \/>\n<link rel=\"canonical\" href=\"https:\/\/www.vonkampenconsult.com\/es\/manuales-de-qm\/\" \/>\n<meta property=\"og:locale\" content=\"es_ES\" \/>\n<meta property=\"og:type\" content=\"article\" \/>\n<meta property=\"og:title\" content=\"Manuales de QM - Qualit\u00e4tsmanagement, Nachhaltigkeit\" \/>\n<meta property=\"og:description\" content=\"Manuales de QM vonKampenConsult apuesta por una tecnolog\u00eda a la \u00faltima y soluciones multimedia para mejorar de manera significativa los sistemas de gesti\u00f3n de las empresas. Incluso las peque\u00f1as empresas pueden beneficiarse de las innovaciones t\u00e9cnicas. Con ello vonKampenConsult adoptar un nuevo enfoque en lo que respecta a garant\u00eda de calidad, gesti\u00f3n de riesgos y [&hellip;]\" \/>\n<meta property=\"og:url\" content=\"https:\/\/www.vonkampenconsult.com\/es\/manuales-de-qm\/\" \/>\n<meta property=\"og:site_name\" content=\"Qualit\u00e4tsmanagement, Nachhaltigkeit\" \/>\n<meta property=\"article:modified_time\" content=\"2019-03-16T00:09:31+00:00\" \/>\n<meta name=\"twitter:card\" content=\"summary_large_image\" \/>\n<meta name=\"twitter:label1\" content=\"Tiempo de lectura\" \/>\n\t<meta name=\"twitter:data1\" content=\"3 minutos\" \/>\n<script type=\"application\/ld+json\" class=\"yoast-schema-graph\">{\"@context\":\"https:\/\/schema.org\",\"@graph\":[{\"@type\":\"WebPage\",\"@id\":\"https:\/\/www.vonkampenconsult.com\/es\/manuales-de-qm\/\",\"url\":\"https:\/\/www.vonkampenconsult.com\/es\/manuales-de-qm\/\",\"name\":\"Manuales de QM - Qualit\u00e4tsmanagement, Nachhaltigkeit\",\"isPartOf\":{\"@id\":\"https:\/\/www.vonkampenconsult.com\/#website\"},\"datePublished\":\"2017-01-24T09:09:02+00:00\",\"dateModified\":\"2019-03-16T00:09:31+00:00\",\"breadcrumb\":{\"@id\":\"https:\/\/www.vonkampenconsult.com\/es\/manuales-de-qm\/#breadcrumb\"},\"inLanguage\":\"es\",\"potentialAction\":[{\"@type\":\"ReadAction\",\"target\":[\"https:\/\/www.vonkampenconsult.com\/es\/manuales-de-qm\/\"]}]},{\"@type\":\"BreadcrumbList\",\"@id\":\"https:\/\/www.vonkampenconsult.com\/es\/manuales-de-qm\/#breadcrumb\",\"itemListElement\":[{\"@type\":\"ListItem\",\"position\":1,\"name\":\"Home\",\"item\":\"https:\/\/www.vonkampenconsult.com\/es\/\"},{\"@type\":\"ListItem\",\"position\":2,\"name\":\"Manuales de QM\"}]},{\"@type\":\"WebSite\",\"@id\":\"https:\/\/www.vonkampenconsult.com\/#website\",\"url\":\"https:\/\/www.vonkampenconsult.com\/\",\"name\":\"Qualit\u00e4tsmanagement, Nachhaltigkeit\",\"description\":\"vonKampenConsult\",\"potentialAction\":[{\"@type\":\"SearchAction\",\"target\":{\"@type\":\"EntryPoint\",\"urlTemplate\":\"https:\/\/www.vonkampenconsult.com\/?s={search_term_string}\"},\"query-input\":{\"@type\":\"PropertyValueSpecification\",\"valueRequired\":true,\"valueName\":\"search_term_string\"}}],\"inLanguage\":\"es\"}]}<\/script>\n<!-- \/ Yoast SEO plugin. -->","yoast_head_json":{"title":"Manuales de QM - Qualit\u00e4tsmanagement, Nachhaltigkeit","robots":{"index":"index","follow":"follow","max-snippet":"max-snippet:-1","max-image-preview":"max-image-preview:large","max-video-preview":"max-video-preview:-1"},"canonical":"https:\/\/www.vonkampenconsult.com\/es\/manuales-de-qm\/","og_locale":"es_ES","og_type":"article","og_title":"Manuales de QM - Qualit\u00e4tsmanagement, Nachhaltigkeit","og_description":"Manuales de QM vonKampenConsult apuesta por una tecnolog\u00eda a la \u00faltima y soluciones multimedia para mejorar de manera significativa los sistemas de gesti\u00f3n de las empresas. Incluso las peque\u00f1as empresas pueden beneficiarse de las innovaciones t\u00e9cnicas. Con ello vonKampenConsult adoptar un nuevo enfoque en lo que respecta a garant\u00eda de calidad, gesti\u00f3n de riesgos y [&hellip;]","og_url":"https:\/\/www.vonkampenconsult.com\/es\/manuales-de-qm\/","og_site_name":"Qualit\u00e4tsmanagement, Nachhaltigkeit","article_modified_time":"2019-03-16T00:09:31+00:00","twitter_card":"summary_large_image","twitter_misc":{"Tiempo de lectura":"3 minutos"},"schema":{"@context":"https:\/\/schema.org","@graph":[{"@type":"WebPage","@id":"https:\/\/www.vonkampenconsult.com\/es\/manuales-de-qm\/","url":"https:\/\/www.vonkampenconsult.com\/es\/manuales-de-qm\/","name":"Manuales de QM - Qualit\u00e4tsmanagement, Nachhaltigkeit","isPartOf":{"@id":"https:\/\/www.vonkampenconsult.com\/#website"},"datePublished":"2017-01-24T09:09:02+00:00","dateModified":"2019-03-16T00:09:31+00:00","breadcrumb":{"@id":"https:\/\/www.vonkampenconsult.com\/es\/manuales-de-qm\/#breadcrumb"},"inLanguage":"es","potentialAction":[{"@type":"ReadAction","target":["https:\/\/www.vonkampenconsult.com\/es\/manuales-de-qm\/"]}]},{"@type":"BreadcrumbList","@id":"https:\/\/www.vonkampenconsult.com\/es\/manuales-de-qm\/#breadcrumb","itemListElement":[{"@type":"ListItem","position":1,"name":"Home","item":"https:\/\/www.vonkampenconsult.com\/es\/"},{"@type":"ListItem","position":2,"name":"Manuales de QM"}]},{"@type":"WebSite","@id":"https:\/\/www.vonkampenconsult.com\/#website","url":"https:\/\/www.vonkampenconsult.com\/","name":"Qualit\u00e4tsmanagement, Nachhaltigkeit","description":"vonKampenConsult","potentialAction":[{"@type":"SearchAction","target":{"@type":"EntryPoint","urlTemplate":"https:\/\/www.vonkampenconsult.com\/?s={search_term_string}"},"query-input":{"@type":"PropertyValueSpecification","valueRequired":true,"valueName":"search_term_string"}}],"inLanguage":"es"}]}},"_links":{"self":[{"href":"https:\/\/www.vonkampenconsult.com\/es\/wp-json\/wp\/v2\/pages\/647","targetHints":{"allow":["GET"]}}],"collection":[{"href":"https:\/\/www.vonkampenconsult.com\/es\/wp-json\/wp\/v2\/pages"}],"about":[{"href":"https:\/\/www.vonkampenconsult.com\/es\/wp-json\/wp\/v2\/types\/page"}],"author":[{"embeddable":true,"href":"https:\/\/www.vonkampenconsult.com\/es\/wp-json\/wp\/v2\/users\/1"}],"replies":[{"embeddable":true,"href":"https:\/\/www.vonkampenconsult.com\/es\/wp-json\/wp\/v2\/comments?post=647"}],"version-history":[{"count":7,"href":"https:\/\/www.vonkampenconsult.com\/es\/wp-json\/wp\/v2\/pages\/647\/revisions"}],"predecessor-version":[{"id":1901,"href":"https:\/\/www.vonkampenconsult.com\/es\/wp-json\/wp\/v2\/pages\/647\/revisions\/1901"}],"wp:attachment":[{"href":"https:\/\/www.vonkampenconsult.com\/es\/wp-json\/wp\/v2\/media?parent=647"}],"curies":[{"name":"wp","href":"https:\/\/api.w.org\/{rel}","templated":true}]}}