{"id":650,"date":"2017-01-24T10:09:30","date_gmt":"2017-01-24T09:09:30","guid":{"rendered":"https:\/\/www.vonkampenconsult.com\/monitoring\/"},"modified":"2019-03-16T01:13:14","modified_gmt":"2019-03-16T00:13:14","slug":"monitorizacion","status":"publish","type":"page","link":"https:\/\/www.vonkampenconsult.com\/es\/monitorizacion\/","title":{"rendered":"Monitorizaci\u00f3n"},"content":{"rendered":"<p>[et_pb_section bb_built=\u00bb1&#8243; fullwidth=\u00bbon\u00bb specialty=\u00bboff\u00bb _builder_version=\u00bb3.13.1&#8243; background_color=\u00bb#288915&#8243; custom_padding=\u00bb2px|||\u00bb module_id=\u00bbstroke-mobil\u00bb disabled=\u00bboff\u00bb disabled_on=\u00bboff|off|on\u00bb next_background_color=\u00bb#000000&#8243; global_module=\u00bb1667&#8243;][\/et_pb_section][et_pb_section bb_built=\u00bb1&#8243; fullwidth=\u00bbon\u00bb specialty=\u00bboff\u00bb next_background_color=\u00bb#45525a\u00bb _builder_version=\u00bb3.13.1&#8243; background_color=\u00bb#288915&#8243; custom_padding=\u00bb2px||0px|\u00bb module_id=\u00bbsticky\u00bb disabled=\u00bboff\u00bb disabled_on=\u00bbon|on|\u00bb prev_background_color=\u00bb#000000&#8243; global_module=\u00bb1666&#8243;][\/et_pb_section][et_pb_section bb_built=\u00bb1&#8243; admin_label=\u00bbsection\u00bb custom_padding_last_edited=\u00bbon|phone\u00bb _builder_version=\u00bb3.13.1&#8243; background_color=\u00bb#45525a\u00bb custom_padding=\u00bb50px||450px|\u00bb custom_padding_phone=\u00bb50px||0px|\u00bb prev_background_color=\u00bb#288915&#8243;][et_pb_row _builder_version=\u00bb3.0.48&#8243; background_size=\u00bbinitial\u00bb background_position=\u00bbtop_left\u00bb background_repeat=\u00bbrepeat\u00bb][et_pb_column type=\u00bb1_4&#8243;][et_pb_button button_url=\u00bbhttps:\/\/www.vonkampenconsult.com\/es\/\u00bb button_text=\u00bbAtr\u00e1s\u00bb button_alignment=\u00bbleft\u00bb _builder_version=\u00bb3.13.1&#8243; background_layout=\u00bbdark\u00bb]<\/p>\n<p>&nbsp;<\/p>\n<p>[\/et_pb_button][\/et_pb_column][et_pb_column type=\u00bb1_4&#8243;][\/et_pb_column][et_pb_column type=\u00bb1_4&#8243;][\/et_pb_column][et_pb_column type=\u00bb1_4&#8243;][\/et_pb_column][\/et_pb_row][et_pb_row admin_label=\u00bbrow\u00bb _builder_version=\u00bb3.0.47&#8243; background_size=\u00bbinitial\u00bb background_position=\u00bbtop_left\u00bb background_repeat=\u00bbrepeat\u00bb][et_pb_column type=\u00bb4_4&#8243;][et_pb_text _builder_version=\u00bb3.0.87&#8243; text_font_size=\u00bb50&#8243; text_font_size_phone=\u00bb35&#8243; text_font_size_last_edited=\u00bbon|phone\u00bb background_size=\u00bbinitial\u00bb background_position=\u00bbtop_left\u00bb background_repeat=\u00bbrepeat\u00bb background_layout=\u00bbdark\u00bb custom_padding=\u00bb||50px|\u00bb use_border_color=\u00bboff\u00bb border_color=\u00bb#ffffff\u00bb border_style=\u00bbsolid\u00bb]<\/p>\n<p><strong>Monitorizaci\u00f3n<\/strong><\/p>\n<p>[\/et_pb_text][et_pb_text _builder_version=\u00bb3.13.1&#8243; text_font=\u00bb|700|||||||\u00bb text_font_size=\u00bb30px\u00bb text_line_height=\u00bb1.4em\u00bb background_size=\u00bbinitial\u00bb background_position=\u00bbtop_left\u00bb background_repeat=\u00bbrepeat\u00bb background_layout=\u00bbdark\u00bb custom_padding=\u00bb|||\u00bb use_border_color=\u00bboff\u00bb border_color=\u00bb#ffffff\u00bb border_style=\u00bbsolid\u00bb text_line_height_last_edited=\u00bbon|phone\u00bb text_line_height_phone=\u00bb1em\u00bb]<\/p>\n<p><strong>Seguimiento constante de sus procesos mediante\u00a0<\/strong><strong>sistemas de monitorizaci\u00f3n especializados<\/strong><\/p>\n<p>[\/et_pb_text][et_pb_text _builder_version=\u00bb3.0.87&#8243; text_font_size=\u00bb18&#8243; text_line_height=\u00bb1.3em\u00bb background_size=\u00bbinitial\u00bb background_position=\u00bbtop_left\u00bb background_repeat=\u00bbrepeat\u00bb background_layout=\u00bbdark\u00bb custom_padding=\u00bb|||\u00bb use_border_color=\u00bboff\u00bb border_color=\u00bb#ffffff\u00bb border_style=\u00bbsolid\u00bb]<\/p>\n<p>Implementamos la monitorizaci\u00f3n con un planteamiento ampliamente procedimental. Tomemos como ejemplo el abastecimiento de materia prima para la producci\u00f3n de productos agrarios y alimenticios: en este caso, la monitorizaci\u00f3n abarca todos los procesos relacionados con la observaci\u00f3n y el registro durante un periodo prolongado de las condiciones de cultivo, almacenamiento, tratamiento del producto y transporte, teniendo en cuenta la regi\u00f3n de procedencia y con ayuda de datos anal\u00edticos. Los datos obtenidos se incorporan a la gesti\u00f3n de riesgos y la evaluaci\u00f3n de proveedores.<\/p>\n<p><strong>Producci\u00f3n de alimentos: supervisi\u00f3n permanente para una protecci\u00f3n fiable\u00a0<\/strong><strong>del consumidor<\/strong><br \/>\nEn los productos agrarios y alimenticios, es necesario tener en cuenta todo el espectro, desde antes de la siembra, pasando por la siembra en s\u00ed hasta la cosecha, el transporte, al almacenamiento, el tratamiento y la producci\u00f3n. La observaci\u00f3n y la evaluaci\u00f3n del estado de los productos agrarios y los alimentos son medidas imprescindibles para garantizar la seguridad del consumidor. Mediante la supervisi\u00f3n permanente de la cadena de producci\u00f3n, puede evitarse la contaminaci\u00f3n involuntaria de los productos. Para alcanzar este objetivo de manera fiable y sin fisuras, vonKampenConsult trabaja con un sistema de monitorizaci\u00f3n desarrollado espec\u00edficamente para el sector agrario y de la alimentaci\u00f3n.<\/p>\n<p><strong>\u00bfQu\u00e9 hace exclusivos a nuestros sistemas de monitorizaci\u00f3n?<\/strong><br \/>\n\u00a1Su absoluta orientaci\u00f3n al sector agrario y de la alimentaci\u00f3n y sus enlaces inteligentes! Nuestra monitorizaci\u00f3n puede acoplarse activamente al sistema de gesti\u00f3n de riesgos y al sistema de gesti\u00f3n de informaci\u00f3n de laboratorio (LIMS). Puede realizar el muestreo personalmente o encarg\u00e1rselo a uno de nuestros laboratorios asociados.<\/p>\n<p>[\/et_pb_text][\/et_pb_column][\/et_pb_row][\/et_pb_section]<\/p>\n","protected":false},"excerpt":{"rendered":"<p>&nbsp; Monitorizaci\u00f3n Seguimiento constante de sus procesos mediante\u00a0sistemas de monitorizaci\u00f3n especializados Implementamos la monitorizaci\u00f3n con un planteamiento ampliamente procedimental. Tomemos como ejemplo el abastecimiento de materia prima para la producci\u00f3n de productos agrarios y alimenticios: en este caso, la monitorizaci\u00f3n abarca todos los procesos relacionados con la observaci\u00f3n y el registro durante un periodo prolongado [&hellip;]<\/p>\n","protected":false},"author":1,"featured_media":0,"parent":0,"menu_order":0,"comment_status":"closed","ping_status":"closed","template":"","meta":{"_et_pb_use_builder":"on","_et_pb_old_content":"","_et_gb_content_width":"","footnotes":""},"class_list":["post-650","page","type-page","status-publish","hentry"],"yoast_head":"<!-- This site is optimized with the Yoast SEO plugin v25.8 - https:\/\/yoast.com\/wordpress\/plugins\/seo\/ -->\n<title>Monitorizaci\u00f3n - Qualit\u00e4tsmanagement, Nachhaltigkeit<\/title>\n<meta name=\"robots\" content=\"index, follow, max-snippet:-1, max-image-preview:large, max-video-preview:-1\" \/>\n<link rel=\"canonical\" href=\"https:\/\/www.vonkampenconsult.com\/es\/monitorizacion\/\" \/>\n<meta property=\"og:locale\" content=\"es_ES\" \/>\n<meta property=\"og:type\" content=\"article\" \/>\n<meta property=\"og:title\" content=\"Monitorizaci\u00f3n - Qualit\u00e4tsmanagement, Nachhaltigkeit\" \/>\n<meta property=\"og:description\" content=\"&nbsp; Monitorizaci\u00f3n Seguimiento constante de sus procesos mediante\u00a0sistemas de monitorizaci\u00f3n especializados Implementamos la monitorizaci\u00f3n con un planteamiento ampliamente procedimental. Tomemos como ejemplo el abastecimiento de materia prima para la producci\u00f3n de productos agrarios y alimenticios: en este caso, la monitorizaci\u00f3n abarca todos los procesos relacionados con la observaci\u00f3n y el registro durante un periodo prolongado [&hellip;]\" \/>\n<meta property=\"og:url\" content=\"https:\/\/www.vonkampenconsult.com\/es\/monitorizacion\/\" \/>\n<meta property=\"og:site_name\" content=\"Qualit\u00e4tsmanagement, Nachhaltigkeit\" \/>\n<meta property=\"article:modified_time\" content=\"2019-03-16T00:13:14+00:00\" \/>\n<meta name=\"twitter:card\" content=\"summary_large_image\" \/>\n<meta name=\"twitter:label1\" content=\"Tiempo de lectura\" \/>\n\t<meta name=\"twitter:data1\" content=\"3 minutos\" \/>\n<script type=\"application\/ld+json\" class=\"yoast-schema-graph\">{\"@context\":\"https:\/\/schema.org\",\"@graph\":[{\"@type\":\"WebPage\",\"@id\":\"https:\/\/www.vonkampenconsult.com\/es\/monitorizacion\/\",\"url\":\"https:\/\/www.vonkampenconsult.com\/es\/monitorizacion\/\",\"name\":\"Monitorizaci\u00f3n - Qualit\u00e4tsmanagement, Nachhaltigkeit\",\"isPartOf\":{\"@id\":\"https:\/\/www.vonkampenconsult.com\/#website\"},\"datePublished\":\"2017-01-24T09:09:30+00:00\",\"dateModified\":\"2019-03-16T00:13:14+00:00\",\"breadcrumb\":{\"@id\":\"https:\/\/www.vonkampenconsult.com\/es\/monitorizacion\/#breadcrumb\"},\"inLanguage\":\"es\",\"potentialAction\":[{\"@type\":\"ReadAction\",\"target\":[\"https:\/\/www.vonkampenconsult.com\/es\/monitorizacion\/\"]}]},{\"@type\":\"BreadcrumbList\",\"@id\":\"https:\/\/www.vonkampenconsult.com\/es\/monitorizacion\/#breadcrumb\",\"itemListElement\":[{\"@type\":\"ListItem\",\"position\":1,\"name\":\"Home\",\"item\":\"https:\/\/www.vonkampenconsult.com\/es\/\"},{\"@type\":\"ListItem\",\"position\":2,\"name\":\"Monitorizaci\u00f3n\"}]},{\"@type\":\"WebSite\",\"@id\":\"https:\/\/www.vonkampenconsult.com\/#website\",\"url\":\"https:\/\/www.vonkampenconsult.com\/\",\"name\":\"Qualit\u00e4tsmanagement, Nachhaltigkeit\",\"description\":\"vonKampenConsult\",\"potentialAction\":[{\"@type\":\"SearchAction\",\"target\":{\"@type\":\"EntryPoint\",\"urlTemplate\":\"https:\/\/www.vonkampenconsult.com\/?s={search_term_string}\"},\"query-input\":{\"@type\":\"PropertyValueSpecification\",\"valueRequired\":true,\"valueName\":\"search_term_string\"}}],\"inLanguage\":\"es\"}]}<\/script>\n<!-- \/ Yoast SEO plugin. -->","yoast_head_json":{"title":"Monitorizaci\u00f3n - Qualit\u00e4tsmanagement, Nachhaltigkeit","robots":{"index":"index","follow":"follow","max-snippet":"max-snippet:-1","max-image-preview":"max-image-preview:large","max-video-preview":"max-video-preview:-1"},"canonical":"https:\/\/www.vonkampenconsult.com\/es\/monitorizacion\/","og_locale":"es_ES","og_type":"article","og_title":"Monitorizaci\u00f3n - Qualit\u00e4tsmanagement, Nachhaltigkeit","og_description":"&nbsp; Monitorizaci\u00f3n Seguimiento constante de sus procesos mediante\u00a0sistemas de monitorizaci\u00f3n especializados Implementamos la monitorizaci\u00f3n con un planteamiento ampliamente procedimental. Tomemos como ejemplo el abastecimiento de materia prima para la producci\u00f3n de productos agrarios y alimenticios: en este caso, la monitorizaci\u00f3n abarca todos los procesos relacionados con la observaci\u00f3n y el registro durante un periodo prolongado [&hellip;]","og_url":"https:\/\/www.vonkampenconsult.com\/es\/monitorizacion\/","og_site_name":"Qualit\u00e4tsmanagement, Nachhaltigkeit","article_modified_time":"2019-03-16T00:13:14+00:00","twitter_card":"summary_large_image","twitter_misc":{"Tiempo de lectura":"3 minutos"},"schema":{"@context":"https:\/\/schema.org","@graph":[{"@type":"WebPage","@id":"https:\/\/www.vonkampenconsult.com\/es\/monitorizacion\/","url":"https:\/\/www.vonkampenconsult.com\/es\/monitorizacion\/","name":"Monitorizaci\u00f3n - Qualit\u00e4tsmanagement, Nachhaltigkeit","isPartOf":{"@id":"https:\/\/www.vonkampenconsult.com\/#website"},"datePublished":"2017-01-24T09:09:30+00:00","dateModified":"2019-03-16T00:13:14+00:00","breadcrumb":{"@id":"https:\/\/www.vonkampenconsult.com\/es\/monitorizacion\/#breadcrumb"},"inLanguage":"es","potentialAction":[{"@type":"ReadAction","target":["https:\/\/www.vonkampenconsult.com\/es\/monitorizacion\/"]}]},{"@type":"BreadcrumbList","@id":"https:\/\/www.vonkampenconsult.com\/es\/monitorizacion\/#breadcrumb","itemListElement":[{"@type":"ListItem","position":1,"name":"Home","item":"https:\/\/www.vonkampenconsult.com\/es\/"},{"@type":"ListItem","position":2,"name":"Monitorizaci\u00f3n"}]},{"@type":"WebSite","@id":"https:\/\/www.vonkampenconsult.com\/#website","url":"https:\/\/www.vonkampenconsult.com\/","name":"Qualit\u00e4tsmanagement, Nachhaltigkeit","description":"vonKampenConsult","potentialAction":[{"@type":"SearchAction","target":{"@type":"EntryPoint","urlTemplate":"https:\/\/www.vonkampenconsult.com\/?s={search_term_string}"},"query-input":{"@type":"PropertyValueSpecification","valueRequired":true,"valueName":"search_term_string"}}],"inLanguage":"es"}]}},"_links":{"self":[{"href":"https:\/\/www.vonkampenconsult.com\/es\/wp-json\/wp\/v2\/pages\/650","targetHints":{"allow":["GET"]}}],"collection":[{"href":"https:\/\/www.vonkampenconsult.com\/es\/wp-json\/wp\/v2\/pages"}],"about":[{"href":"https:\/\/www.vonkampenconsult.com\/es\/wp-json\/wp\/v2\/types\/page"}],"author":[{"embeddable":true,"href":"https:\/\/www.vonkampenconsult.com\/es\/wp-json\/wp\/v2\/users\/1"}],"replies":[{"embeddable":true,"href":"https:\/\/www.vonkampenconsult.com\/es\/wp-json\/wp\/v2\/comments?post=650"}],"version-history":[{"count":10,"href":"https:\/\/www.vonkampenconsult.com\/es\/wp-json\/wp\/v2\/pages\/650\/revisions"}],"predecessor-version":[{"id":1906,"href":"https:\/\/www.vonkampenconsult.com\/es\/wp-json\/wp\/v2\/pages\/650\/revisions\/1906"}],"wp:attachment":[{"href":"https:\/\/www.vonkampenconsult.com\/es\/wp-json\/wp\/v2\/media?parent=650"}],"curies":[{"name":"wp","href":"https:\/\/api.w.org\/{rel}","templated":true}]}}