{"id":660,"date":"2017-01-24T10:10:34","date_gmt":"2017-01-24T09:10:34","guid":{"rendered":"https:\/\/www.vonkampenconsult.com\/probenplanung\/"},"modified":"2019-03-16T01:13:15","modified_gmt":"2019-03-16T00:13:15","slug":"programas-de-ensayo","status":"publish","type":"page","link":"https:\/\/www.vonkampenconsult.com\/es\/programas-de-ensayo\/","title":{"rendered":"Programas de ensayo"},"content":{"rendered":"<p>[et_pb_section bb_built=\u00bb1&#8243; fullwidth=\u00bbon\u00bb specialty=\u00bboff\u00bb _builder_version=\u00bb3.13.1&#8243; background_color=\u00bb#288915&#8243; custom_padding=\u00bb2px|||\u00bb module_id=\u00bbstroke-mobil\u00bb disabled=\u00bboff\u00bb disabled_on=\u00bboff|off|on\u00bb next_background_color=\u00bb#000000&#8243; global_module=\u00bb1667&#8243;][\/et_pb_section][et_pb_section bb_built=\u00bb1&#8243; fullwidth=\u00bbon\u00bb specialty=\u00bboff\u00bb next_background_color=\u00bb#45525a\u00bb _builder_version=\u00bb3.13.1&#8243; background_color=\u00bb#288915&#8243; custom_padding=\u00bb2px||0px|\u00bb module_id=\u00bbsticky\u00bb disabled=\u00bboff\u00bb disabled_on=\u00bbon|on|\u00bb prev_background_color=\u00bb#000000&#8243; global_module=\u00bb1666&#8243;][\/et_pb_section][et_pb_section bb_built=\u00bb1&#8243; admin_label=\u00bbsection\u00bb custom_padding_last_edited=\u00bbon|phone\u00bb _builder_version=\u00bb3.13.1&#8243; background_color=\u00bb#45525a\u00bb custom_padding=\u00bb50px||450px|\u00bb custom_padding_phone=\u00bb50px||0px|\u00bb transparent_background=\u00bboff\u00bb prev_background_color=\u00bb#288915&#8243;][et_pb_row _builder_version=\u00bb3.0.48&#8243; background_size=\u00bbinitial\u00bb background_position=\u00bbtop_left\u00bb background_repeat=\u00bbrepeat\u00bb][et_pb_column type=\u00bb1_4&#8243;][et_pb_button button_url=\u00bbhttps:\/\/www.vonkampenconsult.com\/es\/\u00bb button_text=\u00bbAtr\u00e1s\u00bb button_alignment=\u00bbleft\u00bb _builder_version=\u00bb3.13.1&#8243; background_layout=\u00bbdark\u00bb]<br \/>\n[\/et_pb_button][\/et_pb_column][et_pb_column type=\u00bb1_4&#8243;][\/et_pb_column][et_pb_column type=\u00bb1_4&#8243;][\/et_pb_column][et_pb_column type=\u00bb1_4&#8243;][\/et_pb_column][\/et_pb_row][et_pb_row admin_label=\u00bbrow\u00bb _builder_version=\u00bb3.0.47&#8243; background_size=\u00bbinitial\u00bb background_position=\u00bbtop_left\u00bb background_repeat=\u00bbrepeat\u00bb][et_pb_column type=\u00bb4_4&#8243;][et_pb_text _builder_version=\u00bb3.13.1&#8243; text_font_size=\u00bb50&#8243; text_font_size_phone=\u00bb30px\u00bb text_font_size_last_edited=\u00bbon|phone\u00bb background_size=\u00bbinitial\u00bb background_position=\u00bbtop_left\u00bb background_repeat=\u00bbrepeat\u00bb background_layout=\u00bbdark\u00bb custom_padding=\u00bb||50px|\u00bb use_border_color=\u00bboff\u00bb border_color=\u00bb#ffffff\u00bb border_style=\u00bbsolid\u00bb header_font=\u00bb||||||||\u00bb text_font=\u00bb||||||||\u00bb]<\/p>\n<p><strong>Programas de ensayo<\/strong><\/p>\n<p>[\/et_pb_text][et_pb_text _builder_version=\u00bb3.0.87&#8243; text_font_size=\u00bb18&#8243; background_size=\u00bbinitial\u00bb background_position=\u00bbtop_left\u00bb background_repeat=\u00bbrepeat\u00bb background_layout=\u00bbdark\u00bb custom_padding=\u00bb||10px|\u00bb use_border_color=\u00bboff\u00bb border_color=\u00bb#ffffff\u00bb border_style=\u00bbsolid\u00bb]<\/p>\n<p class=\"moto-text_normal\"><strong>Asesoramiento y administraci\u00f3n de sus programas de ensayo<\/strong><\/p>\n<p class=\"moto-text_normal\"><strong>Elaboraci\u00f3n de sus programas de ensayo con posibilidad de edici\u00f3n manual<\/strong><br \/>\nElabore sus programas de ensayo en base a la evaluaci\u00f3n de riesgos, tal y como requiere, por ejemplo, GMP+International de sus empresas certificadas. Nosotros se lo hacemos autom\u00e1ticamente, incluyendo el c\u00e1lculo integrado. Pero dichos programas de ensayo tambi\u00e9n pueden ajustarse a mano sin problemas. Acceda a una amplia base de datos de par\u00e1metros o incorpore sus propios par\u00e1metros al programa de ensayo.<\/p>\n<p class=\"moto-text_normal\"><strong>Tratamiento por parte de un laboratorio externo<\/strong><br \/>\nPuede autorizar a un laboratorio externo para que se encargue de gestionar dicho programa. Luego, el laboratorio le entregar\u00e1 los resultados con un certificado de an\u00e1lisis. Un sistema de aviso autom\u00e1tico le informar\u00e1 mediante un SMS y\/o correo electr\u00f3nico cuando existan nuevos resultados de an\u00e1lisis.<\/p>\n<p class=\"moto-text_normal\"><strong>Gesti\u00f3n de ensayos inteligente<\/strong><br \/>\nSe puede establecer una cita para realizar el muestreo, y se pueden programar recordatorios de la cita mediante SMS o correo electr\u00f3nico. El programa de ensayo solo se crea una vez y luego vuelve a adoptarse el a\u00f1o siguiente con un simple clic de rat\u00f3n. Si es necesario, siempre pueden realizarse adaptaciones espec\u00edficas.<\/p>\n<p>[\/et_pb_text][\/et_pb_column][\/et_pb_row][\/et_pb_section]<\/p>\n","protected":false},"excerpt":{"rendered":"<p>Programas de ensayo Asesoramiento y administraci\u00f3n de sus programas de ensayo Elaboraci\u00f3n de sus programas de ensayo con posibilidad de edici\u00f3n manual Elabore sus programas de ensayo en base a la evaluaci\u00f3n de riesgos, tal y como requiere, por ejemplo, GMP+International de sus empresas certificadas. Nosotros se lo hacemos autom\u00e1ticamente, incluyendo el c\u00e1lculo integrado. Pero [&hellip;]<\/p>\n","protected":false},"author":1,"featured_media":0,"parent":0,"menu_order":0,"comment_status":"closed","ping_status":"closed","template":"","meta":{"_et_pb_use_builder":"on","_et_pb_old_content":"","_et_gb_content_width":"","footnotes":""},"class_list":["post-660","page","type-page","status-publish","hentry"],"yoast_head":"<!-- This site is optimized with the Yoast SEO plugin v25.8 - https:\/\/yoast.com\/wordpress\/plugins\/seo\/ -->\n<title>Programas de ensayo - Qualit\u00e4tsmanagement, Nachhaltigkeit<\/title>\n<meta name=\"robots\" content=\"index, follow, max-snippet:-1, max-image-preview:large, max-video-preview:-1\" \/>\n<link rel=\"canonical\" href=\"https:\/\/www.vonkampenconsult.com\/es\/programas-de-ensayo\/\" \/>\n<meta property=\"og:locale\" content=\"es_ES\" \/>\n<meta property=\"og:type\" content=\"article\" \/>\n<meta property=\"og:title\" content=\"Programas de ensayo - Qualit\u00e4tsmanagement, Nachhaltigkeit\" \/>\n<meta property=\"og:description\" content=\"Programas de ensayo Asesoramiento y administraci\u00f3n de sus programas de ensayo Elaboraci\u00f3n de sus programas de ensayo con posibilidad de edici\u00f3n manual Elabore sus programas de ensayo en base a la evaluaci\u00f3n de riesgos, tal y como requiere, por ejemplo, GMP+International de sus empresas certificadas. Nosotros se lo hacemos autom\u00e1ticamente, incluyendo el c\u00e1lculo integrado. Pero [&hellip;]\" \/>\n<meta property=\"og:url\" content=\"https:\/\/www.vonkampenconsult.com\/es\/programas-de-ensayo\/\" \/>\n<meta property=\"og:site_name\" content=\"Qualit\u00e4tsmanagement, Nachhaltigkeit\" \/>\n<meta property=\"article:modified_time\" content=\"2019-03-16T00:13:15+00:00\" \/>\n<meta name=\"twitter:card\" content=\"summary_large_image\" \/>\n<meta name=\"twitter:label1\" content=\"Tiempo de lectura\" \/>\n\t<meta name=\"twitter:data1\" content=\"3 minutos\" \/>\n<script type=\"application\/ld+json\" class=\"yoast-schema-graph\">{\"@context\":\"https:\/\/schema.org\",\"@graph\":[{\"@type\":\"WebPage\",\"@id\":\"https:\/\/www.vonkampenconsult.com\/es\/programas-de-ensayo\/\",\"url\":\"https:\/\/www.vonkampenconsult.com\/es\/programas-de-ensayo\/\",\"name\":\"Programas de ensayo - Qualit\u00e4tsmanagement, Nachhaltigkeit\",\"isPartOf\":{\"@id\":\"https:\/\/www.vonkampenconsult.com\/#website\"},\"datePublished\":\"2017-01-24T09:10:34+00:00\",\"dateModified\":\"2019-03-16T00:13:15+00:00\",\"breadcrumb\":{\"@id\":\"https:\/\/www.vonkampenconsult.com\/es\/programas-de-ensayo\/#breadcrumb\"},\"inLanguage\":\"es\",\"potentialAction\":[{\"@type\":\"ReadAction\",\"target\":[\"https:\/\/www.vonkampenconsult.com\/es\/programas-de-ensayo\/\"]}]},{\"@type\":\"BreadcrumbList\",\"@id\":\"https:\/\/www.vonkampenconsult.com\/es\/programas-de-ensayo\/#breadcrumb\",\"itemListElement\":[{\"@type\":\"ListItem\",\"position\":1,\"name\":\"Home\",\"item\":\"https:\/\/www.vonkampenconsult.com\/es\/\"},{\"@type\":\"ListItem\",\"position\":2,\"name\":\"Programas de ensayo\"}]},{\"@type\":\"WebSite\",\"@id\":\"https:\/\/www.vonkampenconsult.com\/#website\",\"url\":\"https:\/\/www.vonkampenconsult.com\/\",\"name\":\"Qualit\u00e4tsmanagement, Nachhaltigkeit\",\"description\":\"vonKampenConsult\",\"potentialAction\":[{\"@type\":\"SearchAction\",\"target\":{\"@type\":\"EntryPoint\",\"urlTemplate\":\"https:\/\/www.vonkampenconsult.com\/?s={search_term_string}\"},\"query-input\":{\"@type\":\"PropertyValueSpecification\",\"valueRequired\":true,\"valueName\":\"search_term_string\"}}],\"inLanguage\":\"es\"}]}<\/script>\n<!-- \/ Yoast SEO plugin. -->","yoast_head_json":{"title":"Programas de ensayo - Qualit\u00e4tsmanagement, Nachhaltigkeit","robots":{"index":"index","follow":"follow","max-snippet":"max-snippet:-1","max-image-preview":"max-image-preview:large","max-video-preview":"max-video-preview:-1"},"canonical":"https:\/\/www.vonkampenconsult.com\/es\/programas-de-ensayo\/","og_locale":"es_ES","og_type":"article","og_title":"Programas de ensayo - Qualit\u00e4tsmanagement, Nachhaltigkeit","og_description":"Programas de ensayo Asesoramiento y administraci\u00f3n de sus programas de ensayo Elaboraci\u00f3n de sus programas de ensayo con posibilidad de edici\u00f3n manual Elabore sus programas de ensayo en base a la evaluaci\u00f3n de riesgos, tal y como requiere, por ejemplo, GMP+International de sus empresas certificadas. Nosotros se lo hacemos autom\u00e1ticamente, incluyendo el c\u00e1lculo integrado. Pero [&hellip;]","og_url":"https:\/\/www.vonkampenconsult.com\/es\/programas-de-ensayo\/","og_site_name":"Qualit\u00e4tsmanagement, Nachhaltigkeit","article_modified_time":"2019-03-16T00:13:15+00:00","twitter_card":"summary_large_image","twitter_misc":{"Tiempo de lectura":"3 minutos"},"schema":{"@context":"https:\/\/schema.org","@graph":[{"@type":"WebPage","@id":"https:\/\/www.vonkampenconsult.com\/es\/programas-de-ensayo\/","url":"https:\/\/www.vonkampenconsult.com\/es\/programas-de-ensayo\/","name":"Programas de ensayo - Qualit\u00e4tsmanagement, Nachhaltigkeit","isPartOf":{"@id":"https:\/\/www.vonkampenconsult.com\/#website"},"datePublished":"2017-01-24T09:10:34+00:00","dateModified":"2019-03-16T00:13:15+00:00","breadcrumb":{"@id":"https:\/\/www.vonkampenconsult.com\/es\/programas-de-ensayo\/#breadcrumb"},"inLanguage":"es","potentialAction":[{"@type":"ReadAction","target":["https:\/\/www.vonkampenconsult.com\/es\/programas-de-ensayo\/"]}]},{"@type":"BreadcrumbList","@id":"https:\/\/www.vonkampenconsult.com\/es\/programas-de-ensayo\/#breadcrumb","itemListElement":[{"@type":"ListItem","position":1,"name":"Home","item":"https:\/\/www.vonkampenconsult.com\/es\/"},{"@type":"ListItem","position":2,"name":"Programas de ensayo"}]},{"@type":"WebSite","@id":"https:\/\/www.vonkampenconsult.com\/#website","url":"https:\/\/www.vonkampenconsult.com\/","name":"Qualit\u00e4tsmanagement, Nachhaltigkeit","description":"vonKampenConsult","potentialAction":[{"@type":"SearchAction","target":{"@type":"EntryPoint","urlTemplate":"https:\/\/www.vonkampenconsult.com\/?s={search_term_string}"},"query-input":{"@type":"PropertyValueSpecification","valueRequired":true,"valueName":"search_term_string"}}],"inLanguage":"es"}]}},"_links":{"self":[{"href":"https:\/\/www.vonkampenconsult.com\/es\/wp-json\/wp\/v2\/pages\/660","targetHints":{"allow":["GET"]}}],"collection":[{"href":"https:\/\/www.vonkampenconsult.com\/es\/wp-json\/wp\/v2\/pages"}],"about":[{"href":"https:\/\/www.vonkampenconsult.com\/es\/wp-json\/wp\/v2\/types\/page"}],"author":[{"embeddable":true,"href":"https:\/\/www.vonkampenconsult.com\/es\/wp-json\/wp\/v2\/users\/1"}],"replies":[{"embeddable":true,"href":"https:\/\/www.vonkampenconsult.com\/es\/wp-json\/wp\/v2\/comments?post=660"}],"version-history":[{"count":8,"href":"https:\/\/www.vonkampenconsult.com\/es\/wp-json\/wp\/v2\/pages\/660\/revisions"}],"predecessor-version":[{"id":1907,"href":"https:\/\/www.vonkampenconsult.com\/es\/wp-json\/wp\/v2\/pages\/660\/revisions\/1907"}],"wp:attachment":[{"href":"https:\/\/www.vonkampenconsult.com\/es\/wp-json\/wp\/v2\/media?parent=660"}],"curies":[{"name":"wp","href":"https:\/\/api.w.org\/{rel}","templated":true}]}}