{"id":607,"date":"2017-01-24T10:03:15","date_gmt":"2017-01-24T09:03:15","guid":{"rendered":"https:\/\/www.vonkampenconsult.com\/more-01\/"},"modified":"2019-03-16T01:08:35","modified_gmt":"2019-03-16T00:08:35","slug":"companhia","status":"publish","type":"page","link":"https:\/\/www.vonkampenconsult.com\/pt-pt\/companhia\/","title":{"rendered":"Companhia"},"content":{"rendered":"<p>[et_pb_section fb_built=&#8221;1&#8243; fullwidth=&#8221;on&#8221; disabled_on=&#8221;on|on|&#8221; module_id=&#8221;sticky&#8221; _builder_version=&#8221;3.13.1&#8243; background_color=&#8221;#288915&#8243; custom_padding=&#8221;2px||0px|&#8221; global_module=&#8221;1617&#8243;][\/et_pb_section][et_pb_section fb_built=&#8221;1&#8243; fullwidth=&#8221;on&#8221; disabled_on=&#8221;off|off|on&#8221; module_id=&#8221;stroke-mobile&#8221; _builder_version=&#8221;3.13.1&#8243; background_color=&#8221;#288915&#8243; custom_padding=&#8221;2px|||&#8221; global_module=&#8221;1616&#8243;][\/et_pb_section][et_pb_section fb_built=&#8221;1&#8243; admin_label=&#8221;section&#8221; _builder_version=&#8221;3.13.1&#8243; background_color=&#8221;#45525a&#8221;][et_pb_row _builder_version=&#8221;3.0.48&#8243; background_size=&#8221;initial&#8221; background_position=&#8221;top_left&#8221; background_repeat=&#8221;repeat&#8221;][et_pb_column type=&#8221;1_4&#8243; _builder_version=&#8221;3.0.47&#8243; parallax=&#8221;off&#8221; parallax_method=&#8221;on&#8221;][et_pb_button button_url=&#8221;https:\/\/www.vonkampenconsult.com\/pt-pt\/&#8221; button_text=&#8221;Para tr\u00e1s&#8221; button_alignment=&#8221;left&#8221; _builder_version=&#8221;3.13.1&#8243; background_layout=&#8221;dark&#8221;]&nbsp;<br \/>\n[\/et_pb_button][\/et_pb_column][et_pb_column type=&#8221;1_4&#8243; _builder_version=&#8221;3.0.47&#8243; parallax=&#8221;off&#8221; parallax_method=&#8221;on&#8221;][\/et_pb_column][et_pb_column type=&#8221;1_4&#8243; _builder_version=&#8221;3.0.47&#8243; parallax=&#8221;off&#8221; parallax_method=&#8221;on&#8221;][\/et_pb_column][et_pb_column type=&#8221;1_4&#8243; _builder_version=&#8221;3.0.47&#8243; parallax=&#8221;off&#8221; parallax_method=&#8221;on&#8221;][\/et_pb_column][\/et_pb_row][et_pb_row admin_label=&#8221;row&#8221; _builder_version=&#8221;3.0.47&#8243; background_size=&#8221;initial&#8221; background_position=&#8221;top_left&#8221; background_repeat=&#8221;repeat&#8221;][et_pb_column type=&#8221;4_4&#8243; _builder_version=&#8221;3.0.47&#8243; parallax=&#8221;off&#8221; parallax_method=&#8221;on&#8221;][et_pb_text _builder_version=&#8221;3.13.1&#8243; text_font=&#8221;||||||||&#8221; text_font_size=&#8221;50px&#8221; text_font_size_phone=&#8221;30px&#8221; text_font_size_last_edited=&#8221;on|phone&#8221; background_size=&#8221;initial&#8221; background_position=&#8221;top_left&#8221; background_repeat=&#8221;repeat&#8221; background_layout=&#8221;dark&#8221; custom_padding=&#8221;||50px|&#8221; use_border_color=&#8221;off&#8221;]<strong>vonKampenConsult<\/strong><br \/>\n[\/et_pb_text][et_pb_text _builder_version=&#8221;3.13.1&#8243; text_font=&#8221;|700|||||||&#8221; text_font_size=&#8221;30px&#8221; text_line_height=&#8221;1.1em&#8221; background_size=&#8221;initial&#8221; background_position=&#8221;top_left&#8221; background_repeat=&#8221;repeat&#8221; background_layout=&#8221;dark&#8221; custom_padding=&#8221;|||&#8221; use_border_color=&#8221;off&#8221; border_color=&#8221;#ffffff&#8221; border_style=&#8221;solid&#8221;]<strong>Otimizamos sua gest\u00e3o de riscos e fazemos da\u00a0<\/strong><strong>sustentabilidade algo monetiz\u00e1vel<\/strong><br \/>\n[\/et_pb_text][et_pb_text _builder_version=&#8221;3.0.87&#8243; text_font=&#8221;|on|||&#8221; text_font_size=&#8221;22px&#8221; text_line_height=&#8221;1.3em&#8221; background_size=&#8221;initial&#8221; background_position=&#8221;top_left&#8221; background_repeat=&#8221;repeat&#8221; background_layout=&#8221;dark&#8221; custom_padding=&#8221;|||&#8221; use_border_color=&#8221;off&#8221; border_color=&#8221;#ffffff&#8221; border_style=&#8221;solid&#8221;]<strong>Nos \u00faltimos anos, a vonKampenConsult tem desbravado novos horizontes e\u00a0<\/strong><strong>criado inova\u00e7\u00f5es que estabelecem novos padr\u00f5es. A proximidade com a\u00a0<\/strong><strong>pesquisa caracteriza o estilo de trabalho e o alinhamento do conte\u00fado de\u00a0<\/strong><strong>nossos engenheiros consultores. Com isso, o potencial para a inova\u00e7\u00e3o \u00e9\u00a0<\/strong><strong>explorado da melhor forma poss\u00edvel.<\/strong><br \/>\n[\/et_pb_text][et_pb_text _builder_version=&#8221;3.0.87&#8243; text_font_size=&#8221;18&#8243; background_size=&#8221;initial&#8221; background_position=&#8221;top_left&#8221; background_repeat=&#8221;repeat&#8221; background_layout=&#8221;dark&#8221; custom_padding=&#8221;||10px|&#8221; use_border_color=&#8221;off&#8221; border_color=&#8221;#ffffff&#8221; border_style=&#8221;solid&#8221;]<strong>Eng. Agr. Detlef von Kampen \u2013 Fundador, propriet\u00e1rio e s\u00f3cio-gerente<\/strong><\/p>\n<p>Eng. Agr. Detlef von Kampen fundou a vonKampenConsult em 2005 e conferiu ao seu Gabinete uma orienta\u00e7\u00e3o clara associada \u00e0 sua pr\u00f3pria carreira: Depois de uma forma\u00e7\u00e3o agr\u00edcola, ele frequentou a Escola de Economia e Gest\u00e3o. Conclu\u00eddo o curso de gest\u00e3o reconhecido pelo Estado, von Kampen estudou Economia Agr\u00e1ria na Fachhochschule Kiel, da University of Wales e da Universit\u00e4t Kassel. Teve outras paragens profissionais na Garantia de Qualidade e Sustentabilidade na ind\u00fastria do a\u00e7\u00facar e uma organiza\u00e7\u00e3o agr\u00e1ria no sudeste asi\u00e1tico, entre outras. O trabalho para um projeto de pesquisa de dois anos sobre a obten\u00e7\u00e3o de mat\u00e9ria-prima sustent\u00e1vel na C\u00e2mara Agr\u00edcola de Schleswig-Holstein foi o marco do trabalho de hoje na \u00e1rea da sustentabilidade. Olhando para tr\u00e1s, estimulado numa ag\u00eancia de comunica\u00e7\u00e3o de G\u00f6ttingen e num est\u00fadio de produ\u00e7\u00e3o de filmes, hoje determina a metodologia e o estilo de aconselhamento.<\/p>\n<p>Detlef von Kampen coordenava na dianteira, no setor agr\u00e1rio, o estabelecimento da ISO 9001, GMP+ International, bem como, a QS. Aqui, o gestor de qualidade podia combinar os seus conhecimentos t\u00e9cnicos com o knowhow t\u00e9cnico-econ\u00f3mico e as compet\u00eancias no desenvolvimento de produtos e marketing\/distribui\u00e7\u00e3o, que ele adquiriu em fun\u00e7\u00f5es anteriores para a marca \u201cBeckers Bester\u201d e como gestor de projetos na ag\u00eancia de comunica\u00e7\u00e3o. Ap\u00f3s v\u00e1rias outras qualifica\u00e7\u00f5es no ramo da Garantia de Qualidade e ustentabilidade, como a de auditor EQQ certificado, entre outras, ele audita e aconselha h\u00e1 anos empresas da ind\u00fastria da produ\u00e7\u00e3o e processamento, log\u00edstica e empresas do com\u00e9rcio. Como auditor, Detlef von Kampen trabalhou a cargo de certificadores internacionais, como p. ex. SGS Germany.<\/p>\n<p><strong>Proximidade do trabalho com a investiga\u00e7\u00e3o<\/strong><br \/>\nnosso Gabinete de Engenharia. Isso permite explorar melhor o potencial das inova\u00e7\u00f5es. Desde 2011 que as coopera\u00e7\u00f5es cient\u00edficas determinam partes importantes do trabalho de projeto. Juntamente com o Instituto da Economia das \u00c1guas Residuais e Conserva\u00e7\u00e3o da \u00c1gua da Universidade T\u00e9cnica Hamburg-Harburg, a vonKampenConsult procura, por exemplo, solu\u00e7\u00f5es para a explora\u00e7\u00e3o sustent\u00e1vel de terras ar\u00e1veis para a produ\u00e7\u00e3o de produtos alimentares. As solu\u00e7\u00f5es de software da nossa o parceiro | a parceira comercial, que est\u00e3o sempre a ser postas \u00e0 prova na compatibilidade com a pr\u00e1tica, bem como, a pr\u00f3pria qualifica\u00e7\u00e3o cient\u00edfica, acrescida de parceiros de coopera\u00e7\u00e3o da investiga\u00e7\u00e3o, s\u00e3o uma maisvalia para os nossos clientes. Temos sempre presente o objetivo de tornar a sustentabilidade mensur\u00e1vel e obter n\u00fameros caracter\u00edsticos da sustentabilidade para a ci\u00eancia e economia.<\/p>\n<p><strong>Solu\u00e7\u00f5es inovadoras<\/strong><br \/>\nNa operacionaliza\u00e7\u00e3o de crit\u00e9rios de sustentabilidade classific\u00e1veis, a vonKampenConsult tem entrado nos \u00faltimos anos em territ\u00f3rio novo e disponibilizou inova\u00e7\u00f5es que definem metas. Desde 2006 que concebemos solu\u00e7\u00f5es de software, que s\u00e3o concretizadas por inform\u00e1ticos especializados e criadores de aplica\u00e7\u00f5es. Estas aplica\u00e7\u00f5es otimizam a gest\u00e3o interna de qualidade e de risco ou podem ser aplicadas para a dete\u00e7\u00e3o em tempo real ou como sistemas de pr\u00e9-aviso no \u00e2mbito de conce\u00e7\u00f5es de Corporate-Responsibility.<br \/>\n[\/et_pb_text][\/et_pb_column][\/et_pb_row][\/et_pb_section]<\/p>\n","protected":false},"excerpt":{"rendered":"<p>&nbsp; vonKampenConsult Otimizamos sua gest\u00e3o de riscos e fazemos da\u00a0sustentabilidade algo monetiz\u00e1vel Nos \u00faltimos anos, a vonKampenConsult tem desbravado novos horizontes e\u00a0criado inova\u00e7\u00f5es que estabelecem novos padr\u00f5es. A proximidade com a\u00a0pesquisa caracteriza o estilo de trabalho e o alinhamento do conte\u00fado de\u00a0nossos engenheiros consultores. Com isso, o potencial para a inova\u00e7\u00e3o \u00e9\u00a0explorado da melhor forma [&hellip;]<\/p>\n","protected":false},"author":1,"featured_media":0,"parent":0,"menu_order":0,"comment_status":"closed","ping_status":"closed","template":"","meta":{"_et_pb_use_builder":"on","_et_pb_old_content":"","_et_gb_content_width":"","footnotes":""},"class_list":["post-607","page","type-page","status-publish","hentry"],"yoast_head":"<!-- This site is optimized with the Yoast SEO plugin v25.8 - https:\/\/yoast.com\/wordpress\/plugins\/seo\/ -->\n<title>Companhia - Qualit\u00e4tsmanagement, Nachhaltigkeit<\/title>\n<meta name=\"robots\" content=\"index, follow, max-snippet:-1, max-image-preview:large, max-video-preview:-1\" \/>\n<link rel=\"canonical\" href=\"https:\/\/www.vonkampenconsult.com\/pt-pt\/companhia\/\" \/>\n<meta property=\"og:locale\" content=\"pt_PT\" \/>\n<meta property=\"og:type\" content=\"article\" \/>\n<meta property=\"og:title\" content=\"Companhia - Qualit\u00e4tsmanagement, Nachhaltigkeit\" \/>\n<meta property=\"og:description\" content=\"&nbsp; vonKampenConsult Otimizamos sua gest\u00e3o de riscos e fazemos da\u00a0sustentabilidade algo monetiz\u00e1vel Nos \u00faltimos anos, a vonKampenConsult tem desbravado novos horizontes e\u00a0criado inova\u00e7\u00f5es que estabelecem novos padr\u00f5es. A proximidade com a\u00a0pesquisa caracteriza o estilo de trabalho e o alinhamento do conte\u00fado de\u00a0nossos engenheiros consultores. Com isso, o potencial para a inova\u00e7\u00e3o \u00e9\u00a0explorado da melhor forma [&hellip;]\" \/>\n<meta property=\"og:url\" content=\"https:\/\/www.vonkampenconsult.com\/pt-pt\/companhia\/\" \/>\n<meta property=\"og:site_name\" content=\"Qualit\u00e4tsmanagement, Nachhaltigkeit\" \/>\n<meta property=\"article:modified_time\" content=\"2019-03-16T00:08:35+00:00\" \/>\n<meta name=\"twitter:card\" content=\"summary_large_image\" \/>\n<meta name=\"twitter:label1\" content=\"Tempo estimado de leitura\" \/>\n\t<meta name=\"twitter:data1\" content=\"5 minutos\" \/>\n<script type=\"application\/ld+json\" class=\"yoast-schema-graph\">{\"@context\":\"https:\/\/schema.org\",\"@graph\":[{\"@type\":\"WebPage\",\"@id\":\"https:\/\/www.vonkampenconsult.com\/pt-pt\/companhia\/\",\"url\":\"https:\/\/www.vonkampenconsult.com\/pt-pt\/companhia\/\",\"name\":\"Companhia - Qualit\u00e4tsmanagement, Nachhaltigkeit\",\"isPartOf\":{\"@id\":\"https:\/\/www.vonkampenconsult.com\/#website\"},\"datePublished\":\"2017-01-24T09:03:15+00:00\",\"dateModified\":\"2019-03-16T00:08:35+00:00\",\"breadcrumb\":{\"@id\":\"https:\/\/www.vonkampenconsult.com\/pt-pt\/companhia\/#breadcrumb\"},\"inLanguage\":\"pt-PT\",\"potentialAction\":[{\"@type\":\"ReadAction\",\"target\":[\"https:\/\/www.vonkampenconsult.com\/pt-pt\/companhia\/\"]}]},{\"@type\":\"BreadcrumbList\",\"@id\":\"https:\/\/www.vonkampenconsult.com\/pt-pt\/companhia\/#breadcrumb\",\"itemListElement\":[{\"@type\":\"ListItem\",\"position\":1,\"name\":\"Home\",\"item\":\"https:\/\/www.vonkampenconsult.com\/pt-pt\/\"},{\"@type\":\"ListItem\",\"position\":2,\"name\":\"Companhia\"}]},{\"@type\":\"WebSite\",\"@id\":\"https:\/\/www.vonkampenconsult.com\/#website\",\"url\":\"https:\/\/www.vonkampenconsult.com\/\",\"name\":\"Qualit\u00e4tsmanagement, Nachhaltigkeit\",\"description\":\"vonKampenConsult\",\"potentialAction\":[{\"@type\":\"SearchAction\",\"target\":{\"@type\":\"EntryPoint\",\"urlTemplate\":\"https:\/\/www.vonkampenconsult.com\/?s={search_term_string}\"},\"query-input\":{\"@type\":\"PropertyValueSpecification\",\"valueRequired\":true,\"valueName\":\"search_term_string\"}}],\"inLanguage\":\"pt-PT\"}]}<\/script>\n<!-- \/ Yoast SEO plugin. -->","yoast_head_json":{"title":"Companhia - Qualit\u00e4tsmanagement, Nachhaltigkeit","robots":{"index":"index","follow":"follow","max-snippet":"max-snippet:-1","max-image-preview":"max-image-preview:large","max-video-preview":"max-video-preview:-1"},"canonical":"https:\/\/www.vonkampenconsult.com\/pt-pt\/companhia\/","og_locale":"pt_PT","og_type":"article","og_title":"Companhia - Qualit\u00e4tsmanagement, Nachhaltigkeit","og_description":"&nbsp; vonKampenConsult Otimizamos sua gest\u00e3o de riscos e fazemos da\u00a0sustentabilidade algo monetiz\u00e1vel Nos \u00faltimos anos, a vonKampenConsult tem desbravado novos horizontes e\u00a0criado inova\u00e7\u00f5es que estabelecem novos padr\u00f5es. A proximidade com a\u00a0pesquisa caracteriza o estilo de trabalho e o alinhamento do conte\u00fado de\u00a0nossos engenheiros consultores. Com isso, o potencial para a inova\u00e7\u00e3o \u00e9\u00a0explorado da melhor forma [&hellip;]","og_url":"https:\/\/www.vonkampenconsult.com\/pt-pt\/companhia\/","og_site_name":"Qualit\u00e4tsmanagement, Nachhaltigkeit","article_modified_time":"2019-03-16T00:08:35+00:00","twitter_card":"summary_large_image","twitter_misc":{"Tempo estimado de leitura":"5 minutos"},"schema":{"@context":"https:\/\/schema.org","@graph":[{"@type":"WebPage","@id":"https:\/\/www.vonkampenconsult.com\/pt-pt\/companhia\/","url":"https:\/\/www.vonkampenconsult.com\/pt-pt\/companhia\/","name":"Companhia - Qualit\u00e4tsmanagement, Nachhaltigkeit","isPartOf":{"@id":"https:\/\/www.vonkampenconsult.com\/#website"},"datePublished":"2017-01-24T09:03:15+00:00","dateModified":"2019-03-16T00:08:35+00:00","breadcrumb":{"@id":"https:\/\/www.vonkampenconsult.com\/pt-pt\/companhia\/#breadcrumb"},"inLanguage":"pt-PT","potentialAction":[{"@type":"ReadAction","target":["https:\/\/www.vonkampenconsult.com\/pt-pt\/companhia\/"]}]},{"@type":"BreadcrumbList","@id":"https:\/\/www.vonkampenconsult.com\/pt-pt\/companhia\/#breadcrumb","itemListElement":[{"@type":"ListItem","position":1,"name":"Home","item":"https:\/\/www.vonkampenconsult.com\/pt-pt\/"},{"@type":"ListItem","position":2,"name":"Companhia"}]},{"@type":"WebSite","@id":"https:\/\/www.vonkampenconsult.com\/#website","url":"https:\/\/www.vonkampenconsult.com\/","name":"Qualit\u00e4tsmanagement, Nachhaltigkeit","description":"vonKampenConsult","potentialAction":[{"@type":"SearchAction","target":{"@type":"EntryPoint","urlTemplate":"https:\/\/www.vonkampenconsult.com\/?s={search_term_string}"},"query-input":{"@type":"PropertyValueSpecification","valueRequired":true,"valueName":"search_term_string"}}],"inLanguage":"pt-PT"}]}},"_links":{"self":[{"href":"https:\/\/www.vonkampenconsult.com\/pt-pt\/wp-json\/wp\/v2\/pages\/607","targetHints":{"allow":["GET"]}}],"collection":[{"href":"https:\/\/www.vonkampenconsult.com\/pt-pt\/wp-json\/wp\/v2\/pages"}],"about":[{"href":"https:\/\/www.vonkampenconsult.com\/pt-pt\/wp-json\/wp\/v2\/types\/page"}],"author":[{"embeddable":true,"href":"https:\/\/www.vonkampenconsult.com\/pt-pt\/wp-json\/wp\/v2\/users\/1"}],"replies":[{"embeddable":true,"href":"https:\/\/www.vonkampenconsult.com\/pt-pt\/wp-json\/wp\/v2\/comments?post=607"}],"version-history":[{"count":15,"href":"https:\/\/www.vonkampenconsult.com\/pt-pt\/wp-json\/wp\/v2\/pages\/607\/revisions"}],"predecessor-version":[{"id":1888,"href":"https:\/\/www.vonkampenconsult.com\/pt-pt\/wp-json\/wp\/v2\/pages\/607\/revisions\/1888"}],"wp:attachment":[{"href":"https:\/\/www.vonkampenconsult.com\/pt-pt\/wp-json\/wp\/v2\/media?parent=607"}],"curies":[{"name":"wp","href":"https:\/\/api.w.org\/{rel}","templated":true}]}}