{"id":610,"date":"2017-01-24T10:05:56","date_gmt":"2017-01-24T09:05:56","guid":{"rendered":"https:\/\/www.vonkampenconsult.com\/more-02\/"},"modified":"2019-03-16T01:08:02","modified_gmt":"2019-03-16T00:08:02","slug":"garantia-de-qualidade","status":"publish","type":"page","link":"https:\/\/www.vonkampenconsult.com\/pt-pt\/garantia-de-qualidade\/","title":{"rendered":"Garantia de qualidade"},"content":{"rendered":"<p>[et_pb_section fb_built=&#8221;1&#8243; fullwidth=&#8221;on&#8221; disabled_on=&#8221;on|on|&#8221; module_id=&#8221;sticky&#8221; _builder_version=&#8221;3.13.1&#8243; background_color=&#8221;#288915&#8243; custom_padding=&#8221;2px||0px|&#8221; global_module=&#8221;1617&#8243;][\/et_pb_section][et_pb_section fb_built=&#8221;1&#8243; fullwidth=&#8221;on&#8221; disabled_on=&#8221;off|off|on&#8221; module_id=&#8221;stroke-mobile&#8221; _builder_version=&#8221;3.13.1&#8243; background_color=&#8221;#288915&#8243; custom_padding=&#8221;2px|||&#8221; global_module=&#8221;1616&#8243;][\/et_pb_section][et_pb_section fb_built=&#8221;1&#8243; custom_padding_last_edited=&#8221;on|phone&#8221; admin_label=&#8221;section&#8221; _builder_version=&#8221;3.13.1&#8243; background_color=&#8221;#45525a&#8221; custom_padding=&#8221;50px||450px|&#8221; custom_padding_phone=&#8221;50px||0px|&#8221;][et_pb_row _builder_version=&#8221;3.0.48&#8243; background_size=&#8221;initial&#8221; background_position=&#8221;top_left&#8221; background_repeat=&#8221;repeat&#8221;][et_pb_column type=&#8221;1_4&#8243; _builder_version=&#8221;3.0.47&#8243; parallax=&#8221;off&#8221; parallax_method=&#8221;on&#8221;][et_pb_button button_url=&#8221;https:\/\/www.vonkampenconsult.com\/pt-pt\/&#8221; button_text=&#8221;Para tr\u00e1s&#8221; button_alignment=&#8221;left&#8221; _builder_version=&#8221;3.13.1&#8243; background_layout=&#8221;dark&#8221;][\/et_pb_button][\/et_pb_column][et_pb_column type=&#8221;1_4&#8243; _builder_version=&#8221;3.0.47&#8243; parallax=&#8221;off&#8221; parallax_method=&#8221;on&#8221;][\/et_pb_column][et_pb_column type=&#8221;1_4&#8243; _builder_version=&#8221;3.0.47&#8243; parallax=&#8221;off&#8221; parallax_method=&#8221;on&#8221;][\/et_pb_column][et_pb_column type=&#8221;1_4&#8243; _builder_version=&#8221;3.0.47&#8243; parallax=&#8221;off&#8221; parallax_method=&#8221;on&#8221;][\/et_pb_column][\/et_pb_row][et_pb_row admin_label=&#8221;row&#8221; _builder_version=&#8221;3.0.47&#8243; background_size=&#8221;initial&#8221; background_position=&#8221;top_left&#8221; background_repeat=&#8221;repeat&#8221;][et_pb_column type=&#8221;4_4&#8243; _builder_version=&#8221;3.0.47&#8243; parallax=&#8221;off&#8221; parallax_method=&#8221;on&#8221;][et_pb_text _builder_version=&#8221;3.13.1&#8243; text_font_size=&#8221;50&#8243; background_size=&#8221;initial&#8221; background_position=&#8221;top_left&#8221; background_repeat=&#8221;repeat&#8221; background_layout=&#8221;dark&#8221; custom_padding=&#8221;||50px|&#8221; use_border_color=&#8221;off&#8221; text_line_height=&#8221;1em&#8221; text_font=&#8221;||||||||&#8221; text_font_size_last_edited=&#8221;on|phone&#8221; text_font_size_phone=&#8221;30px&#8221;]<\/p>\n<p><strong>Garantia de qualidade<\/strong><\/p>\n<p>[\/et_pb_text][et_pb_text _builder_version=&#8221;3.0.87&#8243; text_font=&#8221;|on|||&#8221; text_font_size=&#8221;30px&#8221; text_line_height=&#8221;1.4em&#8221; background_size=&#8221;initial&#8221; background_position=&#8221;top_left&#8221; background_repeat=&#8221;repeat&#8221; background_layout=&#8221;dark&#8221; custom_padding=&#8221;|||&#8221; use_border_color=&#8221;off&#8221; border_color=&#8221;#ffffff&#8221; border_style=&#8221;solid&#8221;]<strong>Seu SGQ: exequ\u00edvel, fi\u00e1vel, atual<\/strong><br \/>\n[\/et_pb_text][et_pb_text _builder_version=&#8221;3.0.87&#8243; text_font=&#8221;|on|||&#8221; text_font_size=&#8221;22px&#8221; text_line_height=&#8221;1.3em&#8221; background_size=&#8221;initial&#8221; background_position=&#8221;top_left&#8221; background_repeat=&#8221;repeat&#8221; background_layout=&#8221;dark&#8221; custom_padding=&#8221;|||&#8221; use_border_color=&#8221;off&#8221; border_color=&#8221;#ffffff&#8221; border_style=&#8221;solid&#8221;]<strong>Quase toda empresa, que precisa documentar o cumprimento de objetivos de qualidade relevantes ou comprov\u00e1-los por meio de um certificado correspondente, disp\u00f5e hoje em dia de um sistema de gest\u00e3o de qualidade (SGQ) \u2013 seja em formato f\u00edsico em papel ou baseado em software. No entanto, qu\u00e3o bem o sistema em quest\u00e3o desempenha seu \u201ctrabalho\u201d? Est\u00e1\u00a0<\/strong><strong>estruturado de modo l\u00f3gico? Todos colaboradores autorizados e respons\u00e1veis t\u00eam uma vis\u00e3o geral e acesso ao sistema? O conceito de SGQ suporta os desafios pr\u00e1ticos? Ou a gest\u00e3o de qualidade \u00e9 \u201cmuito te\u00f3rica\u201d e, por isso, talvez n\u00e3o seja realmente praticada pelos colaboradores?<\/strong><br \/>\n[\/et_pb_text][et_pb_text _builder_version=&#8221;3.13.1&#8243; text_font_size=&#8221;18&#8243; background_size=&#8221;initial&#8221; background_position=&#8221;top_left&#8221; background_repeat=&#8221;repeat&#8221; background_layout=&#8221;dark&#8221; custom_padding=&#8221;||10px|&#8221; use_border_color=&#8221;off&#8221;]<strong>Consultoria para sua gest\u00e3o de qualidade<\/strong><br \/>\nEsta e outras perguntas s\u00e3o nosso fio condutor para a an\u00e1lise e otimiza\u00e7\u00e3o e, obviamente, tamb\u00e9m para o desenvolvimento de novos sistemas de gest\u00e3o de qualidade. Nosso desejo \u00e9 que problemas sejam detetados e eliminados j\u00e1 na fase de cria\u00e7\u00e3o. Neste contexto, a gest\u00e3o de riscos e a monitoriza\u00e7\u00e3o formam constantemente a base para isso. A meta \u00e9 alcan\u00e7ar uma alta satisfa\u00e7\u00e3o do cliente, uma forte fideliza\u00e7\u00e3o do cliente e um melhoramento constante dos \u00edndices de qualidade para sua empresa.<\/p>\n<p><strong>Comunica\u00e7\u00e3o e interconectividade<\/strong><br \/>\nNossa consultoria baseia-se na comunica\u00e7\u00e3o e interconectividade dos colaboradores em todos os n\u00edvel, em di\u00e1logo direto connosco, como consultores. Mercadorias, servi\u00e7os e processos t\u00eam de ser \u201cprocessados\u201d conforme as exig\u00eancias de maneira cuidadosa e compreens\u00edvel. A fim de satisfazer as exig\u00eancias de qualidade, os respons\u00e1veis de GQ necessitam ter a qualquer momento uma vis\u00e3o geral exata sobre o respetivo n\u00edvel de qualidade, as exig\u00eancias dos fornecedores, atualiza\u00e7\u00f5es das normas e padr\u00f5es, bem como a legisla\u00e7\u00e3o. Isto tudo constitui a base para uma garantia estruturada de qualidade. N\u00f3s o conectamos atrav\u00e9s das mais variadas m\u00eddias a especialistas e conhecimentos especializados. Teremos o prazer e permanecer a seu lado e encontrar para si, conforme necess\u00e1rio, o certificador ideal.<\/p>\n<p>&nbsp;<\/p>\n<p>&nbsp;<\/p>\n<p>&nbsp;<\/p>\n<p>&nbsp;<\/p>\n<p>&nbsp;<\/p>\n<p>&nbsp;<\/p>\n<p>&nbsp;<br \/>\n[\/et_pb_text][\/et_pb_column][\/et_pb_row][\/et_pb_section]<\/p>\n","protected":false},"excerpt":{"rendered":"<p>Garantia de qualidade Seu SGQ: exequ\u00edvel, fi\u00e1vel, atual Quase toda empresa, que precisa documentar o cumprimento de objetivos de qualidade relevantes ou comprov\u00e1-los por meio de um certificado correspondente, disp\u00f5e hoje em dia de um sistema de gest\u00e3o de qualidade (SGQ) \u2013 seja em formato f\u00edsico em papel ou baseado em software. No entanto, qu\u00e3o [&hellip;]<\/p>\n","protected":false},"author":1,"featured_media":0,"parent":0,"menu_order":0,"comment_status":"closed","ping_status":"closed","template":"","meta":{"_et_pb_use_builder":"on","_et_pb_old_content":"","_et_gb_content_width":"","footnotes":""},"class_list":["post-610","page","type-page","status-publish","hentry"],"yoast_head":"<!-- This site is optimized with the Yoast SEO plugin v25.8 - https:\/\/yoast.com\/wordpress\/plugins\/seo\/ -->\n<title>Garantia de qualidade - Qualit\u00e4tsmanagement, Nachhaltigkeit<\/title>\n<meta name=\"robots\" content=\"index, follow, max-snippet:-1, max-image-preview:large, max-video-preview:-1\" \/>\n<link rel=\"canonical\" href=\"https:\/\/www.vonkampenconsult.com\/pt-pt\/garantia-de-qualidade\/\" \/>\n<meta property=\"og:locale\" content=\"pt_PT\" \/>\n<meta property=\"og:type\" content=\"article\" \/>\n<meta property=\"og:title\" content=\"Garantia de qualidade - Qualit\u00e4tsmanagement, Nachhaltigkeit\" \/>\n<meta property=\"og:description\" content=\"Garantia de qualidade Seu SGQ: exequ\u00edvel, fi\u00e1vel, atual Quase toda empresa, que precisa documentar o cumprimento de objetivos de qualidade relevantes ou comprov\u00e1-los por meio de um certificado correspondente, disp\u00f5e hoje em dia de um sistema de gest\u00e3o de qualidade (SGQ) \u2013 seja em formato f\u00edsico em papel ou baseado em software. No entanto, qu\u00e3o [&hellip;]\" \/>\n<meta property=\"og:url\" content=\"https:\/\/www.vonkampenconsult.com\/pt-pt\/garantia-de-qualidade\/\" \/>\n<meta property=\"og:site_name\" content=\"Qualit\u00e4tsmanagement, Nachhaltigkeit\" \/>\n<meta property=\"article:modified_time\" content=\"2019-03-16T00:08:02+00:00\" \/>\n<meta name=\"twitter:card\" content=\"summary_large_image\" \/>\n<meta name=\"twitter:label1\" content=\"Tempo estimado de leitura\" \/>\n\t<meta name=\"twitter:data1\" content=\"4 minutos\" \/>\n<script type=\"application\/ld+json\" class=\"yoast-schema-graph\">{\"@context\":\"https:\/\/schema.org\",\"@graph\":[{\"@type\":\"WebPage\",\"@id\":\"https:\/\/www.vonkampenconsult.com\/pt-pt\/garantia-de-qualidade\/\",\"url\":\"https:\/\/www.vonkampenconsult.com\/pt-pt\/garantia-de-qualidade\/\",\"name\":\"Garantia de qualidade - Qualit\u00e4tsmanagement, Nachhaltigkeit\",\"isPartOf\":{\"@id\":\"https:\/\/www.vonkampenconsult.com\/#website\"},\"datePublished\":\"2017-01-24T09:05:56+00:00\",\"dateModified\":\"2019-03-16T00:08:02+00:00\",\"breadcrumb\":{\"@id\":\"https:\/\/www.vonkampenconsult.com\/pt-pt\/garantia-de-qualidade\/#breadcrumb\"},\"inLanguage\":\"pt-PT\",\"potentialAction\":[{\"@type\":\"ReadAction\",\"target\":[\"https:\/\/www.vonkampenconsult.com\/pt-pt\/garantia-de-qualidade\/\"]}]},{\"@type\":\"BreadcrumbList\",\"@id\":\"https:\/\/www.vonkampenconsult.com\/pt-pt\/garantia-de-qualidade\/#breadcrumb\",\"itemListElement\":[{\"@type\":\"ListItem\",\"position\":1,\"name\":\"Home\",\"item\":\"https:\/\/www.vonkampenconsult.com\/pt-pt\/\"},{\"@type\":\"ListItem\",\"position\":2,\"name\":\"Garantia de qualidade\"}]},{\"@type\":\"WebSite\",\"@id\":\"https:\/\/www.vonkampenconsult.com\/#website\",\"url\":\"https:\/\/www.vonkampenconsult.com\/\",\"name\":\"Qualit\u00e4tsmanagement, Nachhaltigkeit\",\"description\":\"vonKampenConsult\",\"potentialAction\":[{\"@type\":\"SearchAction\",\"target\":{\"@type\":\"EntryPoint\",\"urlTemplate\":\"https:\/\/www.vonkampenconsult.com\/?s={search_term_string}\"},\"query-input\":{\"@type\":\"PropertyValueSpecification\",\"valueRequired\":true,\"valueName\":\"search_term_string\"}}],\"inLanguage\":\"pt-PT\"}]}<\/script>\n<!-- \/ Yoast SEO plugin. -->","yoast_head_json":{"title":"Garantia de qualidade - Qualit\u00e4tsmanagement, Nachhaltigkeit","robots":{"index":"index","follow":"follow","max-snippet":"max-snippet:-1","max-image-preview":"max-image-preview:large","max-video-preview":"max-video-preview:-1"},"canonical":"https:\/\/www.vonkampenconsult.com\/pt-pt\/garantia-de-qualidade\/","og_locale":"pt_PT","og_type":"article","og_title":"Garantia de qualidade - Qualit\u00e4tsmanagement, Nachhaltigkeit","og_description":"Garantia de qualidade Seu SGQ: exequ\u00edvel, fi\u00e1vel, atual Quase toda empresa, que precisa documentar o cumprimento de objetivos de qualidade relevantes ou comprov\u00e1-los por meio de um certificado correspondente, disp\u00f5e hoje em dia de um sistema de gest\u00e3o de qualidade (SGQ) \u2013 seja em formato f\u00edsico em papel ou baseado em software. No entanto, qu\u00e3o [&hellip;]","og_url":"https:\/\/www.vonkampenconsult.com\/pt-pt\/garantia-de-qualidade\/","og_site_name":"Qualit\u00e4tsmanagement, Nachhaltigkeit","article_modified_time":"2019-03-16T00:08:02+00:00","twitter_card":"summary_large_image","twitter_misc":{"Tempo estimado de leitura":"4 minutos"},"schema":{"@context":"https:\/\/schema.org","@graph":[{"@type":"WebPage","@id":"https:\/\/www.vonkampenconsult.com\/pt-pt\/garantia-de-qualidade\/","url":"https:\/\/www.vonkampenconsult.com\/pt-pt\/garantia-de-qualidade\/","name":"Garantia de qualidade - Qualit\u00e4tsmanagement, Nachhaltigkeit","isPartOf":{"@id":"https:\/\/www.vonkampenconsult.com\/#website"},"datePublished":"2017-01-24T09:05:56+00:00","dateModified":"2019-03-16T00:08:02+00:00","breadcrumb":{"@id":"https:\/\/www.vonkampenconsult.com\/pt-pt\/garantia-de-qualidade\/#breadcrumb"},"inLanguage":"pt-PT","potentialAction":[{"@type":"ReadAction","target":["https:\/\/www.vonkampenconsult.com\/pt-pt\/garantia-de-qualidade\/"]}]},{"@type":"BreadcrumbList","@id":"https:\/\/www.vonkampenconsult.com\/pt-pt\/garantia-de-qualidade\/#breadcrumb","itemListElement":[{"@type":"ListItem","position":1,"name":"Home","item":"https:\/\/www.vonkampenconsult.com\/pt-pt\/"},{"@type":"ListItem","position":2,"name":"Garantia de qualidade"}]},{"@type":"WebSite","@id":"https:\/\/www.vonkampenconsult.com\/#website","url":"https:\/\/www.vonkampenconsult.com\/","name":"Qualit\u00e4tsmanagement, Nachhaltigkeit","description":"vonKampenConsult","potentialAction":[{"@type":"SearchAction","target":{"@type":"EntryPoint","urlTemplate":"https:\/\/www.vonkampenconsult.com\/?s={search_term_string}"},"query-input":{"@type":"PropertyValueSpecification","valueRequired":true,"valueName":"search_term_string"}}],"inLanguage":"pt-PT"}]}},"_links":{"self":[{"href":"https:\/\/www.vonkampenconsult.com\/pt-pt\/wp-json\/wp\/v2\/pages\/610","targetHints":{"allow":["GET"]}}],"collection":[{"href":"https:\/\/www.vonkampenconsult.com\/pt-pt\/wp-json\/wp\/v2\/pages"}],"about":[{"href":"https:\/\/www.vonkampenconsult.com\/pt-pt\/wp-json\/wp\/v2\/types\/page"}],"author":[{"embeddable":true,"href":"https:\/\/www.vonkampenconsult.com\/pt-pt\/wp-json\/wp\/v2\/users\/1"}],"replies":[{"embeddable":true,"href":"https:\/\/www.vonkampenconsult.com\/pt-pt\/wp-json\/wp\/v2\/comments?post=610"}],"version-history":[{"count":11,"href":"https:\/\/www.vonkampenconsult.com\/pt-pt\/wp-json\/wp\/v2\/pages\/610\/revisions"}],"predecessor-version":[{"id":1887,"href":"https:\/\/www.vonkampenconsult.com\/pt-pt\/wp-json\/wp\/v2\/pages\/610\/revisions\/1887"}],"wp:attachment":[{"href":"https:\/\/www.vonkampenconsult.com\/pt-pt\/wp-json\/wp\/v2\/media?parent=610"}],"curies":[{"name":"wp","href":"https:\/\/api.w.org\/{rel}","templated":true}]}}