{"id":618,"date":"2017-01-24T10:06:56","date_gmt":"2017-01-24T09:06:56","guid":{"rendered":"https:\/\/www.vonkampenconsult.com\/more-04\/"},"modified":"2019-03-16T01:07:36","modified_gmt":"2019-03-16T00:07:36","slug":"desenvolvimento-de-padroes-pt","status":"publish","type":"page","link":"https:\/\/www.vonkampenconsult.com\/pt-pt\/desenvolvimento-de-padroes-pt\/","title":{"rendered":"Desenvolvimento de padr\u00f5es"},"content":{"rendered":"<p>[et_pb_section fb_built=&#8221;1&#8243; fullwidth=&#8221;on&#8221; disabled_on=&#8221;on|on|&#8221; module_id=&#8221;sticky&#8221; _builder_version=&#8221;3.13.1&#8243; background_color=&#8221;#288915&#8243; custom_padding=&#8221;2px||0px|&#8221; global_module=&#8221;1617&#8243;][\/et_pb_section][et_pb_section fb_built=&#8221;1&#8243; fullwidth=&#8221;on&#8221; disabled_on=&#8221;off|off|on&#8221; module_id=&#8221;stroke-mobile&#8221; _builder_version=&#8221;3.13.1&#8243; background_color=&#8221;#288915&#8243; custom_padding=&#8221;2px|||&#8221; global_module=&#8221;1616&#8243;][\/et_pb_section][et_pb_section fb_built=&#8221;1&#8243; custom_padding_last_edited=&#8221;on|phone&#8221; admin_label=&#8221;section&#8221; _builder_version=&#8221;3.13.1&#8243; background_color=&#8221;#45525a&#8221; custom_padding=&#8221;50px||450px|&#8221; custom_padding_phone=&#8221;50px||0px|&#8221;][et_pb_row _builder_version=&#8221;3.13.1&#8243;][et_pb_column type=&#8221;1_4&#8243; _builder_version=&#8221;3.0.47&#8243; parallax=&#8221;off&#8221; parallax_method=&#8221;on&#8221;][et_pb_button button_url=&#8221;https:\/\/www.vonkampenconsult.com\/pt-pt\/&#8221; button_text=&#8221;Para tr\u00e1s&#8221; button_alignment=&#8221;left&#8221; _builder_version=&#8221;3.13.1&#8243; background_layout=&#8221;dark&#8221;][\/et_pb_button][\/et_pb_column][et_pb_column type=&#8221;1_4&#8243; _builder_version=&#8221;3.0.47&#8243; parallax=&#8221;off&#8221; parallax_method=&#8221;on&#8221;][\/et_pb_column][et_pb_column type=&#8221;1_4&#8243; _builder_version=&#8221;3.0.47&#8243; parallax=&#8221;off&#8221; parallax_method=&#8221;on&#8221;][\/et_pb_column][et_pb_column type=&#8221;1_4&#8243; _builder_version=&#8221;3.0.47&#8243; parallax=&#8221;off&#8221; parallax_method=&#8221;on&#8221;][\/et_pb_column][\/et_pb_row][et_pb_row admin_label=&#8221;row&#8221; _builder_version=&#8221;3.0.47&#8243; background_size=&#8221;initial&#8221; background_position=&#8221;top_left&#8221; background_repeat=&#8221;repeat&#8221;][et_pb_column type=&#8221;4_4&#8243; _builder_version=&#8221;3.0.47&#8243; parallax=&#8221;off&#8221; parallax_method=&#8221;on&#8221;][et_pb_text _builder_version=&#8221;3.13.1&#8243; text_font_size=&#8221;50&#8243; background_size=&#8221;initial&#8221; background_position=&#8221;top_left&#8221; background_repeat=&#8221;repeat&#8221; background_layout=&#8221;dark&#8221; custom_padding=&#8221;||50px|&#8221; use_border_color=&#8221;off&#8221; text_line_height=&#8221;1em&#8221; text_font=&#8221;||||||||&#8221; text_font_size_last_edited=&#8221;on|phone&#8221; text_font_size_phone=&#8221;30px&#8221;]<\/p>\n<p><strong>Desenvolvimento de\u00a0padr\u00f5es<\/strong><\/p>\n<p>[\/et_pb_text][et_pb_text _builder_version=&#8221;3.0.87&#8243; text_font=&#8221;|on|||&#8221; text_font_size=&#8221;30px&#8221; text_line_height=&#8221;1.4em&#8221; background_size=&#8221;initial&#8221; background_position=&#8221;top_left&#8221; background_repeat=&#8221;repeat&#8221; background_layout=&#8221;dark&#8221; custom_padding=&#8221;|||&#8221; use_border_color=&#8221;off&#8221; border_color=&#8221;#ffffff&#8221; border_style=&#8221;solid&#8221;]<strong>Desenvolvimento de padr\u00f5es como Private Label ou\u00a0<\/strong><strong>at\u00e9 a acredita\u00e7\u00e3o internacional<\/strong><br \/>\n[\/et_pb_text][et_pb_text _builder_version=&#8221;3.0.87&#8243; text_font=&#8221;|on|||&#8221; text_font_size=&#8221;22px&#8221; text_line_height=&#8221;1.3em&#8221; background_size=&#8221;initial&#8221; background_position=&#8221;top_left&#8221; background_repeat=&#8221;repeat&#8221; background_layout=&#8221;dark&#8221; custom_padding=&#8221;|||&#8221; use_border_color=&#8221;off&#8221; border_color=&#8221;#ffffff&#8221; border_style=&#8221;solid&#8221;]<strong>Responsabilidade \u00e9 sua chave para uma qualidade sustent\u00e1vel. A\u00a0<\/strong><strong>responsabilidade operacionalizada \u00e9 refletida em um padr\u00e3o. Pois, com este\u00a0<\/strong><strong>instrumento, demonstra o cumprimento de sua filosofia e objetivos\u00a0<\/strong><strong>empresariais de maneira global \u2013 seja por meio da introdu\u00e7\u00e3o de um padr\u00e3o\u00a0<\/strong><strong>internacionalmente acreditado ou como Private Label.<\/strong><\/p>\n<p>Durante o desenvolvimento de padr\u00f5es nacionais e internacionais, s\u00e3o agrupadas todas as experi\u00eancias que a vonKampenConsult p\u00f4de coletar ao longo de sua exist\u00eancia. A vonKampenConsult \u00e9 especializada no desenvolvimento de padr\u00f5es de qualidade e RSE.<br \/>\n[\/et_pb_text][et_pb_text _builder_version=&#8221;3.0.87&#8243; text_font_size=&#8221;18&#8243; background_size=&#8221;initial&#8221; background_position=&#8221;top_left&#8221; background_repeat=&#8221;repeat&#8221; background_layout=&#8221;dark&#8221; custom_padding=&#8221;||10px|&#8221; use_border_color=&#8221;off&#8221; border_color=&#8221;#ffffff&#8221; border_style=&#8221;solid&#8221;]<strong>Padr\u00f5es CSR com Level-System\u00e5<\/strong><br \/>\nA vonKampenConsult desenvolve padr\u00f5es de Corporate-Resonsibility (CR) com base em objetivos de sustentabilidade sociais, ecol\u00f3gicos e econ\u00f3micos. Trabalhamos frequentemente com parceiros da economia e estamos em contato com a ci\u00eancia e organiza\u00e7\u00f5es de investiga\u00e7\u00e3o. N\u00e3o s\u00e3o raras as vezes que resultam da\u00ed inova\u00e7\u00f5es not\u00e1veis. Deste modo, o Level-System\u00e5 por n\u00f3 desenvolvido permite \u00e0s empresas com perfis de experi\u00eancia muitos diferentes na \u00e1rea de Corporate Responsability participar no padr\u00e3o CR. \u00c1 medida que o n\u00edvel sobe, sobem tamb\u00e9m os requisitos. Uma empresa pode selecionar o n\u00edvel que se adequa melhor \u00e0s suas condi\u00e7\u00f5es atuais de servi\u00e7o. O sistema guia o principiante, atrav\u00e9s de indica\u00e7\u00f5es pr\u00e1ticas de concretiza\u00e7\u00e3o e ajudas, proporcionando assim a condi\u00e7\u00e3o para subir para o pr\u00f3ximo n\u00edvel. A grande vantagem: O Level-System\u00e5 permite tamb\u00e9m \u00e0s empresas dos pa\u00edses de economia emergente e mesmo dos pa\u00edses em vias de desenvolvimento uma subida progressiva para o padr\u00e3o de Corporate-Resonsibility. Este procedimento \u00e9 adequado \u00e0s condi\u00e7\u00f5es b\u00e1sicas. Ele n\u00e3o sobrecarrega a respetiva empresa, mas oferece-lhe um est\u00edmulo para o desenvolvimento sucessivo.<\/p>\n<p><strong>Padr\u00f5es de qualidade<\/strong><br \/>\nEspecializada no setor agr\u00e1rio e alimentar, a vonKampenConsult desenvolve nesta \u00e1rea padr\u00f5es de qualidade para os seus clientes. Trata-se da otimiza\u00e7\u00e3o da sua Garantia de Qualidade, por exemplo, atrav\u00e9s de padr\u00f5es de dados dos fornecedores. O objetivo \u00e9 disponibilizar sucessivamente um sistema de aviso pr\u00e9vio e de gest\u00e3o de riscos. Nesta base, podem ser tamb\u00e9m fornecidos dados relevantes aos seguros.<\/p>\n<p><strong>Implementa\u00e7\u00e3o por meio de solu\u00e7\u00f5es de software feitas sob medida<\/strong><br \/>\nUm software moderno garante a implementa\u00e7\u00e3o de nossa consultoria: o software \u00e9 concebido pela empresa CloudSoft1 para computadores port\u00e1teis, Tablet PCs ou Smartphones e pode ser individualmente adaptado \u00e0 estrutura de TI do cliente.<br \/>\n[\/et_pb_text][\/et_pb_column][\/et_pb_row][\/et_pb_section]<\/p>\n","protected":false},"excerpt":{"rendered":"<p>Desenvolvimento de\u00a0padr\u00f5es Desenvolvimento de padr\u00f5es como Private Label ou\u00a0at\u00e9 a acredita\u00e7\u00e3o internacional Responsabilidade \u00e9 sua chave para uma qualidade sustent\u00e1vel. A\u00a0responsabilidade operacionalizada \u00e9 refletida em um padr\u00e3o. Pois, com este\u00a0instrumento, demonstra o cumprimento de sua filosofia e objetivos\u00a0empresariais de maneira global \u2013 seja por meio da introdu\u00e7\u00e3o de um padr\u00e3o\u00a0internacionalmente acreditado ou como Private Label. [&hellip;]<\/p>\n","protected":false},"author":1,"featured_media":0,"parent":0,"menu_order":0,"comment_status":"closed","ping_status":"closed","template":"","meta":{"_et_pb_use_builder":"on","_et_pb_old_content":"","_et_gb_content_width":"","footnotes":""},"class_list":["post-618","page","type-page","status-publish","hentry"],"yoast_head":"<!-- This site is optimized with the Yoast SEO plugin v25.8 - https:\/\/yoast.com\/wordpress\/plugins\/seo\/ -->\n<title>Desenvolvimento de padr\u00f5es - Qualit\u00e4tsmanagement, Nachhaltigkeit<\/title>\n<meta name=\"robots\" content=\"index, follow, max-snippet:-1, max-image-preview:large, max-video-preview:-1\" \/>\n<link rel=\"canonical\" href=\"https:\/\/www.vonkampenconsult.com\/pt-pt\/desenvolvimento-de-padroes-pt\/\" \/>\n<meta property=\"og:locale\" content=\"pt_PT\" \/>\n<meta property=\"og:type\" content=\"article\" \/>\n<meta property=\"og:title\" content=\"Desenvolvimento de padr\u00f5es - Qualit\u00e4tsmanagement, Nachhaltigkeit\" \/>\n<meta property=\"og:description\" content=\"Desenvolvimento de\u00a0padr\u00f5es Desenvolvimento de padr\u00f5es como Private Label ou\u00a0at\u00e9 a acredita\u00e7\u00e3o internacional Responsabilidade \u00e9 sua chave para uma qualidade sustent\u00e1vel. A\u00a0responsabilidade operacionalizada \u00e9 refletida em um padr\u00e3o. Pois, com este\u00a0instrumento, demonstra o cumprimento de sua filosofia e objetivos\u00a0empresariais de maneira global \u2013 seja por meio da introdu\u00e7\u00e3o de um padr\u00e3o\u00a0internacionalmente acreditado ou como Private Label. [&hellip;]\" \/>\n<meta property=\"og:url\" content=\"https:\/\/www.vonkampenconsult.com\/pt-pt\/desenvolvimento-de-padroes-pt\/\" \/>\n<meta property=\"og:site_name\" content=\"Qualit\u00e4tsmanagement, Nachhaltigkeit\" \/>\n<meta property=\"article:modified_time\" content=\"2019-03-16T00:07:36+00:00\" \/>\n<meta name=\"twitter:card\" content=\"summary_large_image\" \/>\n<meta name=\"twitter:label1\" content=\"Tempo estimado de leitura\" \/>\n\t<meta name=\"twitter:data1\" content=\"4 minutos\" \/>\n<script type=\"application\/ld+json\" class=\"yoast-schema-graph\">{\"@context\":\"https:\/\/schema.org\",\"@graph\":[{\"@type\":\"WebPage\",\"@id\":\"https:\/\/www.vonkampenconsult.com\/pt-pt\/desenvolvimento-de-padroes-pt\/\",\"url\":\"https:\/\/www.vonkampenconsult.com\/pt-pt\/desenvolvimento-de-padroes-pt\/\",\"name\":\"Desenvolvimento de padr\u00f5es - Qualit\u00e4tsmanagement, Nachhaltigkeit\",\"isPartOf\":{\"@id\":\"https:\/\/www.vonkampenconsult.com\/#website\"},\"datePublished\":\"2017-01-24T09:06:56+00:00\",\"dateModified\":\"2019-03-16T00:07:36+00:00\",\"breadcrumb\":{\"@id\":\"https:\/\/www.vonkampenconsult.com\/pt-pt\/desenvolvimento-de-padroes-pt\/#breadcrumb\"},\"inLanguage\":\"pt-PT\",\"potentialAction\":[{\"@type\":\"ReadAction\",\"target\":[\"https:\/\/www.vonkampenconsult.com\/pt-pt\/desenvolvimento-de-padroes-pt\/\"]}]},{\"@type\":\"BreadcrumbList\",\"@id\":\"https:\/\/www.vonkampenconsult.com\/pt-pt\/desenvolvimento-de-padroes-pt\/#breadcrumb\",\"itemListElement\":[{\"@type\":\"ListItem\",\"position\":1,\"name\":\"Home\",\"item\":\"https:\/\/www.vonkampenconsult.com\/pt-pt\/\"},{\"@type\":\"ListItem\",\"position\":2,\"name\":\"Desenvolvimento de padr\u00f5es\"}]},{\"@type\":\"WebSite\",\"@id\":\"https:\/\/www.vonkampenconsult.com\/#website\",\"url\":\"https:\/\/www.vonkampenconsult.com\/\",\"name\":\"Qualit\u00e4tsmanagement, Nachhaltigkeit\",\"description\":\"vonKampenConsult\",\"potentialAction\":[{\"@type\":\"SearchAction\",\"target\":{\"@type\":\"EntryPoint\",\"urlTemplate\":\"https:\/\/www.vonkampenconsult.com\/?s={search_term_string}\"},\"query-input\":{\"@type\":\"PropertyValueSpecification\",\"valueRequired\":true,\"valueName\":\"search_term_string\"}}],\"inLanguage\":\"pt-PT\"}]}<\/script>\n<!-- \/ Yoast SEO plugin. -->","yoast_head_json":{"title":"Desenvolvimento de padr\u00f5es - Qualit\u00e4tsmanagement, Nachhaltigkeit","robots":{"index":"index","follow":"follow","max-snippet":"max-snippet:-1","max-image-preview":"max-image-preview:large","max-video-preview":"max-video-preview:-1"},"canonical":"https:\/\/www.vonkampenconsult.com\/pt-pt\/desenvolvimento-de-padroes-pt\/","og_locale":"pt_PT","og_type":"article","og_title":"Desenvolvimento de padr\u00f5es - Qualit\u00e4tsmanagement, Nachhaltigkeit","og_description":"Desenvolvimento de\u00a0padr\u00f5es Desenvolvimento de padr\u00f5es como Private Label ou\u00a0at\u00e9 a acredita\u00e7\u00e3o internacional Responsabilidade \u00e9 sua chave para uma qualidade sustent\u00e1vel. A\u00a0responsabilidade operacionalizada \u00e9 refletida em um padr\u00e3o. Pois, com este\u00a0instrumento, demonstra o cumprimento de sua filosofia e objetivos\u00a0empresariais de maneira global \u2013 seja por meio da introdu\u00e7\u00e3o de um padr\u00e3o\u00a0internacionalmente acreditado ou como Private Label. [&hellip;]","og_url":"https:\/\/www.vonkampenconsult.com\/pt-pt\/desenvolvimento-de-padroes-pt\/","og_site_name":"Qualit\u00e4tsmanagement, Nachhaltigkeit","article_modified_time":"2019-03-16T00:07:36+00:00","twitter_card":"summary_large_image","twitter_misc":{"Tempo estimado de leitura":"4 minutos"},"schema":{"@context":"https:\/\/schema.org","@graph":[{"@type":"WebPage","@id":"https:\/\/www.vonkampenconsult.com\/pt-pt\/desenvolvimento-de-padroes-pt\/","url":"https:\/\/www.vonkampenconsult.com\/pt-pt\/desenvolvimento-de-padroes-pt\/","name":"Desenvolvimento de padr\u00f5es - Qualit\u00e4tsmanagement, Nachhaltigkeit","isPartOf":{"@id":"https:\/\/www.vonkampenconsult.com\/#website"},"datePublished":"2017-01-24T09:06:56+00:00","dateModified":"2019-03-16T00:07:36+00:00","breadcrumb":{"@id":"https:\/\/www.vonkampenconsult.com\/pt-pt\/desenvolvimento-de-padroes-pt\/#breadcrumb"},"inLanguage":"pt-PT","potentialAction":[{"@type":"ReadAction","target":["https:\/\/www.vonkampenconsult.com\/pt-pt\/desenvolvimento-de-padroes-pt\/"]}]},{"@type":"BreadcrumbList","@id":"https:\/\/www.vonkampenconsult.com\/pt-pt\/desenvolvimento-de-padroes-pt\/#breadcrumb","itemListElement":[{"@type":"ListItem","position":1,"name":"Home","item":"https:\/\/www.vonkampenconsult.com\/pt-pt\/"},{"@type":"ListItem","position":2,"name":"Desenvolvimento de padr\u00f5es"}]},{"@type":"WebSite","@id":"https:\/\/www.vonkampenconsult.com\/#website","url":"https:\/\/www.vonkampenconsult.com\/","name":"Qualit\u00e4tsmanagement, Nachhaltigkeit","description":"vonKampenConsult","potentialAction":[{"@type":"SearchAction","target":{"@type":"EntryPoint","urlTemplate":"https:\/\/www.vonkampenconsult.com\/?s={search_term_string}"},"query-input":{"@type":"PropertyValueSpecification","valueRequired":true,"valueName":"search_term_string"}}],"inLanguage":"pt-PT"}]}},"_links":{"self":[{"href":"https:\/\/www.vonkampenconsult.com\/pt-pt\/wp-json\/wp\/v2\/pages\/618","targetHints":{"allow":["GET"]}}],"collection":[{"href":"https:\/\/www.vonkampenconsult.com\/pt-pt\/wp-json\/wp\/v2\/pages"}],"about":[{"href":"https:\/\/www.vonkampenconsult.com\/pt-pt\/wp-json\/wp\/v2\/types\/page"}],"author":[{"embeddable":true,"href":"https:\/\/www.vonkampenconsult.com\/pt-pt\/wp-json\/wp\/v2\/users\/1"}],"replies":[{"embeddable":true,"href":"https:\/\/www.vonkampenconsult.com\/pt-pt\/wp-json\/wp\/v2\/comments?post=618"}],"version-history":[{"count":10,"href":"https:\/\/www.vonkampenconsult.com\/pt-pt\/wp-json\/wp\/v2\/pages\/618\/revisions"}],"predecessor-version":[{"id":1883,"href":"https:\/\/www.vonkampenconsult.com\/pt-pt\/wp-json\/wp\/v2\/pages\/618\/revisions\/1883"}],"wp:attachment":[{"href":"https:\/\/www.vonkampenconsult.com\/pt-pt\/wp-json\/wp\/v2\/media?parent=618"}],"curies":[{"name":"wp","href":"https:\/\/api.w.org\/{rel}","templated":true}]}}