{"id":621,"date":"2017-01-24T10:09:02","date_gmt":"2017-01-24T09:09:02","guid":{"rendered":"https:\/\/www.vonkampenconsult.com\/handbuecher\/"},"modified":"2019-03-16T01:06:47","modified_gmt":"2019-03-16T00:06:47","slug":"manuais","status":"publish","type":"page","link":"https:\/\/www.vonkampenconsult.com\/pt-pt\/manuais\/","title":{"rendered":"Manuais"},"content":{"rendered":"<p>[et_pb_section bb_built=&#8221;1&#8243; fullwidth=&#8221;on&#8221; specialty=&#8221;off&#8221; next_background_color=&#8221;#000000&#8243; _builder_version=&#8221;3.13.1&#8243; background_color=&#8221;#288915&#8243; custom_padding=&#8221;2px||0px|&#8221; module_id=&#8221;sticky&#8221; disabled=&#8221;off&#8221; disabled_on=&#8221;on|on|&#8221; global_module=&#8221;1617&#8243;][\/et_pb_section][et_pb_section bb_built=&#8221;1&#8243; fullwidth=&#8221;on&#8221; specialty=&#8221;off&#8221; _builder_version=&#8221;3.13.1&#8243; background_color=&#8221;#288915&#8243; custom_padding=&#8221;2px|||&#8221; module_id=&#8221;stroke-mobile&#8221; disabled=&#8221;off&#8221; disabled_on=&#8221;off|off|on&#8221; next_background_color=&#8221;#45525a&#8221; prev_background_color=&#8221;#000000&#8243; global_module=&#8221;1616&#8243;][\/et_pb_section][et_pb_section bb_built=&#8221;1&#8243; admin_label=&#8221;section&#8221; transparent_background=&#8221;off&#8221; parallax_method=&#8221;off&#8221; prev_background_color=&#8221;#288915&#8243; _builder_version=&#8221;3.13.1&#8243; background_color=&#8221;#45525a&#8221; custom_padding=&#8221;50px||450px|&#8221; custom_padding_phone=&#8221;50px||0px|&#8221; custom_padding_last_edited=&#8221;on|phone&#8221;][et_pb_row][et_pb_column type=&#8221;1_4&#8243;][et_pb_button _builder_version=&#8221;3.13.1&#8243; button_text=&#8221;Para tr\u00e1s&#8221; button_url=&#8221;https:\/\/www.vonkampenconsult.com\/pt-pt\/&#8221; button_alignment=&#8221;left&#8221; background_layout=&#8221;dark&#8221; \/][\/et_pb_column][et_pb_column type=&#8221;1_4&#8243;][\/et_pb_column][et_pb_column type=&#8221;1_4&#8243;][\/et_pb_column][et_pb_column type=&#8221;1_4&#8243;][\/et_pb_column][\/et_pb_row][et_pb_row admin_label=&#8221;row&#8221; background_position=&#8221;top_left&#8221; background_repeat=&#8221;repeat&#8221; background_size=&#8221;initial&#8221;][et_pb_column type=&#8221;4_4&#8243;][et_pb_text background_layout=&#8221;dark&#8221; text_orientation=&#8221;left&#8221; text_font_size=&#8221;50&#8243; use_border_color=&#8221;off&#8221; border_color=&#8221;#ffffff&#8221; border_style=&#8221;solid&#8221; custom_padding=&#8221;||50px|&#8221; text_font_size_phone=&#8221;35&#8243; text_font_size_last_edited=&#8221;on|phone&#8221; background_position=&#8221;top_left&#8221; background_repeat=&#8221;repeat&#8221; background_size=&#8221;initial&#8221;]<\/p>\n<p><strong>Manuais<\/strong><\/p>\n<p>[\/et_pb_text][et_pb_text background_layout=&#8221;dark&#8221; text_orientation=&#8221;left&#8221; text_font_size=&#8221;18&#8243; use_border_color=&#8221;off&#8221; border_color=&#8221;#ffffff&#8221; border_style=&#8221;solid&#8221; custom_padding=&#8221;||10px|&#8221; background_position=&#8221;top_left&#8221; background_repeat=&#8221;repeat&#8221; background_size=&#8221;initial&#8221;]<\/p>\n<p class=\"moto-text_normal\"><strong>Seus documentos centrais: sem a m\u00e3o, sempre atual. Independente de onde estiver\u00a0<\/strong><br \/>\nvonKampenConsult conta com as mais modernas solu\u00e7\u00f5es em tecnologia e multim\u00e9dia para melhorar significativamente os sistemas de gest\u00e3o operacional. At\u00e9 mesmo as menores empresas podem tirar proveito de inova\u00e7\u00f5es tecnol\u00f3gicas. Com isso vonKampenConsult busca uma nova abordagem para garantia da qualidade, gest\u00e3o de riscos e sustentabilidade. O manual, a an\u00e1lise de riscos, os planeamentos de ensaio, limpeza e manuten\u00e7\u00e3o e as listas de verifica\u00e7\u00e3o ou instru\u00e7\u00f5es de trabalho s\u00e3o salvos em um dentro de dados alem\u00e3o. Pode acessar os dados de maneira segura e confort\u00e1vel por meio de Cloud-Computing na web e trabalhar diretamente a partir de nosso servidor.<\/p>\n<p class=\"moto-text_normal\"><strong>Sistemas de gest\u00e3o para a garantia de qualidade, gest\u00e3o de riscos e\u00a0<\/strong><strong>sustentabilidade s\u00e3o trabalho de equipe<\/strong><br \/>\nSomente seus colabores podem dar vida aos sistemas de gest\u00e3o. Desta maneira, a vonKampenConsult promove de maneira consciente a autonomia dos empregados de seus clientes em vez de sua depend\u00eancia por n\u00f3s. E para ser capaz de sempre ofertar a solu\u00e7\u00e3o mais otimizada e eficiente, contamos com nossa rede de especialistas de qualidade. Assim, a pr\u00f3pria vonKampenConsult mant\u00e9m uma estrutura de empresa enxuta. Esta flexibilidade tamb\u00e9m nos ajuda a sempre tomar novos caminhos e a ofertar ao setor impulsos valiosos por meio de inova\u00e7\u00f5es.<\/p>\n<p class=\"moto-text_normal\"><strong>Comunica\u00e7\u00e3o audiovisual de colaboradores<\/strong><br \/>\nA gest\u00e3o moderna necessita com frequ\u00eancia de processos tecnol\u00f3gicas complexos. At\u00e9 que ponto \u00e9 poss\u00edvel mapear fatos de dif\u00edcil explica\u00e7\u00e3o com precis\u00e3o e fidelidade pode ser um fator cr\u00edtico de sucesso. Para tanto, \u00e9 necess\u00e1rio eliminar receios de contato e falta de aceita\u00e7\u00e3o pelos colaboradores. Imagens em movimento ilustram processos complexos. Efeitos importantes de sinergia resultam da combina\u00e7\u00e3o com nossa solu\u00e7\u00e3o de software. L\u00e1, sequ\u00eancias de v\u00eddeo, apresenta\u00e7\u00f5es ou imagens podem ser facilmente acoplados aos documentos escritos ou anexados como um hiperlink. Um clique do rato acessa os m\u00f3dulos multim\u00eddia relacionados ao contexto.<\/p>\n<p>[\/et_pb_text][\/et_pb_column][\/et_pb_row][\/et_pb_section]<\/p>\n","protected":false},"excerpt":{"rendered":"<p><div class=\"et_pb_row et_pb_row_0 et_pb_row_empty\">\n\t\t\t\t\n\t\t\t\t\n\t\t\t\t\n\t\t\t\t\n\t\t\t\t\n\t\t\t<\/div> Manuais Seus documentos centrais: sem a m\u00e3o, sempre atual. Independente de onde estiver\u00a0 vonKampenConsult conta com as mais modernas solu\u00e7\u00f5es em tecnologia e multim\u00e9dia para melhorar significativamente os sistemas de gest\u00e3o operacional. At\u00e9 mesmo as menores empresas podem tirar proveito de inova\u00e7\u00f5es tecnol\u00f3gicas. Com isso vonKampenConsult busca uma nova abordagem para garantia da qualidade, [&hellip;]<\/p>\n","protected":false},"author":1,"featured_media":0,"parent":0,"menu_order":0,"comment_status":"closed","ping_status":"closed","template":"","meta":{"_et_pb_use_builder":"on","_et_pb_old_content":"","_et_gb_content_width":"","footnotes":""},"class_list":["post-621","page","type-page","status-publish","hentry"],"yoast_head":"<!-- This site is optimized with the Yoast SEO plugin v25.8 - https:\/\/yoast.com\/wordpress\/plugins\/seo\/ -->\n<title>Manuais - Qualit\u00e4tsmanagement, Nachhaltigkeit<\/title>\n<meta name=\"robots\" content=\"index, follow, max-snippet:-1, max-image-preview:large, max-video-preview:-1\" \/>\n<link rel=\"canonical\" href=\"https:\/\/www.vonkampenconsult.com\/pt-pt\/manuais\/\" \/>\n<meta property=\"og:locale\" content=\"pt_PT\" \/>\n<meta property=\"og:type\" content=\"article\" \/>\n<meta property=\"og:title\" content=\"Manuais - Qualit\u00e4tsmanagement, Nachhaltigkeit\" \/>\n<meta property=\"og:description\" content=\"Manuais Seus documentos centrais: sem a m\u00e3o, sempre atual. Independente de onde estiver\u00a0 vonKampenConsult conta com as mais modernas solu\u00e7\u00f5es em tecnologia e multim\u00e9dia para melhorar significativamente os sistemas de gest\u00e3o operacional. At\u00e9 mesmo as menores empresas podem tirar proveito de inova\u00e7\u00f5es tecnol\u00f3gicas. Com isso vonKampenConsult busca uma nova abordagem para garantia da qualidade, [&hellip;]\" \/>\n<meta property=\"og:url\" content=\"https:\/\/www.vonkampenconsult.com\/pt-pt\/manuais\/\" \/>\n<meta property=\"og:site_name\" content=\"Qualit\u00e4tsmanagement, Nachhaltigkeit\" \/>\n<meta property=\"article:modified_time\" content=\"2019-03-16T00:06:47+00:00\" \/>\n<meta name=\"twitter:card\" content=\"summary_large_image\" \/>\n<meta name=\"twitter:label1\" content=\"Tempo estimado de leitura\" \/>\n\t<meta name=\"twitter:data1\" content=\"3 minutos\" \/>\n<script type=\"application\/ld+json\" class=\"yoast-schema-graph\">{\"@context\":\"https:\/\/schema.org\",\"@graph\":[{\"@type\":\"WebPage\",\"@id\":\"https:\/\/www.vonkampenconsult.com\/pt-pt\/manuais\/\",\"url\":\"https:\/\/www.vonkampenconsult.com\/pt-pt\/manuais\/\",\"name\":\"Manuais - Qualit\u00e4tsmanagement, Nachhaltigkeit\",\"isPartOf\":{\"@id\":\"https:\/\/www.vonkampenconsult.com\/#website\"},\"datePublished\":\"2017-01-24T09:09:02+00:00\",\"dateModified\":\"2019-03-16T00:06:47+00:00\",\"breadcrumb\":{\"@id\":\"https:\/\/www.vonkampenconsult.com\/pt-pt\/manuais\/#breadcrumb\"},\"inLanguage\":\"pt-PT\",\"potentialAction\":[{\"@type\":\"ReadAction\",\"target\":[\"https:\/\/www.vonkampenconsult.com\/pt-pt\/manuais\/\"]}]},{\"@type\":\"BreadcrumbList\",\"@id\":\"https:\/\/www.vonkampenconsult.com\/pt-pt\/manuais\/#breadcrumb\",\"itemListElement\":[{\"@type\":\"ListItem\",\"position\":1,\"name\":\"Home\",\"item\":\"https:\/\/www.vonkampenconsult.com\/pt-pt\/\"},{\"@type\":\"ListItem\",\"position\":2,\"name\":\"Manuais\"}]},{\"@type\":\"WebSite\",\"@id\":\"https:\/\/www.vonkampenconsult.com\/#website\",\"url\":\"https:\/\/www.vonkampenconsult.com\/\",\"name\":\"Qualit\u00e4tsmanagement, Nachhaltigkeit\",\"description\":\"vonKampenConsult\",\"potentialAction\":[{\"@type\":\"SearchAction\",\"target\":{\"@type\":\"EntryPoint\",\"urlTemplate\":\"https:\/\/www.vonkampenconsult.com\/?s={search_term_string}\"},\"query-input\":{\"@type\":\"PropertyValueSpecification\",\"valueRequired\":true,\"valueName\":\"search_term_string\"}}],\"inLanguage\":\"pt-PT\"}]}<\/script>\n<!-- \/ Yoast SEO plugin. -->","yoast_head_json":{"title":"Manuais - Qualit\u00e4tsmanagement, Nachhaltigkeit","robots":{"index":"index","follow":"follow","max-snippet":"max-snippet:-1","max-image-preview":"max-image-preview:large","max-video-preview":"max-video-preview:-1"},"canonical":"https:\/\/www.vonkampenconsult.com\/pt-pt\/manuais\/","og_locale":"pt_PT","og_type":"article","og_title":"Manuais - Qualit\u00e4tsmanagement, Nachhaltigkeit","og_description":"Manuais Seus documentos centrais: sem a m\u00e3o, sempre atual. Independente de onde estiver\u00a0 vonKampenConsult conta com as mais modernas solu\u00e7\u00f5es em tecnologia e multim\u00e9dia para melhorar significativamente os sistemas de gest\u00e3o operacional. At\u00e9 mesmo as menores empresas podem tirar proveito de inova\u00e7\u00f5es tecnol\u00f3gicas. Com isso vonKampenConsult busca uma nova abordagem para garantia da qualidade, [&hellip;]","og_url":"https:\/\/www.vonkampenconsult.com\/pt-pt\/manuais\/","og_site_name":"Qualit\u00e4tsmanagement, Nachhaltigkeit","article_modified_time":"2019-03-16T00:06:47+00:00","twitter_card":"summary_large_image","twitter_misc":{"Tempo estimado de leitura":"3 minutos"},"schema":{"@context":"https:\/\/schema.org","@graph":[{"@type":"WebPage","@id":"https:\/\/www.vonkampenconsult.com\/pt-pt\/manuais\/","url":"https:\/\/www.vonkampenconsult.com\/pt-pt\/manuais\/","name":"Manuais - Qualit\u00e4tsmanagement, Nachhaltigkeit","isPartOf":{"@id":"https:\/\/www.vonkampenconsult.com\/#website"},"datePublished":"2017-01-24T09:09:02+00:00","dateModified":"2019-03-16T00:06:47+00:00","breadcrumb":{"@id":"https:\/\/www.vonkampenconsult.com\/pt-pt\/manuais\/#breadcrumb"},"inLanguage":"pt-PT","potentialAction":[{"@type":"ReadAction","target":["https:\/\/www.vonkampenconsult.com\/pt-pt\/manuais\/"]}]},{"@type":"BreadcrumbList","@id":"https:\/\/www.vonkampenconsult.com\/pt-pt\/manuais\/#breadcrumb","itemListElement":[{"@type":"ListItem","position":1,"name":"Home","item":"https:\/\/www.vonkampenconsult.com\/pt-pt\/"},{"@type":"ListItem","position":2,"name":"Manuais"}]},{"@type":"WebSite","@id":"https:\/\/www.vonkampenconsult.com\/#website","url":"https:\/\/www.vonkampenconsult.com\/","name":"Qualit\u00e4tsmanagement, Nachhaltigkeit","description":"vonKampenConsult","potentialAction":[{"@type":"SearchAction","target":{"@type":"EntryPoint","urlTemplate":"https:\/\/www.vonkampenconsult.com\/?s={search_term_string}"},"query-input":{"@type":"PropertyValueSpecification","valueRequired":true,"valueName":"search_term_string"}}],"inLanguage":"pt-PT"}]}},"_links":{"self":[{"href":"https:\/\/www.vonkampenconsult.com\/pt-pt\/wp-json\/wp\/v2\/pages\/621","targetHints":{"allow":["GET"]}}],"collection":[{"href":"https:\/\/www.vonkampenconsult.com\/pt-pt\/wp-json\/wp\/v2\/pages"}],"about":[{"href":"https:\/\/www.vonkampenconsult.com\/pt-pt\/wp-json\/wp\/v2\/types\/page"}],"author":[{"embeddable":true,"href":"https:\/\/www.vonkampenconsult.com\/pt-pt\/wp-json\/wp\/v2\/users\/1"}],"replies":[{"embeddable":true,"href":"https:\/\/www.vonkampenconsult.com\/pt-pt\/wp-json\/wp\/v2\/comments?post=621"}],"version-history":[{"count":7,"href":"https:\/\/www.vonkampenconsult.com\/pt-pt\/wp-json\/wp\/v2\/pages\/621\/revisions"}],"predecessor-version":[{"id":1877,"href":"https:\/\/www.vonkampenconsult.com\/pt-pt\/wp-json\/wp\/v2\/pages\/621\/revisions\/1877"}],"wp:attachment":[{"href":"https:\/\/www.vonkampenconsult.com\/pt-pt\/wp-json\/wp\/v2\/media?parent=621"}],"curies":[{"name":"wp","href":"https:\/\/api.w.org\/{rel}","templated":true}]}}