{"id":625,"date":"2017-01-24T10:09:30","date_gmt":"2017-01-24T09:09:30","guid":{"rendered":"https:\/\/www.vonkampenconsult.com\/monitoring\/"},"modified":"2019-03-16T01:06:46","modified_gmt":"2019-03-16T00:06:46","slug":"monitorizacao","status":"publish","type":"page","link":"https:\/\/www.vonkampenconsult.com\/pt-pt\/monitorizacao\/","title":{"rendered":"Monitoriza\u00e7\u00e3o"},"content":{"rendered":"<p>[et_pb_section bb_built=&#8221;1&#8243; fullwidth=&#8221;on&#8221; specialty=&#8221;off&#8221; next_background_color=&#8221;#000000&#8243; _builder_version=&#8221;3.13.1&#8243; background_color=&#8221;#288915&#8243; custom_padding=&#8221;2px||0px|&#8221; module_id=&#8221;sticky&#8221; disabled=&#8221;off&#8221; disabled_on=&#8221;on|on|&#8221; global_module=&#8221;1617&#8243;][\/et_pb_section][et_pb_section bb_built=&#8221;1&#8243; fullwidth=&#8221;on&#8221; specialty=&#8221;off&#8221; _builder_version=&#8221;3.13.1&#8243; background_color=&#8221;#288915&#8243; custom_padding=&#8221;2px|||&#8221; module_id=&#8221;stroke-mobile&#8221; disabled=&#8221;off&#8221; disabled_on=&#8221;off|off|on&#8221; next_background_color=&#8221;#45525a&#8221; prev_background_color=&#8221;#000000&#8243; global_module=&#8221;1616&#8243;][\/et_pb_section][et_pb_section bb_built=&#8221;1&#8243; admin_label=&#8221;section&#8221; transparent_background=&#8221;off&#8221; parallax_method=&#8221;off&#8221; specialty=&#8221;off&#8221; disabled=&#8221;off&#8221; prev_background_color=&#8221;#288915&#8243; _builder_version=&#8221;3.13.1&#8243; background_color=&#8221;#45525a&#8221; custom_padding=&#8221;50px||450px|&#8221; custom_padding_phone=&#8221;50px||0px|&#8221; custom_padding_last_edited=&#8221;on|phone&#8221;][et_pb_row][et_pb_column type=&#8221;1_4&#8243;][et_pb_button _builder_version=&#8221;3.13.1&#8243; button_text=&#8221;Para tr\u00e1s&#8221; button_url=&#8221;https:\/\/www.vonkampenconsult.com\/pt-pt\/&#8221; button_alignment=&#8221;left&#8221; background_layout=&#8221;dark&#8221; \/][\/et_pb_column][et_pb_column type=&#8221;1_4&#8243;][\/et_pb_column][et_pb_column type=&#8221;1_4&#8243;][\/et_pb_column][et_pb_column type=&#8221;1_4&#8243;][\/et_pb_column][\/et_pb_row][et_pb_row admin_label=&#8221;row&#8221; make_fullwidth=&#8221;off&#8221; use_custom_width=&#8221;off&#8221; width_unit=&#8221;off&#8221; custom_width_px=&#8221;1080px&#8221; custom_width_percent=&#8221;80%&#8221; use_custom_gutter=&#8221;off&#8221; gutter_width=&#8221;3&#8243; allow_player_pause=&#8221;off&#8221; parallax=&#8221;off&#8221; parallax_method=&#8221;on&#8221; make_equal=&#8221;off&#8221; parallax_1=&#8221;off&#8221; parallax_method_1=&#8221;on&#8221; parallax_2=&#8221;off&#8221; parallax_method_2=&#8221;on&#8221; parallax_3=&#8221;off&#8221; parallax_method_3=&#8221;on&#8221; parallax_4=&#8221;off&#8221; parallax_method_4=&#8221;on&#8221; disabled=&#8221;off&#8221; background_position=&#8221;top_left&#8221; background_repeat=&#8221;repeat&#8221; background_size=&#8221;initial&#8221;][et_pb_column type=&#8221;4_4&#8243;][et_pb_text background_layout=&#8221;dark&#8221; text_orientation=&#8221;left&#8221; text_font_size=&#8221;50&#8243; use_border_color=&#8221;off&#8221; border_style=&#8221;solid&#8221; custom_padding=&#8221;||50px|&#8221; disabled=&#8221;off&#8221; border_color=&#8221;#ffffff&#8221; text_font_size_phone=&#8221;35&#8243; text_font_size_last_edited=&#8221;on|phone&#8221; background_position=&#8221;top_left&#8221; background_repeat=&#8221;repeat&#8221; background_size=&#8221;initial&#8221;]<\/p>\n<p><strong>Monitoriza\u00e7\u00e3o<\/strong><\/p>\n<p>[\/et_pb_text][et_pb_text background_layout=&#8221;dark&#8221; text_orientation=&#8221;left&#8221; text_font=&#8221;|on|||&#8221; text_font_size=&#8221;30px&#8221; text_line_height=&#8221;1.4em&#8221; use_border_color=&#8221;off&#8221; border_style=&#8221;solid&#8221; custom_padding=&#8221;|||&#8221; disabled=&#8221;off&#8221; border_color=&#8221;#ffffff&#8221; background_position=&#8221;top_left&#8221; background_repeat=&#8221;repeat&#8221; background_size=&#8221;initial&#8221;]<\/p>\n<p><strong>A monitoriza\u00e7\u00e3o cont\u00ednua de seus processos atrav\u00e9s de sistemas de acompanhamento especializado<\/strong><\/p>\n<p>[\/et_pb_text][et_pb_text background_layout=&#8221;dark&#8221; text_orientation=&#8221;left&#8221; text_font_size=&#8221;18&#8243; text_line_height=&#8221;1.3em&#8221; use_border_color=&#8221;off&#8221; border_style=&#8221;solid&#8221; custom_padding=&#8221;|||&#8221; disabled=&#8221;off&#8221; border_color=&#8221;#ffffff&#8221; background_position=&#8221;top_left&#8221; background_repeat=&#8221;repeat&#8221; background_size=&#8221;initial&#8221;]<\/p>\n<p>Realizamos a monitora\u00e7\u00e3o com uma abordagem processual abrangente. Tome a aquisi\u00e7\u00e3o de mat\u00e9rias-primas para a produ\u00e7\u00e3o de produtos agr\u00edcolas e alimentares como exemplo: Como sua monitoriza\u00e7\u00e3o estende-se a todos os processos em que assiste as condi\u00e7\u00f5es de cultivo e armazenamento, manipula\u00e7\u00e3o do produto e de transporte por meio de an\u00e1lise de dados ao longo de um per\u00edodo mais longo, tendo em conta a regi\u00e3o de origem e o registo. Os dados assim obtidos s\u00e3o inclu\u00eddos na avalia\u00e7\u00e3o de gest\u00e3o de riscos e fornecedor.<\/p>\n<p><strong>A produ\u00e7\u00e3o de alimentos: a monitoriza\u00e7\u00e3o cont\u00ednua para a prote\u00e7\u00e3o fi\u00e1vel dos\u00a0<\/strong><strong>consumidores<\/strong><br \/>\nPara produtos agr\u00edcolas e alimentares, todo o espectro desde o tempo antes da semeadura da semente em si deve ser levado em conta at\u00e9 a colheita, transporte, armazenagem, tratamento e produ\u00e7\u00e3o. A avalia\u00e7\u00e3o de monitoriza\u00e7\u00e3o e condi\u00e7\u00e3o de produtos agr\u00edcolas e alimentares s\u00e3o medidas indispens\u00e1veis para garantir a seguran\u00e7a do consumidor. Por meio da monitoriza\u00e7\u00e3o constate da cadeia de produ\u00e7\u00e3o, a contamina\u00e7\u00e3o do produto n\u00e3o desejado pode ser evitada. A fim de alcan\u00e7ar este objetivo de forma fi\u00e1vel e abrangente, a vonKampenConsult trabalha com um sistema de monitoriza\u00e7\u00e3o especialmente desenvolvido para o sector agroalimentar.<\/p>\n<p><strong>O que faz nosso sistema de monitoriza\u00e7\u00e3o ser \u00fanico?<\/strong><br \/>\nSeu foco de segmento de mercado firme sobre o sector agr\u00edcola e alimentar! E seus atalhos inteligentes! Nossa monitoriza\u00e7\u00e3o pode ser ativamente acoplada \u00e0 gest\u00e3o de riscos e ao sistema de informa\u00e7\u00f5es laboratoriais (LIMS). A recolha de amostras pode ser feita por si ou por um de nossos laborat\u00f3rios parceiros.<\/p>\n<p>[\/et_pb_text][\/et_pb_column][\/et_pb_row][\/et_pb_section]<\/p>\n","protected":false},"excerpt":{"rendered":"<p><div class=\"et_pb_row et_pb_row_0 et_pb_row_empty\">\n\t\t\t\t\n\t\t\t\t\n\t\t\t\t\n\t\t\t\t\n\t\t\t\t\n\t\t\t<\/div> Monitoriza\u00e7\u00e3o A monitoriza\u00e7\u00e3o cont\u00ednua de seus processos atrav\u00e9s de sistemas de acompanhamento especializado Realizamos a monitora\u00e7\u00e3o com uma abordagem processual abrangente. Tome a aquisi\u00e7\u00e3o de mat\u00e9rias-primas para a produ\u00e7\u00e3o de produtos agr\u00edcolas e alimentares como exemplo: Como sua monitoriza\u00e7\u00e3o estende-se a todos os processos em que assiste as condi\u00e7\u00f5es de cultivo e armazenamento, manipula\u00e7\u00e3o [&hellip;]<\/p>\n","protected":false},"author":1,"featured_media":0,"parent":0,"menu_order":0,"comment_status":"closed","ping_status":"closed","template":"","meta":{"_et_pb_use_builder":"on","_et_pb_old_content":"","_et_gb_content_width":"","footnotes":""},"class_list":["post-625","page","type-page","status-publish","hentry"],"yoast_head":"<!-- This site is optimized with the Yoast SEO plugin v25.8 - https:\/\/yoast.com\/wordpress\/plugins\/seo\/ -->\n<title>Monitoriza\u00e7\u00e3o - Qualit\u00e4tsmanagement, Nachhaltigkeit<\/title>\n<meta name=\"robots\" content=\"index, follow, max-snippet:-1, max-image-preview:large, max-video-preview:-1\" \/>\n<link rel=\"canonical\" href=\"https:\/\/www.vonkampenconsult.com\/pt-pt\/monitorizacao\/\" \/>\n<meta property=\"og:locale\" content=\"pt_PT\" \/>\n<meta property=\"og:type\" content=\"article\" \/>\n<meta property=\"og:title\" content=\"Monitoriza\u00e7\u00e3o - Qualit\u00e4tsmanagement, Nachhaltigkeit\" \/>\n<meta property=\"og:description\" content=\"Monitoriza\u00e7\u00e3o A monitoriza\u00e7\u00e3o cont\u00ednua de seus processos atrav\u00e9s de sistemas de acompanhamento especializado Realizamos a monitora\u00e7\u00e3o com uma abordagem processual abrangente. Tome a aquisi\u00e7\u00e3o de mat\u00e9rias-primas para a produ\u00e7\u00e3o de produtos agr\u00edcolas e alimentares como exemplo: Como sua monitoriza\u00e7\u00e3o estende-se a todos os processos em que assiste as condi\u00e7\u00f5es de cultivo e armazenamento, manipula\u00e7\u00e3o [&hellip;]\" \/>\n<meta property=\"og:url\" content=\"https:\/\/www.vonkampenconsult.com\/pt-pt\/monitorizacao\/\" \/>\n<meta property=\"og:site_name\" content=\"Qualit\u00e4tsmanagement, Nachhaltigkeit\" \/>\n<meta property=\"article:modified_time\" content=\"2019-03-16T00:06:46+00:00\" \/>\n<meta name=\"twitter:card\" content=\"summary_large_image\" \/>\n<meta name=\"twitter:label1\" content=\"Tempo estimado de leitura\" \/>\n\t<meta name=\"twitter:data1\" content=\"4 minutos\" \/>\n<script type=\"application\/ld+json\" class=\"yoast-schema-graph\">{\"@context\":\"https:\/\/schema.org\",\"@graph\":[{\"@type\":\"WebPage\",\"@id\":\"https:\/\/www.vonkampenconsult.com\/pt-pt\/monitorizacao\/\",\"url\":\"https:\/\/www.vonkampenconsult.com\/pt-pt\/monitorizacao\/\",\"name\":\"Monitoriza\u00e7\u00e3o - Qualit\u00e4tsmanagement, Nachhaltigkeit\",\"isPartOf\":{\"@id\":\"https:\/\/www.vonkampenconsult.com\/#website\"},\"datePublished\":\"2017-01-24T09:09:30+00:00\",\"dateModified\":\"2019-03-16T00:06:46+00:00\",\"breadcrumb\":{\"@id\":\"https:\/\/www.vonkampenconsult.com\/pt-pt\/monitorizacao\/#breadcrumb\"},\"inLanguage\":\"pt-PT\",\"potentialAction\":[{\"@type\":\"ReadAction\",\"target\":[\"https:\/\/www.vonkampenconsult.com\/pt-pt\/monitorizacao\/\"]}]},{\"@type\":\"BreadcrumbList\",\"@id\":\"https:\/\/www.vonkampenconsult.com\/pt-pt\/monitorizacao\/#breadcrumb\",\"itemListElement\":[{\"@type\":\"ListItem\",\"position\":1,\"name\":\"Home\",\"item\":\"https:\/\/www.vonkampenconsult.com\/pt-pt\/\"},{\"@type\":\"ListItem\",\"position\":2,\"name\":\"Monitoriza\u00e7\u00e3o\"}]},{\"@type\":\"WebSite\",\"@id\":\"https:\/\/www.vonkampenconsult.com\/#website\",\"url\":\"https:\/\/www.vonkampenconsult.com\/\",\"name\":\"Qualit\u00e4tsmanagement, Nachhaltigkeit\",\"description\":\"vonKampenConsult\",\"potentialAction\":[{\"@type\":\"SearchAction\",\"target\":{\"@type\":\"EntryPoint\",\"urlTemplate\":\"https:\/\/www.vonkampenconsult.com\/?s={search_term_string}\"},\"query-input\":{\"@type\":\"PropertyValueSpecification\",\"valueRequired\":true,\"valueName\":\"search_term_string\"}}],\"inLanguage\":\"pt-PT\"}]}<\/script>\n<!-- \/ Yoast SEO plugin. -->","yoast_head_json":{"title":"Monitoriza\u00e7\u00e3o - Qualit\u00e4tsmanagement, Nachhaltigkeit","robots":{"index":"index","follow":"follow","max-snippet":"max-snippet:-1","max-image-preview":"max-image-preview:large","max-video-preview":"max-video-preview:-1"},"canonical":"https:\/\/www.vonkampenconsult.com\/pt-pt\/monitorizacao\/","og_locale":"pt_PT","og_type":"article","og_title":"Monitoriza\u00e7\u00e3o - Qualit\u00e4tsmanagement, Nachhaltigkeit","og_description":"Monitoriza\u00e7\u00e3o A monitoriza\u00e7\u00e3o cont\u00ednua de seus processos atrav\u00e9s de sistemas de acompanhamento especializado Realizamos a monitora\u00e7\u00e3o com uma abordagem processual abrangente. Tome a aquisi\u00e7\u00e3o de mat\u00e9rias-primas para a produ\u00e7\u00e3o de produtos agr\u00edcolas e alimentares como exemplo: Como sua monitoriza\u00e7\u00e3o estende-se a todos os processos em que assiste as condi\u00e7\u00f5es de cultivo e armazenamento, manipula\u00e7\u00e3o [&hellip;]","og_url":"https:\/\/www.vonkampenconsult.com\/pt-pt\/monitorizacao\/","og_site_name":"Qualit\u00e4tsmanagement, Nachhaltigkeit","article_modified_time":"2019-03-16T00:06:46+00:00","twitter_card":"summary_large_image","twitter_misc":{"Tempo estimado de leitura":"4 minutos"},"schema":{"@context":"https:\/\/schema.org","@graph":[{"@type":"WebPage","@id":"https:\/\/www.vonkampenconsult.com\/pt-pt\/monitorizacao\/","url":"https:\/\/www.vonkampenconsult.com\/pt-pt\/monitorizacao\/","name":"Monitoriza\u00e7\u00e3o - Qualit\u00e4tsmanagement, Nachhaltigkeit","isPartOf":{"@id":"https:\/\/www.vonkampenconsult.com\/#website"},"datePublished":"2017-01-24T09:09:30+00:00","dateModified":"2019-03-16T00:06:46+00:00","breadcrumb":{"@id":"https:\/\/www.vonkampenconsult.com\/pt-pt\/monitorizacao\/#breadcrumb"},"inLanguage":"pt-PT","potentialAction":[{"@type":"ReadAction","target":["https:\/\/www.vonkampenconsult.com\/pt-pt\/monitorizacao\/"]}]},{"@type":"BreadcrumbList","@id":"https:\/\/www.vonkampenconsult.com\/pt-pt\/monitorizacao\/#breadcrumb","itemListElement":[{"@type":"ListItem","position":1,"name":"Home","item":"https:\/\/www.vonkampenconsult.com\/pt-pt\/"},{"@type":"ListItem","position":2,"name":"Monitoriza\u00e7\u00e3o"}]},{"@type":"WebSite","@id":"https:\/\/www.vonkampenconsult.com\/#website","url":"https:\/\/www.vonkampenconsult.com\/","name":"Qualit\u00e4tsmanagement, Nachhaltigkeit","description":"vonKampenConsult","potentialAction":[{"@type":"SearchAction","target":{"@type":"EntryPoint","urlTemplate":"https:\/\/www.vonkampenconsult.com\/?s={search_term_string}"},"query-input":{"@type":"PropertyValueSpecification","valueRequired":true,"valueName":"search_term_string"}}],"inLanguage":"pt-PT"}]}},"_links":{"self":[{"href":"https:\/\/www.vonkampenconsult.com\/pt-pt\/wp-json\/wp\/v2\/pages\/625","targetHints":{"allow":["GET"]}}],"collection":[{"href":"https:\/\/www.vonkampenconsult.com\/pt-pt\/wp-json\/wp\/v2\/pages"}],"about":[{"href":"https:\/\/www.vonkampenconsult.com\/pt-pt\/wp-json\/wp\/v2\/types\/page"}],"author":[{"embeddable":true,"href":"https:\/\/www.vonkampenconsult.com\/pt-pt\/wp-json\/wp\/v2\/users\/1"}],"replies":[{"embeddable":true,"href":"https:\/\/www.vonkampenconsult.com\/pt-pt\/wp-json\/wp\/v2\/comments?post=625"}],"version-history":[{"count":7,"href":"https:\/\/www.vonkampenconsult.com\/pt-pt\/wp-json\/wp\/v2\/pages\/625\/revisions"}],"predecessor-version":[{"id":1876,"href":"https:\/\/www.vonkampenconsult.com\/pt-pt\/wp-json\/wp\/v2\/pages\/625\/revisions\/1876"}],"wp:attachment":[{"href":"https:\/\/www.vonkampenconsult.com\/pt-pt\/wp-json\/wp\/v2\/media?parent=625"}],"curies":[{"name":"wp","href":"https:\/\/api.w.org\/{rel}","templated":true}]}}