{"id":629,"date":"2017-01-24T10:10:34","date_gmt":"2017-01-24T09:10:34","guid":{"rendered":"https:\/\/www.vonkampenconsult.com\/probenplanung\/"},"modified":"2019-03-15T23:35:36","modified_gmt":"2019-03-15T22:35:36","slug":"planejamento-de-ensaios","status":"publish","type":"page","link":"https:\/\/www.vonkampenconsult.com\/pt-pt\/planejamento-de-ensaios\/","title":{"rendered":"Planejamento de ensaios"},"content":{"rendered":"<p>[et_pb_section bb_built=&#8221;1&#8243; fullwidth=&#8221;on&#8221; specialty=&#8221;off&#8221; next_background_color=&#8221;#000000&#8243; _builder_version=&#8221;3.13.1&#8243; background_color=&#8221;#288915&#8243; custom_padding=&#8221;2px||0px|&#8221; module_id=&#8221;sticky&#8221; disabled=&#8221;off&#8221; disabled_on=&#8221;on|on|&#8221; global_module=&#8221;1617&#8243;][\/et_pb_section][et_pb_section bb_built=&#8221;1&#8243; fullwidth=&#8221;on&#8221; specialty=&#8221;off&#8221; _builder_version=&#8221;3.13.1&#8243; background_color=&#8221;#288915&#8243; custom_padding=&#8221;2px|||&#8221; module_id=&#8221;stroke-mobile&#8221; disabled=&#8221;off&#8221; disabled_on=&#8221;off|off|on&#8221; global_module=&#8221;1616&#8243; prev_background_color=&#8221;#000000&#8243; next_background_color=&#8221;#45525a&#8221;][\/et_pb_section][et_pb_section bb_built=&#8221;1&#8243; admin_label=&#8221;section&#8221; parallax_method=&#8221;off&#8221; prev_background_color=&#8221;#288915&#8243; _builder_version=&#8221;3.13.1&#8243; background_color=&#8221;#45525a&#8221; custom_padding=&#8221;50px||450px|&#8221; custom_padding_phone=&#8221;50px||0px|&#8221; custom_padding_last_edited=&#8221;on|phone&#8221;][et_pb_row][et_pb_column type=&#8221;1_4&#8243;][et_pb_button _builder_version=&#8221;3.13.1&#8243; button_text=&#8221;Para tr\u00e1s&#8221; button_url=&#8221;https:\/\/www.vonkampenconsult.com\/pt-pt\/&#8221; button_alignment=&#8221;left&#8221; background_layout=&#8221;dark&#8221; \/][\/et_pb_column][et_pb_column type=&#8221;1_4&#8243;][\/et_pb_column][et_pb_column type=&#8221;1_4&#8243;][\/et_pb_column][et_pb_column type=&#8221;1_4&#8243;][\/et_pb_column][\/et_pb_row][et_pb_row admin_label=&#8221;row&#8221; background_position=&#8221;top_left&#8221; background_repeat=&#8221;repeat&#8221; background_size=&#8221;initial&#8221;][et_pb_column type=&#8221;4_4&#8243;][et_pb_text background_layout=&#8221;dark&#8221; text_orientation=&#8221;left&#8221; text_font_size=&#8221;50&#8243; use_border_color=&#8221;off&#8221; border_color=&#8221;#ffffff&#8221; border_style=&#8221;solid&#8221; custom_padding=&#8221;||50px|&#8221; text_font_size_phone=&#8221;35&#8243; text_font_size_last_edited=&#8221;on|phone&#8221; background_position=&#8221;top_left&#8221; background_repeat=&#8221;repeat&#8221; background_size=&#8221;initial&#8221;]<\/p>\n<p><strong>Planejamento de ensaios<\/strong><\/p>\n<p>[\/et_pb_text][et_pb_text background_layout=&#8221;dark&#8221; text_orientation=&#8221;left&#8221; text_font_size=&#8221;18&#8243; use_border_color=&#8221;off&#8221; border_color=&#8221;#ffffff&#8221; border_style=&#8221;solid&#8221; custom_padding=&#8221;||10px|&#8221; background_position=&#8221;top_left&#8221; background_repeat=&#8221;repeat&#8221; background_size=&#8221;initial&#8221;]<\/p>\n<p class=\"moto-text_normal\"><strong>Consultoria e administra\u00e7\u00e3o do seu plano de amostragem<\/strong><\/p>\n<p class=\"moto-text_normal\"><strong>Cria\u00e7\u00e3o de seu planejamento de ensaio com capacidade de edi\u00e7\u00e3o manual<\/strong><br \/>\nCrie planos de amostragem com base na avalia\u00e7\u00e3o de riscos \u2013 como exigido, por exemplo, pelo GMP+Internacional de seus recetores padr\u00e3o. Isto \u00e9 feito em nosso c\u00e1lculo automatizado integrado exclusivo. No entanto, os planos de amostra podem tamb\u00e9m ser facilmente ajustado manualmente. Tenha acesso a uma extensa base de dados de par\u00e2metro ou insira seus pr\u00f3prios par\u00e2metros desejados no gr\u00e1fico de exemplo.<\/p>\n<p class=\"moto-text_normal\"><strong>Processamento por um laborat\u00f3rio externo<\/strong><br \/>\nUm laborat\u00f3rio externo voc\u00ea pode desbloquear o plano para processamento. Os resultados com certificado de an\u00e1lise \u00e9 ent\u00e3o enviada para o laborat\u00f3rio. Um sistema de mensagem autom\u00e1tica ir\u00e1 notific\u00e1-lo via SMS e\/ou e-mail se houver novos resultados da an\u00e1lise.<\/p>\n<p class=\"moto-text_normal\"><strong>Gest\u00e3o inteligente de amostras<\/strong><br \/>\nA amostragem pode ser agendada e lembretes de eventos podem ser programadas via SMS ou e-mail. Al\u00e9m disso, o plano de amostragem \u00e9 criado apenas uma vez e aprovado para o ano seguinte facilmente com um clique. Se necess\u00e1rio, em seguida, podem ser feitos ajustes precisos.<\/p>\n<p>[\/et_pb_text][\/et_pb_column][\/et_pb_row][\/et_pb_section]<\/p>\n","protected":false},"excerpt":{"rendered":"<p><div class=\"et_pb_row et_pb_row_0 et_pb_row_empty\">\n\t\t\t\t\n\t\t\t\t\n\t\t\t\t\n\t\t\t\t\n\t\t\t\t\n\t\t\t<\/div> Planejamento de ensaios Consultoria e administra\u00e7\u00e3o do seu plano de amostragem Cria\u00e7\u00e3o de seu planejamento de ensaio com capacidade de edi\u00e7\u00e3o manual Crie planos de amostragem com base na avalia\u00e7\u00e3o de riscos \u2013 como exigido, por exemplo, pelo GMP+Internacional de seus recetores padr\u00e3o. Isto \u00e9 feito em nosso c\u00e1lculo automatizado integrado exclusivo. No entanto, [&hellip;]<\/p>\n","protected":false},"author":1,"featured_media":0,"parent":0,"menu_order":0,"comment_status":"closed","ping_status":"closed","template":"","meta":{"_et_pb_use_builder":"on","_et_pb_old_content":"","_et_gb_content_width":"","footnotes":""},"class_list":["post-629","page","type-page","status-publish","hentry"],"yoast_head":"<!-- This site is optimized with the Yoast SEO plugin v25.8 - https:\/\/yoast.com\/wordpress\/plugins\/seo\/ -->\n<title>Planejamento de ensaios - Qualit\u00e4tsmanagement, Nachhaltigkeit<\/title>\n<meta name=\"robots\" content=\"index, follow, max-snippet:-1, max-image-preview:large, max-video-preview:-1\" \/>\n<link rel=\"canonical\" href=\"https:\/\/www.vonkampenconsult.com\/pt-pt\/planejamento-de-ensaios\/\" \/>\n<meta property=\"og:locale\" content=\"pt_PT\" \/>\n<meta property=\"og:type\" content=\"article\" \/>\n<meta property=\"og:title\" content=\"Planejamento de ensaios - Qualit\u00e4tsmanagement, Nachhaltigkeit\" \/>\n<meta property=\"og:description\" content=\"Planejamento de ensaios Consultoria e administra\u00e7\u00e3o do seu plano de amostragem Cria\u00e7\u00e3o de seu planejamento de ensaio com capacidade de edi\u00e7\u00e3o manual Crie planos de amostragem com base na avalia\u00e7\u00e3o de riscos \u2013 como exigido, por exemplo, pelo GMP+Internacional de seus recetores padr\u00e3o. Isto \u00e9 feito em nosso c\u00e1lculo automatizado integrado exclusivo. No entanto, [&hellip;]\" \/>\n<meta property=\"og:url\" content=\"https:\/\/www.vonkampenconsult.com\/pt-pt\/planejamento-de-ensaios\/\" \/>\n<meta property=\"og:site_name\" content=\"Qualit\u00e4tsmanagement, Nachhaltigkeit\" \/>\n<meta property=\"article:modified_time\" content=\"2019-03-15T22:35:36+00:00\" \/>\n<meta name=\"twitter:card\" content=\"summary_large_image\" \/>\n<meta name=\"twitter:label1\" content=\"Tempo estimado de leitura\" \/>\n\t<meta name=\"twitter:data1\" content=\"2 minutos\" \/>\n<script type=\"application\/ld+json\" class=\"yoast-schema-graph\">{\"@context\":\"https:\/\/schema.org\",\"@graph\":[{\"@type\":\"WebPage\",\"@id\":\"https:\/\/www.vonkampenconsult.com\/pt-pt\/planejamento-de-ensaios\/\",\"url\":\"https:\/\/www.vonkampenconsult.com\/pt-pt\/planejamento-de-ensaios\/\",\"name\":\"Planejamento de ensaios - Qualit\u00e4tsmanagement, Nachhaltigkeit\",\"isPartOf\":{\"@id\":\"https:\/\/www.vonkampenconsult.com\/#website\"},\"datePublished\":\"2017-01-24T09:10:34+00:00\",\"dateModified\":\"2019-03-15T22:35:36+00:00\",\"breadcrumb\":{\"@id\":\"https:\/\/www.vonkampenconsult.com\/pt-pt\/planejamento-de-ensaios\/#breadcrumb\"},\"inLanguage\":\"pt-PT\",\"potentialAction\":[{\"@type\":\"ReadAction\",\"target\":[\"https:\/\/www.vonkampenconsult.com\/pt-pt\/planejamento-de-ensaios\/\"]}]},{\"@type\":\"BreadcrumbList\",\"@id\":\"https:\/\/www.vonkampenconsult.com\/pt-pt\/planejamento-de-ensaios\/#breadcrumb\",\"itemListElement\":[{\"@type\":\"ListItem\",\"position\":1,\"name\":\"Home\",\"item\":\"https:\/\/www.vonkampenconsult.com\/pt-pt\/\"},{\"@type\":\"ListItem\",\"position\":2,\"name\":\"Planejamento de ensaios\"}]},{\"@type\":\"WebSite\",\"@id\":\"https:\/\/www.vonkampenconsult.com\/#website\",\"url\":\"https:\/\/www.vonkampenconsult.com\/\",\"name\":\"Qualit\u00e4tsmanagement, Nachhaltigkeit\",\"description\":\"vonKampenConsult\",\"potentialAction\":[{\"@type\":\"SearchAction\",\"target\":{\"@type\":\"EntryPoint\",\"urlTemplate\":\"https:\/\/www.vonkampenconsult.com\/?s={search_term_string}\"},\"query-input\":{\"@type\":\"PropertyValueSpecification\",\"valueRequired\":true,\"valueName\":\"search_term_string\"}}],\"inLanguage\":\"pt-PT\"}]}<\/script>\n<!-- \/ Yoast SEO plugin. -->","yoast_head_json":{"title":"Planejamento de ensaios - Qualit\u00e4tsmanagement, Nachhaltigkeit","robots":{"index":"index","follow":"follow","max-snippet":"max-snippet:-1","max-image-preview":"max-image-preview:large","max-video-preview":"max-video-preview:-1"},"canonical":"https:\/\/www.vonkampenconsult.com\/pt-pt\/planejamento-de-ensaios\/","og_locale":"pt_PT","og_type":"article","og_title":"Planejamento de ensaios - Qualit\u00e4tsmanagement, Nachhaltigkeit","og_description":"Planejamento de ensaios Consultoria e administra\u00e7\u00e3o do seu plano de amostragem Cria\u00e7\u00e3o de seu planejamento de ensaio com capacidade de edi\u00e7\u00e3o manual Crie planos de amostragem com base na avalia\u00e7\u00e3o de riscos \u2013 como exigido, por exemplo, pelo GMP+Internacional de seus recetores padr\u00e3o. Isto \u00e9 feito em nosso c\u00e1lculo automatizado integrado exclusivo. No entanto, [&hellip;]","og_url":"https:\/\/www.vonkampenconsult.com\/pt-pt\/planejamento-de-ensaios\/","og_site_name":"Qualit\u00e4tsmanagement, Nachhaltigkeit","article_modified_time":"2019-03-15T22:35:36+00:00","twitter_card":"summary_large_image","twitter_misc":{"Tempo estimado de leitura":"2 minutos"},"schema":{"@context":"https:\/\/schema.org","@graph":[{"@type":"WebPage","@id":"https:\/\/www.vonkampenconsult.com\/pt-pt\/planejamento-de-ensaios\/","url":"https:\/\/www.vonkampenconsult.com\/pt-pt\/planejamento-de-ensaios\/","name":"Planejamento de ensaios - Qualit\u00e4tsmanagement, Nachhaltigkeit","isPartOf":{"@id":"https:\/\/www.vonkampenconsult.com\/#website"},"datePublished":"2017-01-24T09:10:34+00:00","dateModified":"2019-03-15T22:35:36+00:00","breadcrumb":{"@id":"https:\/\/www.vonkampenconsult.com\/pt-pt\/planejamento-de-ensaios\/#breadcrumb"},"inLanguage":"pt-PT","potentialAction":[{"@type":"ReadAction","target":["https:\/\/www.vonkampenconsult.com\/pt-pt\/planejamento-de-ensaios\/"]}]},{"@type":"BreadcrumbList","@id":"https:\/\/www.vonkampenconsult.com\/pt-pt\/planejamento-de-ensaios\/#breadcrumb","itemListElement":[{"@type":"ListItem","position":1,"name":"Home","item":"https:\/\/www.vonkampenconsult.com\/pt-pt\/"},{"@type":"ListItem","position":2,"name":"Planejamento de ensaios"}]},{"@type":"WebSite","@id":"https:\/\/www.vonkampenconsult.com\/#website","url":"https:\/\/www.vonkampenconsult.com\/","name":"Qualit\u00e4tsmanagement, Nachhaltigkeit","description":"vonKampenConsult","potentialAction":[{"@type":"SearchAction","target":{"@type":"EntryPoint","urlTemplate":"https:\/\/www.vonkampenconsult.com\/?s={search_term_string}"},"query-input":{"@type":"PropertyValueSpecification","valueRequired":true,"valueName":"search_term_string"}}],"inLanguage":"pt-PT"}]}},"_links":{"self":[{"href":"https:\/\/www.vonkampenconsult.com\/pt-pt\/wp-json\/wp\/v2\/pages\/629","targetHints":{"allow":["GET"]}}],"collection":[{"href":"https:\/\/www.vonkampenconsult.com\/pt-pt\/wp-json\/wp\/v2\/pages"}],"about":[{"href":"https:\/\/www.vonkampenconsult.com\/pt-pt\/wp-json\/wp\/v2\/types\/page"}],"author":[{"embeddable":true,"href":"https:\/\/www.vonkampenconsult.com\/pt-pt\/wp-json\/wp\/v2\/users\/1"}],"replies":[{"embeddable":true,"href":"https:\/\/www.vonkampenconsult.com\/pt-pt\/wp-json\/wp\/v2\/comments?post=629"}],"version-history":[{"count":8,"href":"https:\/\/www.vonkampenconsult.com\/pt-pt\/wp-json\/wp\/v2\/pages\/629\/revisions"}],"predecessor-version":[{"id":1641,"href":"https:\/\/www.vonkampenconsult.com\/pt-pt\/wp-json\/wp\/v2\/pages\/629\/revisions\/1641"}],"wp:attachment":[{"href":"https:\/\/www.vonkampenconsult.com\/pt-pt\/wp-json\/wp\/v2\/media?parent=629"}],"curies":[{"name":"wp","href":"https:\/\/api.w.org\/{rel}","templated":true}]}}