{"id":632,"date":"2017-01-24T10:10:04","date_gmt":"2017-01-24T09:10:04","guid":{"rendered":"https:\/\/www.vonkampenconsult.com\/risikomanagement\/"},"modified":"2019-03-16T01:06:49","modified_gmt":"2019-03-16T00:06:49","slug":"gestao-de-riscos","status":"publish","type":"page","link":"https:\/\/www.vonkampenconsult.com\/pt-pt\/gestao-de-riscos\/","title":{"rendered":"Gest\u00e3o de riscos"},"content":{"rendered":"<p>[et_pb_section bb_built=&#8221;1&#8243; fullwidth=&#8221;on&#8221; specialty=&#8221;off&#8221; next_background_color=&#8221;#000000&#8243; _builder_version=&#8221;3.13.1&#8243; background_color=&#8221;#288915&#8243; custom_padding=&#8221;2px||0px|&#8221; module_id=&#8221;sticky&#8221; disabled=&#8221;off&#8221; disabled_on=&#8221;on|on|&#8221; global_module=&#8221;1617&#8243;][\/et_pb_section][et_pb_section bb_built=&#8221;1&#8243; fullwidth=&#8221;on&#8221; specialty=&#8221;off&#8221; _builder_version=&#8221;3.13.1&#8243; background_color=&#8221;#288915&#8243; custom_padding=&#8221;2px|||&#8221; module_id=&#8221;stroke-mobile&#8221; disabled=&#8221;off&#8221; disabled_on=&#8221;off|off|on&#8221; next_background_color=&#8221;#45525a&#8221; prev_background_color=&#8221;#000000&#8243; global_module=&#8221;1616&#8243;][\/et_pb_section][et_pb_section bb_built=&#8221;1&#8243; admin_label=&#8221;section&#8221; parallax_method=&#8221;off&#8221; prev_background_color=&#8221;#288915&#8243; _builder_version=&#8221;3.13.1&#8243; background_color=&#8221;#45525a&#8221; custom_padding=&#8221;50px||450px|&#8221; custom_padding_phone=&#8221;50px||0px|&#8221; custom_padding_last_edited=&#8221;on|phone&#8221;][et_pb_row][et_pb_column type=&#8221;1_4&#8243;][et_pb_button _builder_version=&#8221;3.13.1&#8243; button_text=&#8221;Para tr\u00e1s&#8221; button_url=&#8221;https:\/\/www.vonkampenconsult.com\/pt-pt\/&#8221; button_alignment=&#8221;left&#8221; background_layout=&#8221;dark&#8221; \/][\/et_pb_column][et_pb_column type=&#8221;1_4&#8243;][\/et_pb_column][et_pb_column type=&#8221;1_4&#8243;][\/et_pb_column][et_pb_column type=&#8221;1_4&#8243;][\/et_pb_column][\/et_pb_row][et_pb_row admin_label=&#8221;row&#8221; background_position=&#8221;top_left&#8221; background_repeat=&#8221;repeat&#8221; background_size=&#8221;initial&#8221;][et_pb_column type=&#8221;4_4&#8243;][et_pb_text background_layout=&#8221;dark&#8221; text_orientation=&#8221;left&#8221; text_font_size=&#8221;50&#8243; use_border_color=&#8221;off&#8221; border_color=&#8221;#ffffff&#8221; border_style=&#8221;solid&#8221; custom_padding=&#8221;||50px|&#8221; text_font_size_phone=&#8221;35&#8243; text_font_size_last_edited=&#8221;on|phone&#8221; background_position=&#8221;top_left&#8221; background_repeat=&#8221;repeat&#8221; background_size=&#8221;initial&#8221;]<\/p>\n<p><strong>Gest\u00e3o de riscos<\/strong><\/p>\n<p>[\/et_pb_text][et_pb_text background_layout=&#8221;dark&#8221; text_orientation=&#8221;left&#8221; text_font_size=&#8221;18&#8243; use_border_color=&#8221;off&#8221; border_color=&#8221;#ffffff&#8221; border_style=&#8221;solid&#8221; custom_padding=&#8221;||10px|&#8221; background_position=&#8221;top_left&#8221; background_repeat=&#8221;repeat&#8221; background_size=&#8221;initial&#8221;]<\/p>\n<p class=\"moto-text_normal\"><strong>Evitar riscos: desde o in\u00edcio<\/strong><br \/>\nEm tempos de globaliza\u00e7\u00e3o, \u00e9 \u00f3bvio referir-se a produtos de todo o mundo ou criados em filiais estrangeiras. O mais tardar neste momento \u00e9 cada vez mais importante respeitar os riscos resultantes. Um papel importante tamb\u00e9m \u00e9 desempenhado pela transfer\u00eancia de risco para a compra ou seguradora. A identifica\u00e7\u00e3o, an\u00e1lise e avalia\u00e7\u00e3o abrangentes dos riscos (e oportunidades) existentes e uma gest\u00e3o de riscos com base nela \u00e9 um pr\u00e9-requisito para o sucesso empresarial sustent\u00e1vel. As normas ISO 9001 e 14001 ou o padr\u00e3o da industria GMP+International apreende este conhecimento e promove as an\u00e1lises de risco e an\u00e1lise de oportunidades. Padr\u00f5es da ind\u00fastria como o GMP+International oferecem exemplos de fatores de risco para v\u00e1rios pa\u00edses de origem.<\/p>\n<p class=\"moto-text_normal\"><strong>Banco de dados de risco<\/strong><br \/>\nvonKampenConsult possui um banco de dados central e detalhado de riscos. Esta continua a ser desenvolvido e ampliada por peritos qualificados e externos e profissionais cuidadosamente selecionados dos departamentos de garantia de qualidade, seguran\u00e7a e prote\u00e7\u00e3o ambiental para os nossos clientes. Inova\u00e7\u00f5es, seja no padr\u00e3o como o GMP+International, ISO 9001:2015 ou na legisla\u00e7\u00e3o, recebe automaticamente a partir do banco de dados de risco ou do GreeBox.<\/p>\n<p>[\/et_pb_text][\/et_pb_column][\/et_pb_row][\/et_pb_section]<\/p>\n","protected":false},"excerpt":{"rendered":"<p><div class=\"et_pb_row et_pb_row_0 et_pb_row_empty\">\n\t\t\t\t\n\t\t\t\t\n\t\t\t\t\n\t\t\t\t\n\t\t\t\t\n\t\t\t<\/div> Gest\u00e3o de riscos Evitar riscos: desde o in\u00edcio Em tempos de globaliza\u00e7\u00e3o, \u00e9 \u00f3bvio referir-se a produtos de todo o mundo ou criados em filiais estrangeiras. O mais tardar neste momento \u00e9 cada vez mais importante respeitar os riscos resultantes. Um papel importante tamb\u00e9m \u00e9 desempenhado pela transfer\u00eancia de risco para a compra ou [&hellip;]<\/p>\n","protected":false},"author":1,"featured_media":0,"parent":0,"menu_order":0,"comment_status":"closed","ping_status":"closed","template":"","meta":{"_et_pb_use_builder":"on","_et_pb_old_content":"","_et_gb_content_width":"","footnotes":""},"class_list":["post-632","page","type-page","status-publish","hentry"],"yoast_head":"<!-- This site is optimized with the Yoast SEO plugin v25.8 - https:\/\/yoast.com\/wordpress\/plugins\/seo\/ -->\n<title>Gest\u00e3o de riscos - Qualit\u00e4tsmanagement, Nachhaltigkeit<\/title>\n<meta name=\"robots\" content=\"index, follow, max-snippet:-1, max-image-preview:large, max-video-preview:-1\" \/>\n<link rel=\"canonical\" href=\"https:\/\/www.vonkampenconsult.com\/pt-pt\/gestao-de-riscos\/\" \/>\n<meta property=\"og:locale\" content=\"pt_PT\" \/>\n<meta property=\"og:type\" content=\"article\" \/>\n<meta property=\"og:title\" content=\"Gest\u00e3o de riscos - Qualit\u00e4tsmanagement, Nachhaltigkeit\" \/>\n<meta property=\"og:description\" content=\"Gest\u00e3o de riscos Evitar riscos: desde o in\u00edcio Em tempos de globaliza\u00e7\u00e3o, \u00e9 \u00f3bvio referir-se a produtos de todo o mundo ou criados em filiais estrangeiras. O mais tardar neste momento \u00e9 cada vez mais importante respeitar os riscos resultantes. Um papel importante tamb\u00e9m \u00e9 desempenhado pela transfer\u00eancia de risco para a compra ou [&hellip;]\" \/>\n<meta property=\"og:url\" content=\"https:\/\/www.vonkampenconsult.com\/pt-pt\/gestao-de-riscos\/\" \/>\n<meta property=\"og:site_name\" content=\"Qualit\u00e4tsmanagement, Nachhaltigkeit\" \/>\n<meta property=\"article:modified_time\" content=\"2019-03-16T00:06:49+00:00\" \/>\n<meta name=\"twitter:card\" content=\"summary_large_image\" \/>\n<meta name=\"twitter:label1\" content=\"Tempo estimado de leitura\" \/>\n\t<meta name=\"twitter:data1\" content=\"2 minutos\" \/>\n<script type=\"application\/ld+json\" class=\"yoast-schema-graph\">{\"@context\":\"https:\/\/schema.org\",\"@graph\":[{\"@type\":\"WebPage\",\"@id\":\"https:\/\/www.vonkampenconsult.com\/pt-pt\/gestao-de-riscos\/\",\"url\":\"https:\/\/www.vonkampenconsult.com\/pt-pt\/gestao-de-riscos\/\",\"name\":\"Gest\u00e3o de riscos - Qualit\u00e4tsmanagement, Nachhaltigkeit\",\"isPartOf\":{\"@id\":\"https:\/\/www.vonkampenconsult.com\/#website\"},\"datePublished\":\"2017-01-24T09:10:04+00:00\",\"dateModified\":\"2019-03-16T00:06:49+00:00\",\"breadcrumb\":{\"@id\":\"https:\/\/www.vonkampenconsult.com\/pt-pt\/gestao-de-riscos\/#breadcrumb\"},\"inLanguage\":\"pt-PT\",\"potentialAction\":[{\"@type\":\"ReadAction\",\"target\":[\"https:\/\/www.vonkampenconsult.com\/pt-pt\/gestao-de-riscos\/\"]}]},{\"@type\":\"BreadcrumbList\",\"@id\":\"https:\/\/www.vonkampenconsult.com\/pt-pt\/gestao-de-riscos\/#breadcrumb\",\"itemListElement\":[{\"@type\":\"ListItem\",\"position\":1,\"name\":\"Home\",\"item\":\"https:\/\/www.vonkampenconsult.com\/pt-pt\/\"},{\"@type\":\"ListItem\",\"position\":2,\"name\":\"Gest\u00e3o de riscos\"}]},{\"@type\":\"WebSite\",\"@id\":\"https:\/\/www.vonkampenconsult.com\/#website\",\"url\":\"https:\/\/www.vonkampenconsult.com\/\",\"name\":\"Qualit\u00e4tsmanagement, Nachhaltigkeit\",\"description\":\"vonKampenConsult\",\"potentialAction\":[{\"@type\":\"SearchAction\",\"target\":{\"@type\":\"EntryPoint\",\"urlTemplate\":\"https:\/\/www.vonkampenconsult.com\/?s={search_term_string}\"},\"query-input\":{\"@type\":\"PropertyValueSpecification\",\"valueRequired\":true,\"valueName\":\"search_term_string\"}}],\"inLanguage\":\"pt-PT\"}]}<\/script>\n<!-- \/ Yoast SEO plugin. -->","yoast_head_json":{"title":"Gest\u00e3o de riscos - Qualit\u00e4tsmanagement, Nachhaltigkeit","robots":{"index":"index","follow":"follow","max-snippet":"max-snippet:-1","max-image-preview":"max-image-preview:large","max-video-preview":"max-video-preview:-1"},"canonical":"https:\/\/www.vonkampenconsult.com\/pt-pt\/gestao-de-riscos\/","og_locale":"pt_PT","og_type":"article","og_title":"Gest\u00e3o de riscos - Qualit\u00e4tsmanagement, Nachhaltigkeit","og_description":"Gest\u00e3o de riscos Evitar riscos: desde o in\u00edcio Em tempos de globaliza\u00e7\u00e3o, \u00e9 \u00f3bvio referir-se a produtos de todo o mundo ou criados em filiais estrangeiras. O mais tardar neste momento \u00e9 cada vez mais importante respeitar os riscos resultantes. Um papel importante tamb\u00e9m \u00e9 desempenhado pela transfer\u00eancia de risco para a compra ou [&hellip;]","og_url":"https:\/\/www.vonkampenconsult.com\/pt-pt\/gestao-de-riscos\/","og_site_name":"Qualit\u00e4tsmanagement, Nachhaltigkeit","article_modified_time":"2019-03-16T00:06:49+00:00","twitter_card":"summary_large_image","twitter_misc":{"Tempo estimado de leitura":"2 minutos"},"schema":{"@context":"https:\/\/schema.org","@graph":[{"@type":"WebPage","@id":"https:\/\/www.vonkampenconsult.com\/pt-pt\/gestao-de-riscos\/","url":"https:\/\/www.vonkampenconsult.com\/pt-pt\/gestao-de-riscos\/","name":"Gest\u00e3o de riscos - Qualit\u00e4tsmanagement, Nachhaltigkeit","isPartOf":{"@id":"https:\/\/www.vonkampenconsult.com\/#website"},"datePublished":"2017-01-24T09:10:04+00:00","dateModified":"2019-03-16T00:06:49+00:00","breadcrumb":{"@id":"https:\/\/www.vonkampenconsult.com\/pt-pt\/gestao-de-riscos\/#breadcrumb"},"inLanguage":"pt-PT","potentialAction":[{"@type":"ReadAction","target":["https:\/\/www.vonkampenconsult.com\/pt-pt\/gestao-de-riscos\/"]}]},{"@type":"BreadcrumbList","@id":"https:\/\/www.vonkampenconsult.com\/pt-pt\/gestao-de-riscos\/#breadcrumb","itemListElement":[{"@type":"ListItem","position":1,"name":"Home","item":"https:\/\/www.vonkampenconsult.com\/pt-pt\/"},{"@type":"ListItem","position":2,"name":"Gest\u00e3o de riscos"}]},{"@type":"WebSite","@id":"https:\/\/www.vonkampenconsult.com\/#website","url":"https:\/\/www.vonkampenconsult.com\/","name":"Qualit\u00e4tsmanagement, Nachhaltigkeit","description":"vonKampenConsult","potentialAction":[{"@type":"SearchAction","target":{"@type":"EntryPoint","urlTemplate":"https:\/\/www.vonkampenconsult.com\/?s={search_term_string}"},"query-input":{"@type":"PropertyValueSpecification","valueRequired":true,"valueName":"search_term_string"}}],"inLanguage":"pt-PT"}]}},"_links":{"self":[{"href":"https:\/\/www.vonkampenconsult.com\/pt-pt\/wp-json\/wp\/v2\/pages\/632","targetHints":{"allow":["GET"]}}],"collection":[{"href":"https:\/\/www.vonkampenconsult.com\/pt-pt\/wp-json\/wp\/v2\/pages"}],"about":[{"href":"https:\/\/www.vonkampenconsult.com\/pt-pt\/wp-json\/wp\/v2\/types\/page"}],"author":[{"embeddable":true,"href":"https:\/\/www.vonkampenconsult.com\/pt-pt\/wp-json\/wp\/v2\/users\/1"}],"replies":[{"embeddable":true,"href":"https:\/\/www.vonkampenconsult.com\/pt-pt\/wp-json\/wp\/v2\/comments?post=632"}],"version-history":[{"count":5,"href":"https:\/\/www.vonkampenconsult.com\/pt-pt\/wp-json\/wp\/v2\/pages\/632\/revisions"}],"predecessor-version":[{"id":1878,"href":"https:\/\/www.vonkampenconsult.com\/pt-pt\/wp-json\/wp\/v2\/pages\/632\/revisions\/1878"}],"wp:attachment":[{"href":"https:\/\/www.vonkampenconsult.com\/pt-pt\/wp-json\/wp\/v2\/media?parent=632"}],"curies":[{"name":"wp","href":"https:\/\/api.w.org\/{rel}","templated":true}]}}